{"id":3356,"date":"2023-08-21T08:49:26","date_gmt":"2023-08-21T08:49:26","guid":{"rendered":"https:\/\/www.ilkaytrade.com.tr\/tr\/?post_type=product&#038;p=3356"},"modified":"2025-07-31T21:40:46","modified_gmt":"2025-07-31T21:40:46","slug":"tikkurila-boya-joker","status":"publish","type":"product","link":"https:\/\/www.ilkaytrade.com.tr\/tr\/urun\/tikkurila-boya-joker\/","title":{"rendered":"Joker"},"content":{"rendered":"","protected":false},"excerpt":{"rendered":"<p>Nem ve temizlemeye dayan\u0131kl\u0131, kadife mat g\u00f6r\u00fcn\u00fcml\u00fc, solventsiz, \u00e7evre dostu i\u00e7 mekan duvar boyas\u0131<\/p>\n<ul>\n<li>T\u00fcm i\u00e7 mekan duvar ve tavan y\u00fczeyleri i\u00e7in uygundur<\/li>\n<li>\u00d6zellikle \u00e7o\u00e7uk odas\u0131, mutfak, salon ve koridor gibi alanlarda rahatl\u0131kla uygulanabilinir<\/li>\n<li>\u0130\u00e7 mekan i\u00e7in s\u0131va, beton, tu\u011fla, al\u00e7\u0131pan, fibro beton panel, mdf ve suntalam y\u00fczeyler i\u00e7in uygundur.<\/li>\n<li>Ah\u015fap kap\u0131, do\u011framalarve mobilya i\u00e7in uygun de\u011fildir<\/li>\n<\/ul>\n<p>Detayl\u0131 bilgi i\u00e7in;<\/p>\n<p><a href=\"http:\/\/www.ilkaytrade.com.tr\/tr\/wp-content\/uploads\/2023\/08\/Tikkurila-JOKER-TR.pdf\">Tikkurila Boya &#8211; Joker<\/a><\/p>\n","protected":false},"featured_media":3358,"template":"","meta":{"_acf_changed":false},"product_cat":[62],"product_tag":[],"class_list":["post-3356","product","type-product","status-publish","has-post-thumbnail","hentry","product_cat-tikkurila-boya"],"acf":[],"_links":{"self":[{"href":"https:\/\/www.ilkaytrade.com.tr\/tr\/wp-json\/wp\/v2\/product\/3356","targetHints":{"allow":["GET"]}}],"collection":[{"href":"https:\/\/www.ilkaytrade.com.tr\/tr\/wp-json\/wp\/v2\/product"}],"about":[{"href":"https:\/\/www.ilkaytrade.com.tr\/tr\/wp-json\/wp\/v2\/types\/product"}],"wp:featuredmedia":[{"embeddable":true,"href":"https:\/\/www.ilkaytrade.com.tr\/tr\/wp-json\/wp\/v2\/media\/3358"}],"wp:attachment":[{"href":"https:\/\/www.ilkaytrade.com.tr\/tr\/wp-json\/wp\/v2\/media?parent=3356"}],"wp:term":[{"taxonomy":"product_cat","embeddable":true,"href":"https:\/\/www.ilkaytrade.com.tr\/tr\/wp-json\/wp\/v2\/product_cat?post=3356"},{"taxonomy":"product_tag","embeddable":true,"href":"https:\/\/www.ilkaytrade.com.tr\/tr\/wp-json\/wp\/v2\/product_tag?post=3356"}],"curies":[{"name":"wp","href":"https:\/\/api.w.org\/{rel}","templated":true}]}}