{"id":3353,"date":"2023-08-21T08:32:02","date_gmt":"2023-08-21T08:32:02","guid":{"rendered":"https:\/\/www.ilkaytrade.com.tr\/tr\/?post_type=product&#038;p=3353"},"modified":"2023-12-10T15:43:28","modified_gmt":"2023-12-10T15:43:28","slug":"tikkurila-boya-hydroblock-wb","status":"publish","type":"product","link":"https:\/\/www.ilkaytrade.com.tr\/tr\/urun\/tikkurila-boya-hydroblock-wb\/","title":{"rendered":"HydroBlock WB"},"content":{"rendered":"<ul>\n<li><span class=\"OYPEnA text-decoration-none text-strikethrough-none\">Mineral y\u00fczeyler i\u00e7in uygundur<\/span><\/li>\n<li><span class=\"OYPEnA text-decoration-none text-strikethrough-none\">Ya\u011fmurun k\u0131lcal damarlar halinde n\u00fcfuz etmesini ve yap\u0131ya su s\u0131\u00e7ramas\u0131n\u0131 \u00f6nleyen, su itici bir y\u00fczey olu\u015fturur<\/span><\/li>\n<li><span class=\"OYPEnA text-decoration-none text-strikethrough-none\">Yap\u0131 i\u00e7inden gelen su buhar\u0131n\u0131n ge\u00e7i\u015fine izin verir<\/span><\/li>\n<li><span class=\"OYPEnA text-decoration-none text-strikethrough-none\">Yap\u0131 y\u00fczeyine ta\u015f\u0131nan tuzlar\u0131 azalt\u0131r<\/span><\/li>\n<li><span class=\"OYPEnA text-decoration-none text-strikethrough-none\">Y\u00fczeysel bir film olu\u015fturmaz<\/span><\/li>\n<li><span class=\"OYPEnA text-decoration-none text-strikethrough-none\">Yosun olu\u015fumunu, ye\u015fil renk bozulmas\u0131n\u0131 azalt\u0131r ve don zararlar\u0131n\u0131 \u00f6nler<\/span><\/li>\n<li><span class=\"OYPEnA text-decoration-none text-strikethrough-none\">Tipik uygulama alanlar\u0131; evler, ticari binalar, end\u00fcstriyel, depo vb. cepheler, \u00e7at\u0131 kiremitleri ve kald\u0131r\u0131mlard\u0131r. Tu\u011fla, kalsiyum-silikat tu\u011fla, gaz beton, beton, br\u00fct beton, s\u0131va ve mineral cephe levhas\u0131 y\u00fczeyleri gibi \u00e7o\u011fu mineral malzeme i\u00e7in de uygundur<\/span><\/li>\n<\/ul>\n<p>Detayl\u0131 bilgi i\u00e7in;<\/p>\n<p><a href=\"http:\/\/www.ilkaytrade.com.tr\/tr\/wp-content\/uploads\/2023\/08\/Tikkurila-HydroBlock-WB.pdf\">Tikkurila Boya &#8211; HydroBlock WB<\/a><\/p>\n","protected":false},"excerpt":{"rendered":"<p>Su bazl\u0131 su itici \u00f6zellikli emprenye sol\u00fcsyonu<\/p>\n<p>Su itici beton ve ta\u015f emprenyesi<\/p>\n","protected":false},"featured_media":3354,"template":"","meta":{"_acf_changed":false},"product_cat":[62,82],"product_tag":[],"class_list":["post-3353","product","type-product","status-publish","has-post-thumbnail","hentry","product_cat-tikkurila-boya","product_cat-tikkurila-boya-dis-mekan"],"acf":[],"_links":{"self":[{"href":"https:\/\/www.ilkaytrade.com.tr\/tr\/wp-json\/wp\/v2\/product\/3353","targetHints":{"allow":["GET"]}}],"collection":[{"href":"https:\/\/www.ilkaytrade.com.tr\/tr\/wp-json\/wp\/v2\/product"}],"about":[{"href":"https:\/\/www.ilkaytrade.com.tr\/tr\/wp-json\/wp\/v2\/types\/product"}],"wp:featuredmedia":[{"embeddable":true,"href":"https:\/\/www.ilkaytrade.com.tr\/tr\/wp-json\/wp\/v2\/media\/3354"}],"wp:attachment":[{"href":"https:\/\/www.ilkaytrade.com.tr\/tr\/wp-json\/wp\/v2\/media?parent=3353"}],"wp:term":[{"taxonomy":"product_cat","embeddable":true,"href":"https:\/\/www.ilkaytrade.com.tr\/tr\/wp-json\/wp\/v2\/product_cat?post=3353"},{"taxonomy":"product_tag","embeddable":true,"href":"https:\/\/www.ilkaytrade.com.tr\/tr\/wp-json\/wp\/v2\/product_tag?post=3353"}],"curies":[{"name":"wp","href":"https:\/\/api.w.org\/{rel}","templated":true}]}}