{"id":3350,"date":"2023-08-21T08:25:49","date_gmt":"2023-08-21T08:25:49","guid":{"rendered":"https:\/\/www.ilkaytrade.com.tr\/tr\/?post_type=product&#038;p=3350"},"modified":"2023-12-10T16:34:32","modified_gmt":"2023-12-10T16:34:32","slug":"tikkurila-boya-hydroblock-sb","status":"publish","type":"product","link":"https:\/\/www.ilkaytrade.com.tr\/tr\/urun\/tikkurila-boya-hydroblock-sb\/","title":{"rendered":"Hydroblock SB"},"content":{"rendered":"<ul>\n<li><span class=\"OYPEnA text-decoration-none text-strikethrough-none\">Mineral y\u00fczeyler i\u00e7in uygundur<\/span><\/li>\n<li><span class=\"OYPEnA text-decoration-none text-strikethrough-none\">Ya\u011fmurun k\u0131lcal damarlar halinde n\u00fcfuz etmesini ve yap\u0131ya su s\u0131\u00e7ramas\u0131n\u0131 \u00f6nleyen, su itici bir y\u00fczey olu\u015fturur<\/span><\/li>\n<li><span class=\"OYPEnA text-decoration-none text-strikethrough-none\">Yap\u0131 i\u00e7inden gelen su buhar\u0131n\u0131n ge\u00e7i\u015fine izin verir<\/span><\/li>\n<li><span class=\"OYPEnA text-decoration-none text-strikethrough-none\">Yap\u0131 y\u00fczeyine ta\u015f\u0131nan tuzlar\u0131 azalt\u0131r<\/span><\/li>\n<li><span class=\"OYPEnA text-decoration-none text-strikethrough-none\">Y\u00fczeysel bir film olu\u015fturmaz<\/span><\/li>\n<li><span class=\"OYPEnA text-decoration-none text-strikethrough-none\">Yosun olu\u015fumunu, ye\u015fil renk bozulmas\u0131n\u0131 azalt\u0131r ve don zararlar\u0131n\u0131 \u00f6nler<\/span><\/li>\n<li><span class=\"OYPEnA text-decoration-none text-strikethrough-none\">Cepheler, zeminler; depolar, lifli \u00e7imento, beton ve kil \u00e7at\u0131lar, kald\u0131r\u0131m ta\u015flar\u0131 ve tu\u011fla, kum-kire\u00e7 tu\u011fla, har\u00e7, kumta\u015f\u0131, granit ve mineral s\u0131va\/s\u0131va gibi di\u011fer mineral k\u00f6kenli malzemeler i\u00e7in kullan\u0131m\u0131 uygundur<\/span><\/li>\n<\/ul>\n<p>Detayl\u0131 bilgi i\u00e7in;<\/p>\n<p><a href=\"http:\/\/www.ilkaytrade.com.tr\/tr\/wp-content\/uploads\/2023\/08\/Tikkurila-HydroBlock-SB-TR.pdf\">Tikkurila Boya &#8211; HydroBlock SB <\/a><\/p>\n","protected":false},"excerpt":{"rendered":"<p>Solvent bazl\u0131 su itici \u00f6zellikli emprenye sol\u00fcsyonu<\/p>\n<p>Su \u0130tici Beton ve Ta\u015f Emprenyesi<\/p>\n","protected":false},"featured_media":3351,"template":"","meta":{"_acf_changed":false},"product_cat":[62],"product_tag":[],"class_list":["post-3350","product","type-product","status-publish","has-post-thumbnail","hentry","product_cat-tikkurila-boya"],"acf":[],"_links":{"self":[{"href":"https:\/\/www.ilkaytrade.com.tr\/tr\/wp-json\/wp\/v2\/product\/3350","targetHints":{"allow":["GET"]}}],"collection":[{"href":"https:\/\/www.ilkaytrade.com.tr\/tr\/wp-json\/wp\/v2\/product"}],"about":[{"href":"https:\/\/www.ilkaytrade.com.tr\/tr\/wp-json\/wp\/v2\/types\/product"}],"wp:featuredmedia":[{"embeddable":true,"href":"https:\/\/www.ilkaytrade.com.tr\/tr\/wp-json\/wp\/v2\/media\/3351"}],"wp:attachment":[{"href":"https:\/\/www.ilkaytrade.com.tr\/tr\/wp-json\/wp\/v2\/media?parent=3350"}],"wp:term":[{"taxonomy":"product_cat","embeddable":true,"href":"https:\/\/www.ilkaytrade.com.tr\/tr\/wp-json\/wp\/v2\/product_cat?post=3350"},{"taxonomy":"product_tag","embeddable":true,"href":"https:\/\/www.ilkaytrade.com.tr\/tr\/wp-json\/wp\/v2\/product_tag?post=3350"}],"curies":[{"name":"wp","href":"https:\/\/api.w.org\/{rel}","templated":true}]}}