{"id":3348,"date":"2023-08-21T08:18:39","date_gmt":"2023-08-21T08:18:39","guid":{"rendered":"https:\/\/www.ilkaytrade.com.tr\/tr\/?post_type=product&#038;p=3348"},"modified":"2023-12-10T16:35:10","modified_gmt":"2023-12-10T16:35:10","slug":"tikkurila-boya-pinjasol-color","status":"publish","type":"product","link":"https:\/\/www.ilkaytrade.com.tr\/tr\/urun\/tikkurila-boya-pinjasol-color\/","title":{"rendered":"Pinjasol Color"},"content":{"rendered":"<ul>\n<li>Ah\u015faba \u00e7ok iyi n\u00fcfuz eder<\/li>\n<li>Y\u00fczeyi nem, g\u00fcne\u015f \u0131\u015f\u0131\u011f\u0131 ve kire kar\u015f\u0131 koruyarak ah\u015fab\u0131n \u00e7atlamas\u0131n\u0131 azalt\u0131r<\/li>\n<li>Me\u015fe, di\u015fbudak ve kay\u0131n gibi sert a\u011fa\u00e7 t\u00fcrleri i\u00e7in uygundur<\/li>\n<li>\u00dcr\u00fcn yumu\u015fak ah\u015fapta kullan\u0131labilir<\/li>\n<li>Y\u00fczeyi d\u0131\u015f mekan maruziyetinden koruyan iyi yap\u0131\u015f\u0131r<\/li>\n<li>\u00dcr\u00fcn ah\u015faba iyi n\u00fcfuz ederek ah\u015fab\u0131n do\u011fal g\u00fczelli\u011fini vurgular<\/li>\n<li>Pencere \u00e7er\u00e7eveleri, \u00f6n kap\u0131lar, duvar panolar\u0131, k\u00fct\u00fck kabinler vb. gibi ah\u015fap y\u00fczeyler i\u00e7in uygundur.<\/li>\n<\/ul>\n<p>Detayl\u0131 bilgi i\u00e7in;<\/p>\n<p><a href=\"http:\/\/www.ilkaytrade.com.tr\/tr\/wp-content\/uploads\/2023\/08\/PinjaSol-color-Product-data-Sheet-TR.pdf\">Tikkurila Boya &#8211; PinjaSol Color<\/a><\/p>\n<p><a href=\"http:\/\/www.ilkaytrade.com.tr\/tr\/wp-content\/uploads\/2023\/08\/pinjasolcolor-min.pdf\">\u00dcr\u00fcn Bro\u015f\u00fcr\u00fcn\u00fc G\u00f6rmek \u0130\u00e7in T\u0131klay\u0131n\u0131z.<\/a><\/p>\n","protected":false},"excerpt":{"rendered":"<p>Renklendirilebilir, yar\u0131 transparan ah\u015fap renklendiricisi<\/p>\n","protected":false},"featured_media":3349,"template":"","meta":{"_acf_changed":false},"product_cat":[62,82],"product_tag":[],"class_list":["post-3348","product","type-product","status-publish","has-post-thumbnail","hentry","product_cat-tikkurila-boya","product_cat-tikkurila-boya-dis-mekan"],"acf":[],"_links":{"self":[{"href":"https:\/\/www.ilkaytrade.com.tr\/tr\/wp-json\/wp\/v2\/product\/3348","targetHints":{"allow":["GET"]}}],"collection":[{"href":"https:\/\/www.ilkaytrade.com.tr\/tr\/wp-json\/wp\/v2\/product"}],"about":[{"href":"https:\/\/www.ilkaytrade.com.tr\/tr\/wp-json\/wp\/v2\/types\/product"}],"wp:featuredmedia":[{"embeddable":true,"href":"https:\/\/www.ilkaytrade.com.tr\/tr\/wp-json\/wp\/v2\/media\/3349"}],"wp:attachment":[{"href":"https:\/\/www.ilkaytrade.com.tr\/tr\/wp-json\/wp\/v2\/media?parent=3348"}],"wp:term":[{"taxonomy":"product_cat","embeddable":true,"href":"https:\/\/www.ilkaytrade.com.tr\/tr\/wp-json\/wp\/v2\/product_cat?post=3348"},{"taxonomy":"product_tag","embeddable":true,"href":"https:\/\/www.ilkaytrade.com.tr\/tr\/wp-json\/wp\/v2\/product_tag?post=3348"}],"curies":[{"name":"wp","href":"https:\/\/api.w.org\/{rel}","templated":true}]}}