{"id":3346,"date":"2023-08-21T08:12:10","date_gmt":"2023-08-21T08:12:10","guid":{"rendered":"https:\/\/www.ilkaytrade.com.tr\/tr\/?post_type=product&#038;p=3346"},"modified":"2023-12-10T16:35:35","modified_gmt":"2023-12-10T16:35:35","slug":"tikkurila-boya-pinjalac-solid-dipp","status":"publish","type":"product","link":"https:\/\/www.ilkaytrade.com.tr\/tr\/urun\/tikkurila-boya-pinjalac-solid-dipp\/","title":{"rendered":"Pinjalac Solid Dipp"},"content":{"rendered":"<ul>\n<li>\u00a0Ah\u015fap pencere do\u011framalar\u0131, \u00f6n kap\u0131lar, panel ve bah\u00e7e mobilyalar\u0131nda kullan\u0131m\u0131 uygundur<\/li>\n<li>D\u0131\u015f mekan i\u00e7in \u00e7abuk kuruyan, esnek vernik<\/li>\n<li>\u00d6zellikle dald\u0131rma ve perdelem i\u00e7in uygundur<\/li>\n<\/ul>\n<p>Detayl\u0131 bilgi i\u00e7in;<\/p>\n<p><a href=\"http:\/\/www.ilkaytrade.com.tr\/tr\/wp-content\/uploads\/2023\/08\/Pinjalac-Solid-Dipp-data-Sheet-TR.pdf\">Tikkurila Boya &#8211; Pinjalac Solid Dipp Vernik<\/a><\/p>\n","protected":false},"excerpt":{"rendered":"<p>Su bazl\u0131 akrilik vernik<\/p>\n","protected":false},"featured_media":2699,"template":"","meta":{"_acf_changed":false},"product_cat":[62,82],"product_tag":[],"class_list":["post-3346","product","type-product","status-publish","has-post-thumbnail","hentry","product_cat-tikkurila-boya","product_cat-tikkurila-boya-dis-mekan"],"acf":[],"_links":{"self":[{"href":"https:\/\/www.ilkaytrade.com.tr\/tr\/wp-json\/wp\/v2\/product\/3346","targetHints":{"allow":["GET"]}}],"collection":[{"href":"https:\/\/www.ilkaytrade.com.tr\/tr\/wp-json\/wp\/v2\/product"}],"about":[{"href":"https:\/\/www.ilkaytrade.com.tr\/tr\/wp-json\/wp\/v2\/types\/product"}],"wp:featuredmedia":[{"embeddable":true,"href":"https:\/\/www.ilkaytrade.com.tr\/tr\/wp-json\/wp\/v2\/media\/2699"}],"wp:attachment":[{"href":"https:\/\/www.ilkaytrade.com.tr\/tr\/wp-json\/wp\/v2\/media?parent=3346"}],"wp:term":[{"taxonomy":"product_cat","embeddable":true,"href":"https:\/\/www.ilkaytrade.com.tr\/tr\/wp-json\/wp\/v2\/product_cat?post=3346"},{"taxonomy":"product_tag","embeddable":true,"href":"https:\/\/www.ilkaytrade.com.tr\/tr\/wp-json\/wp\/v2\/product_tag?post=3346"}],"curies":[{"name":"wp","href":"https:\/\/api.w.org\/{rel}","templated":true}]}}