{"id":3344,"date":"2023-08-21T07:54:38","date_gmt":"2023-08-21T07:54:38","guid":{"rendered":"https:\/\/www.ilkaytrade.com.tr\/tr\/?post_type=product&#038;p=3344"},"modified":"2023-12-10T16:35:44","modified_gmt":"2023-12-10T16:35:44","slug":"tikkurila-boya-pinja-wood-stain","status":"publish","type":"product","link":"https:\/\/www.ilkaytrade.com.tr\/tr\/urun\/tikkurila-boya-pinja-wood-stain\/","title":{"rendered":"Pinja Wood Stain"},"content":{"rendered":"<ul>\n<li>Geni\u015f renk se\u00e7ene\u011fine sahip olan, d\u00fc\u015f\u00fck film yap\u0131l\u0131 astar ve ah\u015fap renklendirici<\/li>\n<li>H\u0131zl\u0131 kuruma \u00f6zelli\u011fi sayesinde end\u00fcstriyel \u00fcretim hatlar\u0131nda kullan\u0131ma uygundur<\/li>\n<li>K\u00f6p\u00fck ve mavi leke engelleyici madde i\u00e7erir<\/li>\n<li>Ah\u015faptaki y\u00fczeysel \u00e7atlamalar\u0131 geciktirir ve daha canl\u0131 g\u00f6r\u00fcn\u00fcm sa\u011flar<\/li>\n<li>\u00c7ok ama\u00e7l\u0131 yap\u0131s\u0131 sayesinde hem astar olarak hem de ah\u015fap renklendirici olarak kullan\u0131labilir<\/li>\n<li>Ah\u015fap pencere, kap\u0131 ve panel gibi y\u00fczeyler i\u00e7in uygundur<\/li>\n<\/ul>\n<p>Detayl\u0131 bilgi i\u00e7in;<\/p>\n<p><a href=\"http:\/\/www.ilkaytrade.com.tr\/tr\/wp-content\/uploads\/2023\/08\/Pinja-Wood-Stain-Product-data-Sheet-TR.pdf\">Tikkurila Boya &#8211; Pinja Wood Stain <\/a><\/p>\n","protected":false},"excerpt":{"rendered":"<p>Su Bazl\u0131 Ah\u015fap Astar ve Renklendiricisi<\/p>\n<p>Ah\u015fap y\u00fczeyler i\u00e7in h\u0131zl\u0131 kuruyan su bazl\u0131 ah\u015fap renklendirici ve astar<\/p>\n","protected":false},"featured_media":3345,"template":"","meta":{"_acf_changed":false},"product_cat":[62,82,81],"product_tag":[],"class_list":["post-3344","product","type-product","status-publish","has-post-thumbnail","hentry","product_cat-tikkurila-boya","product_cat-tikkurila-boya-dis-mekan","product_cat-tikkurila-boya-ic-mekan"],"acf":[],"_links":{"self":[{"href":"https:\/\/www.ilkaytrade.com.tr\/tr\/wp-json\/wp\/v2\/product\/3344","targetHints":{"allow":["GET"]}}],"collection":[{"href":"https:\/\/www.ilkaytrade.com.tr\/tr\/wp-json\/wp\/v2\/product"}],"about":[{"href":"https:\/\/www.ilkaytrade.com.tr\/tr\/wp-json\/wp\/v2\/types\/product"}],"wp:featuredmedia":[{"embeddable":true,"href":"https:\/\/www.ilkaytrade.com.tr\/tr\/wp-json\/wp\/v2\/media\/3345"}],"wp:attachment":[{"href":"https:\/\/www.ilkaytrade.com.tr\/tr\/wp-json\/wp\/v2\/media?parent=3344"}],"wp:term":[{"taxonomy":"product_cat","embeddable":true,"href":"https:\/\/www.ilkaytrade.com.tr\/tr\/wp-json\/wp\/v2\/product_cat?post=3344"},{"taxonomy":"product_tag","embeddable":true,"href":"https:\/\/www.ilkaytrade.com.tr\/tr\/wp-json\/wp\/v2\/product_tag?post=3344"}],"curies":[{"name":"wp","href":"https:\/\/api.w.org\/{rel}","templated":true}]}}