{"id":3342,"date":"2023-08-21T07:47:27","date_gmt":"2023-08-21T07:47:27","guid":{"rendered":"https:\/\/www.ilkaytrade.com.tr\/tr\/?post_type=product&#038;p=3342"},"modified":"2025-07-31T21:45:11","modified_gmt":"2025-07-31T21:45:11","slug":"tikkurila-boya-pinja-w-oil","status":"publish","type":"product","link":"https:\/\/www.ilkaytrade.com.tr\/tr\/urun\/tikkurila-boya-pinja-w-oil\/","title":{"rendered":"Pinja W-Oil"},"content":{"rendered":"","protected":false},"excerpt":{"rendered":"<p data-start=\"441\" data-end=\"483\">Renklendirilebilir Su Bazl\u0131 Ah\u015fap Ya\u011f\u0131<\/p>\n<ul>\n<li>H\u0131zl\u0131 kurur<\/li>\n<li>T\u00fcm i\u00e7 ve d\u0131\u015f mekan ah\u015fap mobilya, deck, korkuluk, pencere, kap\u0131, panel ve k\u00fct\u00fck yap\u0131lar i\u00e7in uygundur<\/li>\n<li>\u00dczerinde y\u00fcksek mekanik a\u015f\u0131n\u0131m olan yerler i\u00e7in uygun de\u011fildir<\/li>\n<li>Zemini g\u00fcne\u015f \u0131\u015f\u0131\u011f\u0131, kir ve k\u00fcfe kar\u015f\u0131 korur. Suyun ah\u015fapa n\u00fcfuz etmesini engeller, k\u00fcf olu\u015fumu ve k\u0131r\u0131lmalar\u0131 azalt\u0131r<\/li>\n<\/ul>\n<p>Detayl\u0131 bilgi i\u00e7in;<\/p>\n<p><a href=\"http:\/\/www.ilkaytrade.com.tr\/tr\/wp-content\/uploads\/2023\/08\/Pinja-W-Oil-Product-data-Sheet-TR.pdf\">Tikkurila Boya &#8211; Pinja W-Oil Ah\u015fap Ya\u011f\u0131<\/a><\/p>\n<p><a href=\"http:\/\/www.ilkaytrade.com.tr\/tr\/wp-content\/uploads\/2023\/08\/pinjawoodstain-min.pdf\">\u00dcr\u00fcn Bro\u015f\u00fcr\u00fcn\u00fc G\u00f6rmek \u0130\u00e7in T\u0131klay\u0131n\u0131z.<\/a><\/p>\n","protected":false},"featured_media":3343,"template":"","meta":{"_acf_changed":false},"product_cat":[62,82,81],"product_tag":[],"class_list":["post-3342","product","type-product","status-publish","has-post-thumbnail","hentry","product_cat-tikkurila-boya","product_cat-tikkurila-boya-dis-mekan","product_cat-tikkurila-boya-ic-mekan"],"acf":[],"_links":{"self":[{"href":"https:\/\/www.ilkaytrade.com.tr\/tr\/wp-json\/wp\/v2\/product\/3342","targetHints":{"allow":["GET"]}}],"collection":[{"href":"https:\/\/www.ilkaytrade.com.tr\/tr\/wp-json\/wp\/v2\/product"}],"about":[{"href":"https:\/\/www.ilkaytrade.com.tr\/tr\/wp-json\/wp\/v2\/types\/product"}],"wp:featuredmedia":[{"embeddable":true,"href":"https:\/\/www.ilkaytrade.com.tr\/tr\/wp-json\/wp\/v2\/media\/3343"}],"wp:attachment":[{"href":"https:\/\/www.ilkaytrade.com.tr\/tr\/wp-json\/wp\/v2\/media?parent=3342"}],"wp:term":[{"taxonomy":"product_cat","embeddable":true,"href":"https:\/\/www.ilkaytrade.com.tr\/tr\/wp-json\/wp\/v2\/product_cat?post=3342"},{"taxonomy":"product_tag","embeddable":true,"href":"https:\/\/www.ilkaytrade.com.tr\/tr\/wp-json\/wp\/v2\/product_tag?post=3342"}],"curies":[{"name":"wp","href":"https:\/\/api.w.org\/{rel}","templated":true}]}}