{"id":3341,"date":"2023-08-21T07:41:20","date_gmt":"2023-08-21T07:41:20","guid":{"rendered":"https:\/\/www.ilkaytrade.com.tr\/tr\/?post_type=product&#038;p=3341"},"modified":"2023-12-10T17:10:11","modified_gmt":"2023-12-10T17:10:11","slug":"tikkurila-boya-pinja-flex-primer","status":"publish","type":"product","link":"https:\/\/www.ilkaytrade.com.tr\/tr\/urun\/tikkurila-boya-pinja-flex-primer\/","title":{"rendered":"Pinja Flex Primer"},"content":{"rendered":"<ul>\n<li>Ah\u015fap pencereler i\u00e7in h\u0131zl\u0131 kuruyan astar<\/li>\n<li>Ah\u015fap kap\u0131 ve pencereler i\u00e7in uygundur<\/li>\n<li>Ah\u015fap cephe kaplamalar\u0131 i\u00e7in uygundur<\/li>\n<\/ul>\n<p>Detayl\u0131 bilgi i\u00e7in;<\/p>\n<p><a href=\"http:\/\/www.ilkaytrade.com.tr\/tr\/wp-content\/uploads\/2023\/08\/Pinja-Flex-Primer-Akvi-Flex-Primer-Data-Sheet-TR.pdf\">Tikkurila Boya &#8211; Pinja Flex Primer (Akvi Flex Primer)<\/a><\/p>\n","protected":false},"excerpt":{"rendered":"<p>Su bazl\u0131 akrilik astar<br \/>\nH\u0131zl\u0131 kuruyan, elastik d\u0131\u015f mekan astar\u0131<\/p>\n","protected":false},"featured_media":3494,"template":"","meta":{"_acf_changed":false},"product_cat":[62,82],"product_tag":[],"class_list":["post-3341","product","type-product","status-publish","has-post-thumbnail","hentry","product_cat-tikkurila-boya","product_cat-tikkurila-boya-dis-mekan"],"acf":[],"_links":{"self":[{"href":"https:\/\/www.ilkaytrade.com.tr\/tr\/wp-json\/wp\/v2\/product\/3341","targetHints":{"allow":["GET"]}}],"collection":[{"href":"https:\/\/www.ilkaytrade.com.tr\/tr\/wp-json\/wp\/v2\/product"}],"about":[{"href":"https:\/\/www.ilkaytrade.com.tr\/tr\/wp-json\/wp\/v2\/types\/product"}],"wp:featuredmedia":[{"embeddable":true,"href":"https:\/\/www.ilkaytrade.com.tr\/tr\/wp-json\/wp\/v2\/media\/3494"}],"wp:attachment":[{"href":"https:\/\/www.ilkaytrade.com.tr\/tr\/wp-json\/wp\/v2\/media?parent=3341"}],"wp:term":[{"taxonomy":"product_cat","embeddable":true,"href":"https:\/\/www.ilkaytrade.com.tr\/tr\/wp-json\/wp\/v2\/product_cat?post=3341"},{"taxonomy":"product_tag","embeddable":true,"href":"https:\/\/www.ilkaytrade.com.tr\/tr\/wp-json\/wp\/v2\/product_tag?post=3341"}],"curies":[{"name":"wp","href":"https:\/\/api.w.org\/{rel}","templated":true}]}}