{"id":3339,"date":"2023-08-21T07:36:58","date_gmt":"2023-08-21T07:36:58","guid":{"rendered":"https:\/\/www.ilkaytrade.com.tr\/tr\/?post_type=product&#038;p=3339"},"modified":"2023-12-10T16:36:06","modified_gmt":"2023-12-10T16:36:06","slug":"tikkurila-boya-akvi","status":"publish","type":"product","link":"https:\/\/www.ilkaytrade.com.tr\/tr\/urun\/tikkurila-boya-akvi\/","title":{"rendered":"Akvi"},"content":{"rendered":"<ul>\n<li>\u00dcr\u00fcn serbest formaldehyde madde i\u00e7ermedi\u011finden kuruma esnas\u0131nda ve sonras\u0131nda \u00e7evreye sal\u0131n\u0131m yapmaz<\/li>\n<li>Ah\u015fap pencereler i\u00e7in h\u0131zl\u0131 kuruyan astar<\/li>\n<li>K\u00fcf ve mantara kar\u015f\u0131 y\u00fcksek koruma<\/li>\n<li>Fingerjoint, do\u011frama ve kap\u0131 uygulamalar\u0131nda sert a\u011fa\u00e7lara uygundur<\/li>\n<\/ul>\n<p>Detayl\u0131 bilgi i\u00e7in;<\/p>\n<p><a href=\"http:\/\/www.ilkaytrade.com.tr\/tr\/wp-content\/uploads\/2023\/08\/Pinja-Flex-Isolator-Data-Sheet-TR.pdf\">Tikkurila Boya &#8211; Pinja Flex Isolator (Akvi Isolator)<\/a><\/p>\n","protected":false},"excerpt":{"rendered":"<p>Su bazl\u0131 akrilik astar<\/p>\n","protected":false},"featured_media":3340,"template":"","meta":{"_acf_changed":false},"product_cat":[62,82],"product_tag":[],"class_list":["post-3339","product","type-product","status-publish","has-post-thumbnail","hentry","product_cat-tikkurila-boya","product_cat-tikkurila-boya-dis-mekan"],"acf":[],"_links":{"self":[{"href":"https:\/\/www.ilkaytrade.com.tr\/tr\/wp-json\/wp\/v2\/product\/3339","targetHints":{"allow":["GET"]}}],"collection":[{"href":"https:\/\/www.ilkaytrade.com.tr\/tr\/wp-json\/wp\/v2\/product"}],"about":[{"href":"https:\/\/www.ilkaytrade.com.tr\/tr\/wp-json\/wp\/v2\/types\/product"}],"wp:featuredmedia":[{"embeddable":true,"href":"https:\/\/www.ilkaytrade.com.tr\/tr\/wp-json\/wp\/v2\/media\/3340"}],"wp:attachment":[{"href":"https:\/\/www.ilkaytrade.com.tr\/tr\/wp-json\/wp\/v2\/media?parent=3339"}],"wp:term":[{"taxonomy":"product_cat","embeddable":true,"href":"https:\/\/www.ilkaytrade.com.tr\/tr\/wp-json\/wp\/v2\/product_cat?post=3339"},{"taxonomy":"product_tag","embeddable":true,"href":"https:\/\/www.ilkaytrade.com.tr\/tr\/wp-json\/wp\/v2\/product_tag?post=3339"}],"curies":[{"name":"wp","href":"https:\/\/api.w.org\/{rel}","templated":true}]}}