{"id":3337,"date":"2023-08-21T07:29:41","date_gmt":"2023-08-21T07:29:41","guid":{"rendered":"https:\/\/www.ilkaytrade.com.tr\/tr\/?post_type=product&#038;p=3337"},"modified":"2025-08-01T15:46:13","modified_gmt":"2025-08-01T15:46:13","slug":"tikkurila-boya-otex","status":"publish","type":"product","link":"https:\/\/www.ilkaytrade.com.tr\/tr\/urun\/tikkurila-boya-otex\/","title":{"rendered":"Otex"},"content":{"rendered":"","protected":false},"excerpt":{"rendered":"<p>Tam-mat, h\u0131zl\u0131 kuruyan \u00f6zel re\u00e7ine bazl\u0131 h\u0131zl\u0131 kuruyan adhesion astar<\/p>\n<ul>\n<li>Yeni ve \u00f6nceden uygulama yap\u0131lm\u0131\u015f ah\u015fap, panel, al\u00e7\u0131pan ve fiber y\u00fczeylerde astar ama\u00e7l\u0131 kullan\u0131l\u0131r<\/li>\n<li>Cam, cam elyaf\u0131, \u00e7ini, fayans, PVC, al\u00fcminyum, \u00e7inko gibi malzemelere ayr\u0131ca \u00f6nceden alkyd ve catalytic boyanm\u0131\u015f y\u00fczeylerde kullan\u0131m\u0131 uygundur<\/li>\n<li>Alkyde, catalytic ve PU boyanm\u0131\u015f mobilya, kap\u0131, duvar ve i\u00e7-d\u0131\u015f mekan pencere \u00e7er\u00e7eveleri i\u00e7in uygundur<\/li>\n<\/ul>\n<p>Detayl\u0131 bilgi i\u00e7in;<\/p>\n<p><a href=\"http:\/\/www.ilkaytrade.com.tr\/tr\/wp-content\/uploads\/2023\/08\/Otex-Adhesion-Primer-TR.pdf\">Tikkurila Boya &#8211; Otex Astar<\/a><\/p>\n<p><a href=\"http:\/\/www.ilkaytrade.com.tr\/tr\/wp-content\/uploads\/2023\/08\/otex-min.pdf\">\u00dcr\u00fcn Bro\u015f\u00fcr\u00fcn\u00fc G\u00f6rmek \u0130\u00e7in T\u0131klay\u0131n\u0131z.<\/a><\/p>\n","protected":false},"featured_media":3338,"template":"","meta":{"_acf_changed":false},"product_cat":[62,82,81],"product_tag":[],"class_list":["post-3337","product","type-product","status-publish","has-post-thumbnail","hentry","product_cat-tikkurila-boya","product_cat-tikkurila-boya-dis-mekan","product_cat-tikkurila-boya-ic-mekan"],"acf":[],"_links":{"self":[{"href":"https:\/\/www.ilkaytrade.com.tr\/tr\/wp-json\/wp\/v2\/product\/3337","targetHints":{"allow":["GET"]}}],"collection":[{"href":"https:\/\/www.ilkaytrade.com.tr\/tr\/wp-json\/wp\/v2\/product"}],"about":[{"href":"https:\/\/www.ilkaytrade.com.tr\/tr\/wp-json\/wp\/v2\/types\/product"}],"wp:featuredmedia":[{"embeddable":true,"href":"https:\/\/www.ilkaytrade.com.tr\/tr\/wp-json\/wp\/v2\/media\/3338"}],"wp:attachment":[{"href":"https:\/\/www.ilkaytrade.com.tr\/tr\/wp-json\/wp\/v2\/media?parent=3337"}],"wp:term":[{"taxonomy":"product_cat","embeddable":true,"href":"https:\/\/www.ilkaytrade.com.tr\/tr\/wp-json\/wp\/v2\/product_cat?post=3337"},{"taxonomy":"product_tag","embeddable":true,"href":"https:\/\/www.ilkaytrade.com.tr\/tr\/wp-json\/wp\/v2\/product_tag?post=3337"}],"curies":[{"name":"wp","href":"https:\/\/api.w.org\/{rel}","templated":true}]}}