{"id":3335,"date":"2023-08-21T07:24:32","date_gmt":"2023-08-21T07:24:32","guid":{"rendered":"https:\/\/www.ilkaytrade.com.tr\/tr\/?post_type=product&#038;p=3335"},"modified":"2023-12-10T16:36:21","modified_gmt":"2023-12-10T16:36:21","slug":"tikkurila-boya-merit-jahti-80","status":"publish","type":"product","link":"https:\/\/www.ilkaytrade.com.tr\/tr\/urun\/tikkurila-boya-merit-jahti-80\/","title":{"rendered":"Merit Jahti 80"},"content":{"rendered":"<ul>\n<li>A\u015f\u0131nmaya kar\u015f\u0131 m\u00fckemmel dayan\u0131kl\u0131l\u0131k<\/li>\n<li>UV koruyucusu i\u00e7erir<\/li>\n<li>T\u00fcm s\u0131radan deterjanlara kar\u015f\u0131 m\u00fckemmel dayan\u0131kl\u0131l\u0131k (SFS 3755)<\/li>\n<li>Solventlere kar\u015f\u0131 dayan\u0131kl\u0131: benzin, terebentin, white spirit<\/li>\n<li>\u0130nceltici \u00fcr\u00fcnlere dayan\u0131m\u0131 yok<\/li>\n<li>Ya\u011f, gres, hayvansal ve bitkisel ya\u011flara kar\u015f\u0131 dayan\u0131kl\u0131<\/li>\n<li>Tekne, zemin, kap\u0131 ve pencere i\u00e7-d\u0131\u015f mekan t\u00fcm ah\u015fap uygulamalar\u0131 i\u00e7in uygundur<\/li>\n<\/ul>\n<p>Detayl\u0131 bilgi i\u00e7in;<\/p>\n<p><a href=\"http:\/\/www.ilkaytrade.com.tr\/tr\/wp-content\/uploads\/2023\/08\/Merit-Jahti-80-Data-Sheet-TR.pdf\">Tikkurila Boya &#8211; Merit Jahti 80 Parlak Vernik<\/a><\/p>\n","protected":false},"excerpt":{"rendered":"<p>UV koruyuculu, tek kompenantl\u0131 \u00fcretan parlak alkid vernik<\/p>\n","protected":false},"featured_media":3336,"template":"","meta":{"_acf_changed":false},"product_cat":[62,82,81],"product_tag":[],"class_list":["post-3335","product","type-product","status-publish","has-post-thumbnail","hentry","product_cat-tikkurila-boya","product_cat-tikkurila-boya-dis-mekan","product_cat-tikkurila-boya-ic-mekan"],"acf":[],"_links":{"self":[{"href":"https:\/\/www.ilkaytrade.com.tr\/tr\/wp-json\/wp\/v2\/product\/3335","targetHints":{"allow":["GET"]}}],"collection":[{"href":"https:\/\/www.ilkaytrade.com.tr\/tr\/wp-json\/wp\/v2\/product"}],"about":[{"href":"https:\/\/www.ilkaytrade.com.tr\/tr\/wp-json\/wp\/v2\/types\/product"}],"wp:featuredmedia":[{"embeddable":true,"href":"https:\/\/www.ilkaytrade.com.tr\/tr\/wp-json\/wp\/v2\/media\/3336"}],"wp:attachment":[{"href":"https:\/\/www.ilkaytrade.com.tr\/tr\/wp-json\/wp\/v2\/media?parent=3335"}],"wp:term":[{"taxonomy":"product_cat","embeddable":true,"href":"https:\/\/www.ilkaytrade.com.tr\/tr\/wp-json\/wp\/v2\/product_cat?post=3335"},{"taxonomy":"product_tag","embeddable":true,"href":"https:\/\/www.ilkaytrade.com.tr\/tr\/wp-json\/wp\/v2\/product_tag?post=3335"}],"curies":[{"name":"wp","href":"https:\/\/api.w.org\/{rel}","templated":true}]}}