{"id":3328,"date":"2023-08-21T06:18:21","date_gmt":"2023-08-21T06:18:21","guid":{"rendered":"https:\/\/www.ilkaytrade.com.tr\/tr\/?post_type=product&#038;p=3328"},"modified":"2025-08-01T15:40:08","modified_gmt":"2025-08-01T15:40:08","slug":"tikkurila-boya-seramik-boyasi","status":"publish","type":"product","link":"https:\/\/www.ilkaytrade.com.tr\/tr\/urun\/tikkurila-boya-seramik-boyasi\/","title":{"rendered":"Luja Ceramic Tiles"},"content":{"rendered":"","protected":false},"excerpt":{"rendered":"<p>Yar\u0131 mat seramik y\u00fczey boyas\u0131<\/p>\n<ul>\n<li>\n<p data-start=\"428\" data-end=\"590\">Banyo, mutfak gibi \u0131slak ve kuru alanlar\u0131n duvarlar\u0131nda; ayr\u0131ca tuvalet gibi kuru hacimlerdeki d\u00fc\u015f\u00fck trafikli zeminlerde seramik karo uygulamalar\u0131na uygundur<\/p>\n<\/li>\n<li>\n<p data-start=\"428\" data-end=\"590\">M\u00fckemmel yap\u0131\u015fma nedeniyle boya astar gerektirmez<\/p>\n<\/li>\n<li>\n<p data-start=\"428\" data-end=\"590\">Tikkurila renklerinde renklendirilebilir<\/p>\n<\/li>\n<li>Boyal\u0131 y\u00fczey, s\u0131cak ve so\u011fuk suya, \u015fampuanlara, temizlik kimyasallar\u0131na ve farkl\u0131 lekelere (ya\u011f, ket\u00e7ap, meyve suyu vb.) kar\u015f\u0131 ekstra dayan\u0131kl\u0131d\u0131r<\/li>\n<\/ul>\n<p>Detayl\u0131 bilgi i\u00e7in;<\/p>\n<p><a href=\"http:\/\/www.ilkaytrade.com.tr\/tr\/wp-content\/uploads\/2023\/08\/Luja-Seramik-Yari-Mat-Boya-TR.pdf\">Tikkurila Boya &#8211; Luja Seramik Yar\u0131 Mat Boya<\/a><\/p>\n","protected":false},"featured_media":3329,"template":"","meta":{"_acf_changed":false},"product_cat":[62,81],"product_tag":[],"class_list":["post-3328","product","type-product","status-publish","has-post-thumbnail","hentry","product_cat-tikkurila-boya","product_cat-tikkurila-boya-ic-mekan"],"acf":[],"_links":{"self":[{"href":"https:\/\/www.ilkaytrade.com.tr\/tr\/wp-json\/wp\/v2\/product\/3328","targetHints":{"allow":["GET"]}}],"collection":[{"href":"https:\/\/www.ilkaytrade.com.tr\/tr\/wp-json\/wp\/v2\/product"}],"about":[{"href":"https:\/\/www.ilkaytrade.com.tr\/tr\/wp-json\/wp\/v2\/types\/product"}],"wp:featuredmedia":[{"embeddable":true,"href":"https:\/\/www.ilkaytrade.com.tr\/tr\/wp-json\/wp\/v2\/media\/3329"}],"wp:attachment":[{"href":"https:\/\/www.ilkaytrade.com.tr\/tr\/wp-json\/wp\/v2\/media?parent=3328"}],"wp:term":[{"taxonomy":"product_cat","embeddable":true,"href":"https:\/\/www.ilkaytrade.com.tr\/tr\/wp-json\/wp\/v2\/product_cat?post=3328"},{"taxonomy":"product_tag","embeddable":true,"href":"https:\/\/www.ilkaytrade.com.tr\/tr\/wp-json\/wp\/v2\/product_tag?post=3328"}],"curies":[{"name":"wp","href":"https:\/\/api.w.org\/{rel}","templated":true}]}}