{"id":3322,"date":"2023-08-21T06:09:37","date_gmt":"2023-08-21T06:09:37","guid":{"rendered":"https:\/\/www.ilkaytrade.com.tr\/tr\/?post_type=product&#038;p=3322"},"modified":"2023-12-10T16:38:04","modified_gmt":"2023-12-10T16:38:04","slug":"tikkurila-boya-luja-7","status":"publish","type":"product","link":"https:\/\/www.ilkaytrade.com.tr\/tr\/urun\/tikkurila-boya-luja-7\/","title":{"rendered":"Luja 7"},"content":{"rendered":"<ul>\n<li>\u0130\u00e7 mekanda d\u00fcm duvar y\u00fczeylerde kullan\u0131ma uygundur (beton, al\u00e7\u0131, kremit, MDF vs.)<\/li>\n<li>Mantara kar\u015f\u0131 koruyucudur<\/li>\n<li>\u0130\u00e7 mekanda \u0131slak hacimler, y\u00fcksek rutubetli ortamlar, \u00e7izilme ve darbeye maruz kalacak y\u00fczeylerde (koridor,<br \/>\nmerdiven, hastane koridoru ve hasta odalar\u0131) i\u00e7in y\u00fcksek dayan\u0131m sa\u011flar<\/li>\n<li>G\u0131da sertifikas\u0131 sayesinde (Finnish food act 23\/2006) g\u0131da \u00fcretim alanlar\u0131nda da kullan\u0131ma uygundur<\/li>\n<li>Beton, s\u0131va, dolgulu, tu\u011fla, sunta, al\u00e7\u0131pan ve ah\u015fap sunta y\u00fczeylerin i\u00e7 mekanlar\u0131nda kullan\u0131m\u0131na uygundur<\/li>\n<li>Hem yeni hem de \u00f6nceden boyanm\u0131\u015f y\u00fczeyler i\u00e7in kullan\u0131m\u0131 uygundur<\/li>\n<\/ul>\n<p>Detayl\u0131 bilgi i\u00e7in;<\/p>\n<p><a href=\"http:\/\/www.ilkaytrade.com.tr\/tr\/wp-content\/uploads\/2023\/08\/Luja-7-Islak-Hacim-Ic-mekan-Mat-Duvar-ve-Tavan-Boyasi-TR.pdf\">Tikkurila Boya &#8211; Luja 7 Islak Hacim \u0130\u00e7 mekan Mat Duvar ve Tavan Boyas\u0131 <\/a><\/p>\n","protected":false},"excerpt":{"rendered":"<p>M1 Yap\u0131 Emisyon setifikal\u0131, mat akrilat latex i\u00e7 mekan tavan ve duvar boyas\u0131<\/p>\n<p>Mantara kar\u015f\u0131 koruyucu ajan i\u00e7erir<\/p>\n","protected":false},"featured_media":3323,"template":"","meta":{"_acf_changed":false},"product_cat":[62,81],"product_tag":[],"class_list":["post-3322","product","type-product","status-publish","has-post-thumbnail","hentry","product_cat-tikkurila-boya","product_cat-tikkurila-boya-ic-mekan"],"acf":[],"_links":{"self":[{"href":"https:\/\/www.ilkaytrade.com.tr\/tr\/wp-json\/wp\/v2\/product\/3322","targetHints":{"allow":["GET"]}}],"collection":[{"href":"https:\/\/www.ilkaytrade.com.tr\/tr\/wp-json\/wp\/v2\/product"}],"about":[{"href":"https:\/\/www.ilkaytrade.com.tr\/tr\/wp-json\/wp\/v2\/types\/product"}],"wp:featuredmedia":[{"embeddable":true,"href":"https:\/\/www.ilkaytrade.com.tr\/tr\/wp-json\/wp\/v2\/media\/3323"}],"wp:attachment":[{"href":"https:\/\/www.ilkaytrade.com.tr\/tr\/wp-json\/wp\/v2\/media?parent=3322"}],"wp:term":[{"taxonomy":"product_cat","embeddable":true,"href":"https:\/\/www.ilkaytrade.com.tr\/tr\/wp-json\/wp\/v2\/product_cat?post=3322"},{"taxonomy":"product_tag","embeddable":true,"href":"https:\/\/www.ilkaytrade.com.tr\/tr\/wp-json\/wp\/v2\/product_tag?post=3322"}],"curies":[{"name":"wp","href":"https:\/\/api.w.org\/{rel}","templated":true}]}}