{"id":3318,"date":"2023-08-21T05:58:42","date_gmt":"2023-08-21T05:58:42","guid":{"rendered":"https:\/\/www.ilkaytrade.com.tr\/tr\/?post_type=product&#038;p=3318"},"modified":"2025-08-02T17:15:43","modified_gmt":"2025-08-02T17:15:43","slug":"tikkurila-boya-kiva-30","status":"publish","type":"product","link":"https:\/\/www.ilkaytrade.com.tr\/tr\/urun\/tikkurila-boya-kiva-30\/","title":{"rendered":"Kiva 30"},"content":{"rendered":"","protected":false},"excerpt":{"rendered":"<p>Su bazl\u0131 kokusuz, sararmaz akrilik re\u00e7ineli, yar\u0131-mat i\u00e7 mekan lambri ve mobilya verni\u011fi<\/p>\n<ul>\n<li>T\u00fcm i\u00e7 mekan ah\u015fap y\u00fczeyler i\u00e7in kullan\u0131m\u0131 uygundur<\/li>\n<li>Masa, sandalye, kitapl\u0131k, ah\u015fap panel duvar ve tavan kaplamalar\u0131, kap\u0131, oyuncak gibi kullan\u0131m alanlar\u0131 vard\u0131r<\/li>\n<li>Kiva mobilya verni\u011fi renklendirilmi\u015f ah\u015fap y\u00fczeylerin korunmas\u0131 i\u00e7in kullan\u0131labilir<\/li>\n<li>Zemin y\u00fczeylerde kullan\u0131ma uygun de\u011fildir<\/li>\n<\/ul>\n<p>Detayl\u0131 bilgi i\u00e7in;<\/p>\n<p><a href=\"http:\/\/www.ilkaytrade.com.tr\/tr\/wp-content\/uploads\/2023\/08\/Kiva-30-Furniture-Lacquer-Semi-Matt-TR.pdf\">Tikkurila Boya &#8211; Kiva 30 Su Bazl\u0131 Ah\u015fap Yar\u0131 Mat Mobilya Verni\u011fi<\/a><\/p>\n<p><a href=\"http:\/\/www.ilkaytrade.com.tr\/tr\/wp-content\/uploads\/2023\/08\/kiva-min.pdf\">\u00dcr\u00fcn Bro\u015f\u00fcr\u00fcn\u00fc G\u00f6rmek \u0130\u00e7in T\u0131klay\u0131n\u0131z.<\/a><\/p>\n","protected":false},"featured_media":3319,"template":"","meta":{"_acf_changed":false},"product_cat":[62,81],"product_tag":[],"class_list":["post-3318","product","type-product","status-publish","has-post-thumbnail","hentry","product_cat-tikkurila-boya","product_cat-tikkurila-boya-ic-mekan"],"acf":[],"_links":{"self":[{"href":"https:\/\/www.ilkaytrade.com.tr\/tr\/wp-json\/wp\/v2\/product\/3318","targetHints":{"allow":["GET"]}}],"collection":[{"href":"https:\/\/www.ilkaytrade.com.tr\/tr\/wp-json\/wp\/v2\/product"}],"about":[{"href":"https:\/\/www.ilkaytrade.com.tr\/tr\/wp-json\/wp\/v2\/types\/product"}],"wp:featuredmedia":[{"embeddable":true,"href":"https:\/\/www.ilkaytrade.com.tr\/tr\/wp-json\/wp\/v2\/media\/3319"}],"wp:attachment":[{"href":"https:\/\/www.ilkaytrade.com.tr\/tr\/wp-json\/wp\/v2\/media?parent=3318"}],"wp:term":[{"taxonomy":"product_cat","embeddable":true,"href":"https:\/\/www.ilkaytrade.com.tr\/tr\/wp-json\/wp\/v2\/product_cat?post=3318"},{"taxonomy":"product_tag","embeddable":true,"href":"https:\/\/www.ilkaytrade.com.tr\/tr\/wp-json\/wp\/v2\/product_tag?post=3318"}],"curies":[{"name":"wp","href":"https:\/\/api.w.org\/{rel}","templated":true}]}}