{"id":3314,"date":"2023-08-21T05:46:40","date_gmt":"2023-08-21T05:46:40","guid":{"rendered":"https:\/\/www.ilkaytrade.com.tr\/tr\/?post_type=product&#038;p=3314"},"modified":"2025-08-12T12:16:18","modified_gmt":"2025-08-12T12:16:18","slug":"tikkurila-boya-helmi-80","status":"publish","type":"product","link":"https:\/\/www.ilkaytrade.com.tr\/tr\/urun\/tikkurila-boya-helmi-80\/","title":{"rendered":"Helmi 80"},"content":{"rendered":"","protected":false},"excerpt":{"rendered":"<p><!-- Font Awesome for modern PDF icons -->\n<link rel=\"stylesheet\" href=\"https:\/\/cdnjs.cloudflare.com\/ajax\/libs\/font-awesome\/6.4.0\/css\/all.min.css\">\n<h3>Su Bazl\u0131 Parlak Mobilya Boyas\u0131<\/h3>\n<ul>\n<li>T\u00fcm i\u00e7 mekanlara uygun, y\u00fcksek diren\u00e7li ve kolay temizlenebilen bir boyad\u0131r<\/li>\n<li>\u0130\u00e7 mekan ah\u015fap, al\u00e7\u0131pan, MDF ve metal y\u00fczeyler i\u00e7in uygun akrilat su bazl\u0131 mobilya boyas\u0131<\/li>\n<li>Kap\u0131, pervaz, kabin, do\u011frama ve mobilyalarda kullan\u0131l\u0131r<\/li>\n<li>\u00d6nceden alkid ve asit kataliz boyanm\u0131\u015f y\u00fczeylerde de uygulanabilir<\/li>\n<li>Nitro sel\u00fcloz uygulanm\u0131\u015f y\u00fczeyler i\u00e7in uygun de\u011fildir<\/li>\n<\/ul>\n<p><strong>Detayl\u0131 bilgi i\u00e7in:<\/strong><\/p>\n<p><a href=\"http:\/\/www.ilkaytrade.com.tr\/tr\/wp-content\/uploads\/2023\/08\/Helmi-80-Furniture-Paint-Gloss-TR.pdf\" \n   target=\"_blank\" rel=\"noopener noreferrer\"\n   style=\"display:inline-block; background-color:#ff7f27; color:white; padding:10px 16px; border-radius:5px; text-decoration:none; margin:5px 0; font-weight:bold;\"><br \/>\n   <i class=\"fa-solid fa-file-pdf\" style=\"margin-right:8px;\"><\/i> Helmi 80 Mobilya Boyas\u0131 (Parlak) (PDF)<br \/>\n<\/a><br \/>\n<br \/>\n<a href=\"http:\/\/www.ilkaytrade.com.tr\/tr\/wp-content\/uploads\/2023\/08\/helmi-min.pdf\" \n   target=\"_blank\" rel=\"noopener noreferrer\"\n   style=\"display:inline-block; background-color:#ff7f27; color:white; padding:10px 16px; border-radius:5px; text-decoration:none; margin:5px 0; font-weight:bold;\"><br \/>\n   <i class=\"fa-solid fa-file-pdf\" style=\"margin-right:8px;\"><\/i> \u00dcr\u00fcn Bro\u015f\u00fcr\u00fc (PDF)<br \/>\n<\/a><\/p>\n","protected":false},"featured_media":3315,"template":"","meta":{"_acf_changed":false},"product_cat":[62,81],"product_tag":[],"class_list":["post-3314","product","type-product","status-publish","has-post-thumbnail","hentry","product_cat-tikkurila-boya","product_cat-tikkurila-boya-ic-mekan"],"acf":[],"_links":{"self":[{"href":"https:\/\/www.ilkaytrade.com.tr\/tr\/wp-json\/wp\/v2\/product\/3314","targetHints":{"allow":["GET"]}}],"collection":[{"href":"https:\/\/www.ilkaytrade.com.tr\/tr\/wp-json\/wp\/v2\/product"}],"about":[{"href":"https:\/\/www.ilkaytrade.com.tr\/tr\/wp-json\/wp\/v2\/types\/product"}],"wp:featuredmedia":[{"embeddable":true,"href":"https:\/\/www.ilkaytrade.com.tr\/tr\/wp-json\/wp\/v2\/media\/3315"}],"wp:attachment":[{"href":"https:\/\/www.ilkaytrade.com.tr\/tr\/wp-json\/wp\/v2\/media?parent=3314"}],"wp:term":[{"taxonomy":"product_cat","embeddable":true,"href":"https:\/\/www.ilkaytrade.com.tr\/tr\/wp-json\/wp\/v2\/product_cat?post=3314"},{"taxonomy":"product_tag","embeddable":true,"href":"https:\/\/www.ilkaytrade.com.tr\/tr\/wp-json\/wp\/v2\/product_tag?post=3314"}],"curies":[{"name":"wp","href":"https:\/\/api.w.org\/{rel}","templated":true}]}}