{"id":3309,"date":"2023-08-20T19:06:22","date_gmt":"2023-08-20T19:06:22","guid":{"rendered":"http:\/\/www.ilkaytrade.com.tr\/tr\/?post_type=product&#038;p=3309"},"modified":"2025-08-12T12:08:46","modified_gmt":"2025-08-12T12:08:46","slug":"tikkurila-boya-helmi-10","status":"publish","type":"product","link":"https:\/\/www.ilkaytrade.com.tr\/tr\/urun\/tikkurila-boya-helmi-10\/","title":{"rendered":"Helmi 10"},"content":{"rendered":"","protected":false},"excerpt":{"rendered":"<p><!-- Font Awesome for modern PDF icons -->\n<link rel=\"stylesheet\" href=\"https:\/\/cdnjs.cloudflare.com\/ajax\/libs\/font-awesome\/6.4.0\/css\/all.min.css\">\n<p>\n\u0130\u00e7 mekan ah\u015fap, al\u00e7\u0131pan, MDF ve metal y\u00fczeyler i\u00e7in uygun akrilat su bazl\u0131 mobilya boyas\u0131.\n<\/p>\n<ul>\n<li>T\u00fcm i\u00e7 mekanlara uygun, y\u00fcksek diren\u00e7li ve kolay temizlenebilen bir boyad\u0131r<\/li>\n<li>Kap\u0131, pervaz, kabin, do\u011frama ve mobilyalarda kullan\u0131l\u0131r<\/li>\n<li>\u00d6nceden Alkid ve Asit Kataliz boyanm\u0131\u015f ah\u015fap ve metal y\u00fczeylerde de kullan\u0131labilir<\/li>\n<li>Nitro sel\u00fcloz uygulanm\u0131\u015f y\u00fczeyler i\u00e7in uygun de\u011fildir<\/li>\n<\/ul>\n<p><strong>Detayl\u0131 bilgi i\u00e7in:<\/strong><\/p>\n<p><a href=\"http:\/\/www.ilkaytrade.com.tr\/tr\/wp-content\/uploads\/2023\/08\/Helmi-10-Furniture-Paint-Matt-TR.pdf\" \n   target=\"_blank\" rel=\"noopener noreferrer\"\n   style=\"display:inline-block; background-color:#ff7f27; color:white; padding:10px 16px; border-radius:5px; text-decoration:none; margin:5px 0; font-weight:bold;\"><br \/>\n   <i class=\"fa-solid fa-file-pdf\" style=\"margin-right:8px;\"><\/i> Helmi 10 Mobilya Boyas\u0131 (PDF)<br \/>\n<\/a><br \/>\n<br \/>\n<a href=\"http:\/\/www.ilkaytrade.com.tr\/tr\/wp-content\/uploads\/2023\/08\/helmi-min.pdf\" \n   target=\"_blank\" rel=\"noopener noreferrer\"\n   style=\"display:inline-block; background-color:#ff7f27; color:white; padding:10px 16px; border-radius:5px; text-decoration:none; margin:5px 0; font-weight:bold;\"><br \/>\n   <i class=\"fa-solid fa-file-pdf\" style=\"margin-right:8px;\"><\/i> Helmi 10 \u00dcr\u00fcn Bro\u015f\u00fcr\u00fc (PDF)<br \/>\n<\/a><\/p>\n<div style=\"margin-top:15px; text-align:left;\">\n  <img decoding=\"async\" style=\"max-width:300px; height:auto;\" src=\"http:\/\/www.ilkaytrade.com.tr\/tr\/wp-content\/uploads\/2025\/08\/tikkurila-Logo.jpg\" alt=\"Tikkurila Logo\" \/>\n<\/div>\n","protected":false},"featured_media":3310,"template":"","meta":{"_acf_changed":false},"product_cat":[62,81],"product_tag":[79],"class_list":["post-3309","product","type-product","status-publish","has-post-thumbnail","hentry","product_cat-tikkurila-boya","product_cat-tikkurila-boya-ic-mekan","product_tag-tikkurila-boya-ic-mekan"],"acf":[],"_links":{"self":[{"href":"https:\/\/www.ilkaytrade.com.tr\/tr\/wp-json\/wp\/v2\/product\/3309","targetHints":{"allow":["GET"]}}],"collection":[{"href":"https:\/\/www.ilkaytrade.com.tr\/tr\/wp-json\/wp\/v2\/product"}],"about":[{"href":"https:\/\/www.ilkaytrade.com.tr\/tr\/wp-json\/wp\/v2\/types\/product"}],"wp:featuredmedia":[{"embeddable":true,"href":"https:\/\/www.ilkaytrade.com.tr\/tr\/wp-json\/wp\/v2\/media\/3310"}],"wp:attachment":[{"href":"https:\/\/www.ilkaytrade.com.tr\/tr\/wp-json\/wp\/v2\/media?parent=3309"}],"wp:term":[{"taxonomy":"product_cat","embeddable":true,"href":"https:\/\/www.ilkaytrade.com.tr\/tr\/wp-json\/wp\/v2\/product_cat?post=3309"},{"taxonomy":"product_tag","embeddable":true,"href":"https:\/\/www.ilkaytrade.com.tr\/tr\/wp-json\/wp\/v2\/product_tag?post=3309"}],"curies":[{"name":"wp","href":"https:\/\/api.w.org\/{rel}","templated":true}]}}