{"id":3307,"date":"2023-08-20T18:58:11","date_gmt":"2023-08-20T18:58:11","guid":{"rendered":"http:\/\/www.ilkaytrade.com.tr\/tr\/?post_type=product&#038;p=3307"},"modified":"2023-12-10T16:38:53","modified_gmt":"2023-12-10T16:38:53","slug":"tikkurila-boya-uni-primer","status":"publish","type":"product","link":"https:\/\/www.ilkaytrade.com.tr\/tr\/urun\/tikkurila-boya-uni-primer\/","title":{"rendered":"Uni Primer"},"content":{"rendered":"<p>\u2022 Y\u00fczeyi g\u00fc\u00e7lendirir ve cephe boyas\u0131n\u0131n yap\u0131\u015fmas\u0131n\u0131 iyile\u015ftirir<br \/>\n\u2022 Renklendirme imkan\u0131 sayesinde boyal\u0131 y\u00fczeyin rengini b\u00fct\u00fcnle\u015ftirir<br \/>\n\u2022 Son kat sarfiyat\u0131n\u0131 azalt\u0131r<br \/>\n\u2022 \u00c7e\u015fitli mineral y\u00fczeyler i\u00e7in geni\u015f bir uygulama yelpazesine sahiptir.<\/p>\n<p>Daha fazla bilgi i\u00e7in;<\/p>\n<p><a href=\"http:\/\/www.ilkaytrade.com.tr\/tr\/wp-content\/uploads\/2023\/08\/FINNGARD-UNI-PRIMER-TR.pdf\">Tikkurila Boya &#8211; Uni Primer <\/a><\/p>\n","protected":false},"excerpt":{"rendered":"<p>Tikkurila Boya Finngard Uni Primer Astar<\/p>\n","protected":false},"featured_media":3308,"template":"","meta":{"_acf_changed":false},"product_cat":[62,82],"product_tag":[],"class_list":["post-3307","product","type-product","status-publish","has-post-thumbnail","hentry","product_cat-tikkurila-boya","product_cat-tikkurila-boya-dis-mekan"],"acf":[],"_links":{"self":[{"href":"https:\/\/www.ilkaytrade.com.tr\/tr\/wp-json\/wp\/v2\/product\/3307","targetHints":{"allow":["GET"]}}],"collection":[{"href":"https:\/\/www.ilkaytrade.com.tr\/tr\/wp-json\/wp\/v2\/product"}],"about":[{"href":"https:\/\/www.ilkaytrade.com.tr\/tr\/wp-json\/wp\/v2\/types\/product"}],"wp:featuredmedia":[{"embeddable":true,"href":"https:\/\/www.ilkaytrade.com.tr\/tr\/wp-json\/wp\/v2\/media\/3308"}],"wp:attachment":[{"href":"https:\/\/www.ilkaytrade.com.tr\/tr\/wp-json\/wp\/v2\/media?parent=3307"}],"wp:term":[{"taxonomy":"product_cat","embeddable":true,"href":"https:\/\/www.ilkaytrade.com.tr\/tr\/wp-json\/wp\/v2\/product_cat?post=3307"},{"taxonomy":"product_tag","embeddable":true,"href":"https:\/\/www.ilkaytrade.com.tr\/tr\/wp-json\/wp\/v2\/product_tag?post=3307"}],"curies":[{"name":"wp","href":"https:\/\/api.w.org\/{rel}","templated":true}]}}