{"id":3302,"date":"2023-08-20T18:39:07","date_gmt":"2023-08-20T18:39:07","guid":{"rendered":"http:\/\/www.ilkaytrade.com.tr\/tr\/?post_type=product&#038;p=3302"},"modified":"2025-08-12T13:28:20","modified_gmt":"2025-08-12T13:28:20","slug":"tikkurila-boya-finngard-silicone-protect","status":"publish","type":"product","link":"https:\/\/www.ilkaytrade.com.tr\/tr\/urun\/tikkurila-boya-finngard-silicone-protect\/","title":{"rendered":"Finngard Silicone Protect"},"content":{"rendered":"","protected":false},"excerpt":{"rendered":"<p style=\"text-align:center;\">\n  <a href=\"http:\/\/www.ilkaytrade.com.tr\/tr\/wp-content\/uploads\/2023\/08\/1-1.jpg\" target=\"_blank\" rel=\"noopener\"><br \/>\n    <img decoding=\"async\" src=\"http:\/\/www.ilkaytrade.com.tr\/tr\/wp-content\/uploads\/2023\/08\/1-1-300x61.jpg\" alt=\"Tikkurila \u2013 Finngard Silicone Protect\" width=\"369\" height=\"75\" style=\"display:block;margin:0 auto;\" \/><br \/>\n  <\/a>\n<\/p>\n<ul>\n<li>Su bazl\u0131 silikon cephe boyas\u0131d\u0131r.<\/li>\n<li>Geleneksel kire\u00e7-\u00e7imento ve \u00e7imento s\u0131valar, mineral s\u0131valar, ince film polimer, akrilik ve beton y\u00fczeylerde kullan\u0131ma uygundur.<\/li>\n<li>Dispersiyon ve mineral (silikat) y\u00fczeylerin yenilenmesinde kullan\u0131labilir.<\/li>\n<\/ul>\n<p style=\"text-align:center; margin-top:12px;\">Detayl\u0131 bilgi i\u00e7in;<\/p>\n<p style=\"text-align:center;\">\n  <a href=\"http:\/\/www.ilkaytrade.com.tr\/tr\/wp-content\/uploads\/2023\/08\/FINNGARD-SILICONE-PROTECT-TR.pdf\"\n     target=\"_blank\" rel=\"noopener noreferrer\"\n     style=\"display:inline-flex; align-items:center; background-color:#ff7f27; color:#fff; padding:10px 16px; border-radius:5px; text-decoration:none; font-weight:bold;\"><br \/>\n    <img decoding=\"async\" src=\"https:\/\/cdn-icons-png.flaticon.com\/512\/337\/337946.png\" alt=\"PDF\" style=\"width:20px; height:20px; margin-right:8px;\"><br \/>\n    Tikkurila Boya \u2013 Finngard Silicone Protect (PDF)<br \/>\n  <\/a><\/p>\n","protected":false},"featured_media":3303,"template":"","meta":{"_acf_changed":false},"product_cat":[62,82],"product_tag":[],"class_list":["post-3302","product","type-product","status-publish","has-post-thumbnail","hentry","product_cat-tikkurila-boya","product_cat-tikkurila-boya-dis-mekan"],"acf":[],"_links":{"self":[{"href":"https:\/\/www.ilkaytrade.com.tr\/tr\/wp-json\/wp\/v2\/product\/3302","targetHints":{"allow":["GET"]}}],"collection":[{"href":"https:\/\/www.ilkaytrade.com.tr\/tr\/wp-json\/wp\/v2\/product"}],"about":[{"href":"https:\/\/www.ilkaytrade.com.tr\/tr\/wp-json\/wp\/v2\/types\/product"}],"wp:featuredmedia":[{"embeddable":true,"href":"https:\/\/www.ilkaytrade.com.tr\/tr\/wp-json\/wp\/v2\/media\/3303"}],"wp:attachment":[{"href":"https:\/\/www.ilkaytrade.com.tr\/tr\/wp-json\/wp\/v2\/media?parent=3302"}],"wp:term":[{"taxonomy":"product_cat","embeddable":true,"href":"https:\/\/www.ilkaytrade.com.tr\/tr\/wp-json\/wp\/v2\/product_cat?post=3302"},{"taxonomy":"product_tag","embeddable":true,"href":"https:\/\/www.ilkaytrade.com.tr\/tr\/wp-json\/wp\/v2\/product_tag?post=3302"}],"curies":[{"name":"wp","href":"https:\/\/api.w.org\/{rel}","templated":true}]}}