{"id":3256,"date":"2023-08-20T18:33:46","date_gmt":"2023-08-20T18:33:46","guid":{"rendered":"http:\/\/www.ilkaytrade.com.tr\/tr\/?post_type=product&#038;p=3256"},"modified":"2023-08-20T18:33:46","modified_gmt":"2023-08-20T18:33:46","slug":"tikkurila-boya-colowood","status":"publish","type":"product","link":"https:\/\/www.ilkaytrade.com.tr\/tr\/urun\/tikkurila-boya-colowood\/","title":{"rendered":"Tikkurila Boya &#8211; Colowood"},"content":{"rendered":"<p>-T\u00fcm i\u00e7 mekan ah\u015fap y\u00fczeylerdeki delik ve yar\u0131klar\u0131n tamiri i\u00e7in uygundur.<br \/>\n-\u0130\u00e7 mekan mobilya, kap\u0131, masif panel y\u00fczeyler ve tavan lambrileri i\u00e7in uygundur.<\/p>\n<p>Detayl\u0131 bilgi i\u00e7in;<\/p>\n<p><a href=\"http:\/\/Tikkurila Boya - Colowood\">Tikkurila Boya &#8211; Colowood<\/a><\/p>\n<p>&nbsp;<\/p>\n","protected":false},"excerpt":{"rendered":"<p>\u0130\u00e7 Mekan Su Bazl\u0131 Ah\u015fap Dolgu Macunu.<\/p>\n","protected":false},"featured_media":3257,"template":"","meta":{"_acf_changed":false},"product_cat":[62,81],"product_tag":[],"class_list":["post-3256","product","type-product","status-publish","has-post-thumbnail","hentry","product_cat-tikkurila-boya","product_cat-tikkurila-boya-ic-mekan"],"acf":[],"_links":{"self":[{"href":"https:\/\/www.ilkaytrade.com.tr\/tr\/wp-json\/wp\/v2\/product\/3256","targetHints":{"allow":["GET"]}}],"collection":[{"href":"https:\/\/www.ilkaytrade.com.tr\/tr\/wp-json\/wp\/v2\/product"}],"about":[{"href":"https:\/\/www.ilkaytrade.com.tr\/tr\/wp-json\/wp\/v2\/types\/product"}],"wp:featuredmedia":[{"embeddable":true,"href":"https:\/\/www.ilkaytrade.com.tr\/tr\/wp-json\/wp\/v2\/media\/3257"}],"wp:attachment":[{"href":"https:\/\/www.ilkaytrade.com.tr\/tr\/wp-json\/wp\/v2\/media?parent=3256"}],"wp:term":[{"taxonomy":"product_cat","embeddable":true,"href":"https:\/\/www.ilkaytrade.com.tr\/tr\/wp-json\/wp\/v2\/product_cat?post=3256"},{"taxonomy":"product_tag","embeddable":true,"href":"https:\/\/www.ilkaytrade.com.tr\/tr\/wp-json\/wp\/v2\/product_tag?post=3256"}],"curies":[{"name":"wp","href":"https:\/\/api.w.org\/{rel}","templated":true}]}}