{"id":3250,"date":"2023-08-20T17:49:45","date_gmt":"2023-08-20T17:49:45","guid":{"rendered":"https:\/\/www.ilkaytrade.com.tr\/tr\/?post_type=product&#038;p=3250"},"modified":"2023-12-10T17:07:40","modified_gmt":"2023-12-10T17:07:40","slug":"out-deco-panel-rapor-aama","status":"publish","type":"product","link":"https:\/\/www.ilkaytrade.com.tr\/tr\/urun\/out-deco-panel-rapor-aama\/","title":{"rendered":"Out Deco Panel &#8211; Rapor AAMA"},"content":{"rendered":"<p>\u00dcr\u00fcn R\u00fczgar Testi Raporu, Detayl\u0131 Bilgi \u0130\u00e7in;<\/p>\n<p><a href=\"http:\/\/www.ilkaytrade.com.tr\/tr\/wp-content\/uploads\/2023\/08\/Test-Report-Dynamic-Wind-Loading-California-AAMA-501.1-05.pdf\">Out Deco Panel &#8211; Rapor AAMA<\/a><\/p>\n","protected":false},"excerpt":{"rendered":"<p>\u00dcr\u00fcn R\u00fczgar Testi Raporu, Detayl\u0131 Bilgi \u0130\u00e7in; Out Deco Panel &#8211; Rapor AAMA<\/p>\n","protected":false},"featured_media":3492,"template":"","meta":{"_acf_changed":false},"product_cat":[67],"product_tag":[],"class_list":["post-3250","product","type-product","status-publish","has-post-thumbnail","hentry","product_cat-out-deco-panel"],"acf":[],"_links":{"self":[{"href":"https:\/\/www.ilkaytrade.com.tr\/tr\/wp-json\/wp\/v2\/product\/3250","targetHints":{"allow":["GET"]}}],"collection":[{"href":"https:\/\/www.ilkaytrade.com.tr\/tr\/wp-json\/wp\/v2\/product"}],"about":[{"href":"https:\/\/www.ilkaytrade.com.tr\/tr\/wp-json\/wp\/v2\/types\/product"}],"wp:featuredmedia":[{"embeddable":true,"href":"https:\/\/www.ilkaytrade.com.tr\/tr\/wp-json\/wp\/v2\/media\/3492"}],"wp:attachment":[{"href":"https:\/\/www.ilkaytrade.com.tr\/tr\/wp-json\/wp\/v2\/media?parent=3250"}],"wp:term":[{"taxonomy":"product_cat","embeddable":true,"href":"https:\/\/www.ilkaytrade.com.tr\/tr\/wp-json\/wp\/v2\/product_cat?post=3250"},{"taxonomy":"product_tag","embeddable":true,"href":"https:\/\/www.ilkaytrade.com.tr\/tr\/wp-json\/wp\/v2\/product_tag?post=3250"}],"curies":[{"name":"wp","href":"https:\/\/api.w.org\/{rel}","templated":true}]}}