{"id":3248,"date":"2023-08-20T17:48:38","date_gmt":"2023-08-20T17:48:38","guid":{"rendered":"https:\/\/www.ilkaytrade.com.tr\/tr\/?post_type=product&#038;p=3248"},"modified":"2023-08-20T17:48:38","modified_gmt":"2023-08-20T17:48:38","slug":"out-deco-panel-rapor-astm","status":"publish","type":"product","link":"https:\/\/www.ilkaytrade.com.tr\/tr\/urun\/out-deco-panel-rapor-astm\/","title":{"rendered":"Out Deco Panel &#8211; Rapor ASTM"},"content":{"rendered":"<p>Detayl\u0131 Bilgi \u0130\u00e7in;<\/p>\n<p><a href=\"http:\/\/www.ilkaytrade.com.tr\/tr\/wp-content\/uploads\/2023\/08\/Test-Report-Surface-Burning-Characteristics-Regulation-ASTM-E-84-15b.pdf\">Out Deco Panel &#8211; Rapor ASTM<\/a><\/p>\n","protected":false},"excerpt":{"rendered":"<p>Detayl\u0131 Bilgi \u0130\u00e7in; Out Deco Panel &#8211; Rapor ASTM<\/p>\n","protected":false},"featured_media":2713,"template":"","meta":{"_acf_changed":false},"product_cat":[67],"product_tag":[],"class_list":["post-3248","product","type-product","status-publish","has-post-thumbnail","hentry","product_cat-out-deco-panel"],"acf":[],"_links":{"self":[{"href":"https:\/\/www.ilkaytrade.com.tr\/tr\/wp-json\/wp\/v2\/product\/3248","targetHints":{"allow":["GET"]}}],"collection":[{"href":"https:\/\/www.ilkaytrade.com.tr\/tr\/wp-json\/wp\/v2\/product"}],"about":[{"href":"https:\/\/www.ilkaytrade.com.tr\/tr\/wp-json\/wp\/v2\/types\/product"}],"wp:featuredmedia":[{"embeddable":true,"href":"https:\/\/www.ilkaytrade.com.tr\/tr\/wp-json\/wp\/v2\/media\/2713"}],"wp:attachment":[{"href":"https:\/\/www.ilkaytrade.com.tr\/tr\/wp-json\/wp\/v2\/media?parent=3248"}],"wp:term":[{"taxonomy":"product_cat","embeddable":true,"href":"https:\/\/www.ilkaytrade.com.tr\/tr\/wp-json\/wp\/v2\/product_cat?post=3248"},{"taxonomy":"product_tag","embeddable":true,"href":"https:\/\/www.ilkaytrade.com.tr\/tr\/wp-json\/wp\/v2\/product_tag?post=3248"}],"curies":[{"name":"wp","href":"https:\/\/api.w.org\/{rel}","templated":true}]}}