{"id":3235,"date":"2023-08-20T14:11:55","date_gmt":"2023-08-20T14:11:55","guid":{"rendered":"https:\/\/www.ilkaytrade.com.tr\/tr\/?post_type=product&#038;p=3235"},"modified":"2025-08-12T13:15:14","modified_gmt":"2025-08-12T13:15:14","slug":"lunawood-thermowood-ahsap-kullanim-kilavuzu","status":"publish","type":"product","link":"https:\/\/www.ilkaytrade.com.tr\/tr\/urun\/lunawood-thermowood-ahsap-kullanim-kilavuzu\/","title":{"rendered":"Lunawood Thermowood Ah\u015fap &#8211; Kullan\u0131m K\u0131lavuzu"},"content":{"rendered":"","protected":false},"excerpt":{"rendered":"<p style=\"text-align: center;\">Daha fazla bilgi i\u00e7in;<\/p>\n<p style=\"text-align: center;\">\n    <a href=\"http:\/\/www.ilkaytrade.com.tr\/tr\/wp-content\/uploads\/2023\/08\/PROFESYONELLER-I\u0307C\u0327I\u0307N-LUNAWOOD-KILAVUZU.pdf\" target=\"_blank\" rel=\"noopener noreferrer\" style=\"display: inline-flex; align-items: center; background-color: orange; color: white; padding: 8px 12px; border-radius: 5px; text-decoration: none; font-weight: bold;\"><br \/>\n        <img decoding=\"async\" src=\"https:\/\/cdn-icons-png.flaticon.com\/512\/337\/337946.png\" alt=\"PDF\" style=\"width: 20px; height: 20px; vertical-align: middle; margin-right: 5px;\"><br \/>\n        Lunawood Thermowood Ah\u015fap &#8211; Profesyoneller i\u00e7in Kullan\u0131m K\u0131lavuzu (PDF)<br \/>\n    <\/a><\/p>\n","protected":false},"featured_media":3533,"template":"","meta":{"_acf_changed":false},"product_cat":[65,85,83,84],"product_tag":[],"class_list":["post-3235","product","type-product","status-publish","has-post-thumbnail","hentry","product_cat-lunawood-thermowood-ahsap","product_cat-lunawood-thermowood-ahsap-cephe","product_cat-lunawood-thermowood-ahsap-ic-mekan","product_cat-lunawood-thermowood-ahsap-zemin"],"acf":[],"_links":{"self":[{"href":"https:\/\/www.ilkaytrade.com.tr\/tr\/wp-json\/wp\/v2\/product\/3235","targetHints":{"allow":["GET"]}}],"collection":[{"href":"https:\/\/www.ilkaytrade.com.tr\/tr\/wp-json\/wp\/v2\/product"}],"about":[{"href":"https:\/\/www.ilkaytrade.com.tr\/tr\/wp-json\/wp\/v2\/types\/product"}],"wp:featuredmedia":[{"embeddable":true,"href":"https:\/\/www.ilkaytrade.com.tr\/tr\/wp-json\/wp\/v2\/media\/3533"}],"wp:attachment":[{"href":"https:\/\/www.ilkaytrade.com.tr\/tr\/wp-json\/wp\/v2\/media?parent=3235"}],"wp:term":[{"taxonomy":"product_cat","embeddable":true,"href":"https:\/\/www.ilkaytrade.com.tr\/tr\/wp-json\/wp\/v2\/product_cat?post=3235"},{"taxonomy":"product_tag","embeddable":true,"href":"https:\/\/www.ilkaytrade.com.tr\/tr\/wp-json\/wp\/v2\/product_tag?post=3235"}],"curies":[{"name":"wp","href":"https:\/\/api.w.org\/{rel}","templated":true}]}}