{"id":3231,"date":"2023-08-20T14:04:01","date_gmt":"2023-08-20T14:04:01","guid":{"rendered":"https:\/\/www.ilkaytrade.com.tr\/tr\/?post_type=product&#038;p=3231"},"modified":"2025-08-12T13:22:01","modified_gmt":"2025-08-12T13:22:01","slug":"lunawood-thermowood-ahsap-urun-bilgisi","status":"publish","type":"product","link":"https:\/\/www.ilkaytrade.com.tr\/tr\/urun\/lunawood-thermowood-ahsap-urun-bilgisi\/","title":{"rendered":"LunaWood Thermowood Ah\u015fap &#8211; \u00dcr\u00fcn Bilgisi"},"content":{"rendered":"","protected":false},"excerpt":{"rendered":"<div style=\"max-width: 900px; margin: 0 auto; font-family: Arial, sans-serif; line-height: 1.6;\">\n<h2 style=\"text-align: center;\">Thermowood\u00ae \u0130\u015flemi<\/h2>\n<p><strong>Thermowood\u00ae i\u015flemi<\/strong>, 1985 y\u0131l\u0131nda Fin Lunawood OY Fabrikas\u0131\u2019n\u0131n kurucular\u0131 olan Karkainen karde\u015fler taraf\u0131ndan, Helsinki \u00dcniversitesi ile ortak olarak geli\u015ftirilmi\u015ftir. Bu sistem, gen\u00e7 a\u011fa\u00e7lar\u0131n kullan\u0131labilir hale getirilmesi amac\u0131yla ke\u015ffedilmi\u015ftir.<\/p>\n<p>Thermowood\u00ae, y\u00fcksek s\u0131cakl\u0131k (320\u00b0C), su buhar\u0131 ve kontroll\u00fc hava dola\u015f\u0131m\u0131 ile \u0130skandinav b\u00f6lgesi a\u011fa\u00e7lar\u0131na uygulanan termal modifikasyon i\u015flemidir. Ah\u015fab\u0131n i\u00e7 s\u0131cakl\u0131\u011f\u0131 185\u00b0C &#8211; 212\u00b0C aras\u0131nda, ah\u015fab\u0131n kal\u0131nl\u0131\u011f\u0131na ve ba\u015flang\u0131\u00e7 rutubetine ba\u011fl\u0131 olarak 48 ila 144 saat aras\u0131nda i\u015flem g\u00f6r\u00fcr.<\/p>\n<p>Uygulanan y\u00fcksek \u0131s\u0131 sonucu sel\u00fcloz zincirleri par\u00e7alan\u0131r, asitler \u00e7\u00f6z\u00fcn\u00fcr, mikroorganizmalar ve ha\u015fereler yok edilir. Ah\u015fab\u0131 \u00e7\u00fcr\u00fcten mantarlar\u0131n beslendi\u011fi ortam ortadan kald\u0131r\u0131l\u0131r. Re\u00e7inenin b\u00fcy\u00fck k\u0131sm\u0131 uzakla\u015ft\u0131r\u0131l\u0131r, kalan miktar ise kristalize edilerek zarars\u0131z hale getirilir. Bu i\u015flem, d\u00fcnyan\u0131n tek 67 metre uzunlu\u011fundaki 7 odal\u0131 kesintisiz f\u0131r\u0131n\u0131nda yap\u0131lmaktad\u0131r.<\/p>\n<p>Thermowood\u00ae i\u015fleminde, ah\u015fab\u0131n nem oran\u0131 \u00f6nce s\u0131f\u0131ra indirilir. Ard\u0131ndan, kond\u00fcsyonlama a\u015famas\u0131nda ah\u015faba %4 &#8211; 6 oran\u0131nda nem kazand\u0131r\u0131l\u0131r. \u0130\u00e7 ve d\u0131\u015f nem oranlar\u0131 aras\u0131ndaki bu denge, ileride olu\u015fabilecek e\u011filme, b\u00fck\u00fclme, \u00e7ekme ve \u00e7al\u0131\u015fmalar\u0131 minimize eder.<\/p>\n<p>Thermowood\u00ae i\u015fleminde kullan\u0131lacak kerestenin kalitesi \u00e7ok \u00f6nemlidir. Farkl\u0131 hammadelerden elde edilmi\u015f ve s\u00fcreklili\u011fi olmayan \u00fcretimler, projelerin gelece\u011fini olumsuz etkileyebilir. Bu nedenle hammaddenin standart kalitede ve s\u00fcrd\u00fcr\u00fclebilir FSC sertifikal\u0131 \u0130skandinav ormanlar\u0131ndan elde edilmesi \u00f6nemlidir.<\/p>\n<p>Prensipte her a\u011fa\u00e7 t\u00fcr\u00fcne \u0131s\u0131l i\u015flem uygulanabilir. Ancak Thermowood\u00ae\u2019da genellikle \u00e7am, ladin, di\u015fbudak ve hu\u015f t\u00fcrleri kullan\u0131lmaktad\u0131r. Is\u0131l i\u015flem parametreleri, her a\u011fa\u00e7 t\u00fcr\u00fc i\u00e7in ayr\u0131 olarak belirlenir. Keresteler, \u201cNordic Cutting\u00ae\u201d ad\u0131 verilen \u00f6z oduna kesim standartlar\u0131na uygun \u015fekilde haz\u0131rlanmal\u0131d\u0131r.<\/p>\n<p>Thermowood\u00ae \u00fcretiminde kullan\u0131lan makine ve ekipmanlar, uluslararas\u0131 ThermoWood\u00ae Birli\u011fi taraf\u0131ndan onayl\u0131, en son Fin teknolojisidir. ThermoWood\u00ae \u00fcr\u00fcnlerinde \u00f6zellikle Fin PEFC ve KOMO sertifikalar\u0131n\u0131n bulunmas\u0131 zorunludur. Bu sertifikalar, \u00fcr\u00fcn\u00fcn ve hammaddenin standartlara uygun oldu\u011funu g\u00f6sterir.<\/p>\n<p>ThermoWood\u00ae Birli\u011fi taraf\u0131ndan iki s\u0131n\u0131f belirlenmi\u015ftir:<\/p>\n<ul>\n<li><strong>LunaThermo-D (Durability):<\/strong> D\u0131\u015f mek\u00e2nlarda kullan\u0131lmak \u00fczere iklim dayan\u0131m\u0131 y\u00fcksek \u00fcr\u00fcnler.<\/li>\n<li><strong>LunaThermo-S (Stability):<\/strong> \u0130\u00e7 mek\u00e2nlarda kullan\u0131lmak \u00fczere daha a\u00e7\u0131k renkli \u00fcr\u00fcnler.<\/li>\n<\/ul>\n<p>    <!-- PDF Butonu --><\/p>\n<div style=\"text-align: center; margin-top: 25px;\">\n        <a href=\"http:\/\/www.ilkaytrade.com.tr\/tr\/wp-content\/uploads\/2023\/08\/Thermowood\u00ae-U\u0308ru\u0308n-Bilgisi.pdf\" target=\"_blank\" rel=\"noopener noreferrer\" style=\"display: inline-flex; align-items: center; background-color: #ff6600; color: white; padding: 12px 18px; text-decoration: none; border-radius: 6px; font-weight: bold; font-size: 15px;\"><br \/>\n            <img decoding=\"async\" src=\"https:\/\/cdn-icons-png.flaticon.com\/512\/337\/337946.png\" alt=\"PDF\" style=\"width: 22px; height: 22px; margin-right: 10px;\" \/><br \/>\n            Lunawood Thermowood\u00ae \u00dcr\u00fcn Bilgisi (PDF)<br \/>\n        <\/a>\n    <\/div>\n<\/div>\n","protected":false},"featured_media":3141,"template":"","meta":{"_acf_changed":false},"product_cat":[65,85,83,84],"product_tag":[],"class_list":["post-3231","product","type-product","status-publish","has-post-thumbnail","hentry","product_cat-lunawood-thermowood-ahsap","product_cat-lunawood-thermowood-ahsap-cephe","product_cat-lunawood-thermowood-ahsap-ic-mekan","product_cat-lunawood-thermowood-ahsap-zemin"],"acf":[],"_links":{"self":[{"href":"https:\/\/www.ilkaytrade.com.tr\/tr\/wp-json\/wp\/v2\/product\/3231","targetHints":{"allow":["GET"]}}],"collection":[{"href":"https:\/\/www.ilkaytrade.com.tr\/tr\/wp-json\/wp\/v2\/product"}],"about":[{"href":"https:\/\/www.ilkaytrade.com.tr\/tr\/wp-json\/wp\/v2\/types\/product"}],"wp:featuredmedia":[{"embeddable":true,"href":"https:\/\/www.ilkaytrade.com.tr\/tr\/wp-json\/wp\/v2\/media\/3141"}],"wp:attachment":[{"href":"https:\/\/www.ilkaytrade.com.tr\/tr\/wp-json\/wp\/v2\/media?parent=3231"}],"wp:term":[{"taxonomy":"product_cat","embeddable":true,"href":"https:\/\/www.ilkaytrade.com.tr\/tr\/wp-json\/wp\/v2\/product_cat?post=3231"},{"taxonomy":"product_tag","embeddable":true,"href":"https:\/\/www.ilkaytrade.com.tr\/tr\/wp-json\/wp\/v2\/product_tag?post=3231"}],"curies":[{"name":"wp","href":"https:\/\/api.w.org\/{rel}","templated":true}]}}