{"id":2882,"date":"2023-07-13T21:14:43","date_gmt":"2023-07-13T21:14:43","guid":{"rendered":"https:\/\/www.ilkaytrade.com.tr\/tr\/?post_type=product&#038;p=2882"},"modified":"2024-02-01T17:41:19","modified_gmt":"2024-02-01T17:41:19","slug":"wood-repair-aqua800","status":"publish","type":"product","link":"https:\/\/www.ilkaytrade.com.tr\/tr\/urun\/wood-repair-aqua800\/","title":{"rendered":"Wood Repair Aqua800+"},"content":{"rendered":"","protected":false},"excerpt":{"rendered":"<p>E800 Aqua+ Ah\u015fap Macunu, 6 mm&#8217;ye (1\/4 in\u00e7) kadar \u00e7atlaklar\u0131 doldurmak i\u00e7in solvent i\u00e7ermeyen, \u00e7evre dostu bir \u00fcr\u00fcnd\u00fcr. E800 Aqua+, a\u015f\u0131nm\u0131\u015f ve \u00e7atlam\u0131\u015f ah\u015fab\u0131n onar\u0131m\u0131 i\u00e7in kullan\u0131lan g\u00f6zenekli bir dolgu maddesidir. E800 Aqua+ Mastic \u00e7ok ince ve diren\u00e7li bir sonu\u00e7 sa\u011flar. Ambalaj\u0131nda kurumad\u0131\u011f\u0131 i\u00e7in kolay uygulanabilen ve ekonomik \u00e7ok esnek bir \u00fcr\u00fcnd\u00fcr. Neme dayan\u0131kl\u0131d\u0131r. E800 Aqua+ kullan\u0131ma haz\u0131rd\u0131r. Yan\u0131c\u0131 ve toksik de\u011fildir. Zamanla kararma yapmaz. \u0130\u00e7 ve d\u0131\u015f mekanlarda kullan\u0131labilir. Boyanabilir ve verniklenebilir. \u00c7ok d\u00fczg\u00fcn ve \u00e7ok yo\u011fun olan E800 Aqua+ \u00e7ivi ba\u015flar\u0131n\u0131 doldurmak i\u00e7in \u00e7ok uygundur.<\/p>\n","protected":false},"featured_media":3731,"template":"","meta":{"_acf_changed":false},"product_cat":[66],"product_tag":[],"class_list":["post-2882","product","type-product","status-publish","has-post-thumbnail","hentry","product_cat-wood-repair-macun"],"acf":[],"_links":{"self":[{"href":"https:\/\/www.ilkaytrade.com.tr\/tr\/wp-json\/wp\/v2\/product\/2882","targetHints":{"allow":["GET"]}}],"collection":[{"href":"https:\/\/www.ilkaytrade.com.tr\/tr\/wp-json\/wp\/v2\/product"}],"about":[{"href":"https:\/\/www.ilkaytrade.com.tr\/tr\/wp-json\/wp\/v2\/types\/product"}],"wp:featuredmedia":[{"embeddable":true,"href":"https:\/\/www.ilkaytrade.com.tr\/tr\/wp-json\/wp\/v2\/media\/3731"}],"wp:attachment":[{"href":"https:\/\/www.ilkaytrade.com.tr\/tr\/wp-json\/wp\/v2\/media?parent=2882"}],"wp:term":[{"taxonomy":"product_cat","embeddable":true,"href":"https:\/\/www.ilkaytrade.com.tr\/tr\/wp-json\/wp\/v2\/product_cat?post=2882"},{"taxonomy":"product_tag","embeddable":true,"href":"https:\/\/www.ilkaytrade.com.tr\/tr\/wp-json\/wp\/v2\/product_tag?post=2882"}],"curies":[{"name":"wp","href":"https:\/\/api.w.org\/{rel}","templated":true}]}}