{"id":6,"date":"2013-01-27T15:44:21","date_gmt":"2013-01-27T15:44:21","guid":{"rendered":"http:\/\/www.ilkaytrade.com.tr\/tr\/?page_id=6"},"modified":"2025-08-03T12:44:52","modified_gmt":"2025-08-03T12:44:52","slug":"sirket-profili","status":"publish","type":"page","link":"https:\/\/www.ilkaytrade.com.tr\/tr\/sirket-profili\/","title":{"rendered":"\u015eirket Profili"},"content":{"rendered":"\t\t<div data-elementor-type=\"wp-page\" data-elementor-id=\"6\" class=\"elementor elementor-6\">\n\t\t\t\t\t\t<section class=\"elementor-section elementor-top-section elementor-element elementor-element-70d7af8f elementor-section-boxed elementor-section-height-default elementor-section-height-default gs-locked-section-no\" data-id=\"70d7af8f\" data-element_type=\"section\">\n\t\t\t\t\t\t<div class=\"elementor-container elementor-column-gap-default\">\n\t\t\t\t\t<div class=\"elementor-column elementor-col-100 elementor-top-column elementor-element elementor-element-754f1459\" data-id=\"754f1459\" data-element_type=\"column\">\n\t\t\t<div class=\"elementor-widget-wrap elementor-element-populated\">\n\t\t\t\t\t\t<div class=\"elementor-element elementor-element-3c1e8c7f elementor-widget elementor-widget-text-editor\" data-id=\"3c1e8c7f\" data-element_type=\"widget\" data-widget_type=\"text-editor.default\">\n\t\t\t\t<div class=\"elementor-widget-container\">\n\t\t\t<style>\/*! elementor - v3.22.0 - 24-06-2024 *\/\n.elementor-widget-text-editor.elementor-drop-cap-view-stacked .elementor-drop-cap{background-color:#69727d;color:#fff}.elementor-widget-text-editor.elementor-drop-cap-view-framed .elementor-drop-cap{color:#69727d;border:3px solid;background-color:transparent}.elementor-widget-text-editor:not(.elementor-drop-cap-view-default) .elementor-drop-cap{margin-top:8px}.elementor-widget-text-editor:not(.elementor-drop-cap-view-default) .elementor-drop-cap-letter{width:1em;height:1em}.elementor-widget-text-editor .elementor-drop-cap{float:left;text-align:center;line-height:1;font-size:50px}.elementor-widget-text-editor .elementor-drop-cap-letter{display:inline-block}<\/style>\t\t\t\t<h4><strong>\u0130lkay D\u0131\u015f Tic. M\u00fcm. ve Org. Ltd. \u015eti.<\/strong><span style=\"font-family: Overpass, serif; font-size: 1.66667rem; font-weight: 400;\">,<\/span><span style=\"font-family: Overpass, serif; font-size: 15px; font-weight: 400; color: var( --e-global-color-text );\">&nbsp;<\/span><span style=\"font-family: Overpass, serif; font-weight: 400; color: var( --e-global-color-text ); font-size: 1.41667rem;\">&nbsp;2004 y\u0131l\u0131ndan bu yana \u0130stanbul\u2019da faaliyet g\u00f6stermektedir. D\u00fcnyadaki yenilikleri T\u00fcrkiye\u2019ye ta\u015f\u0131may\u0131 misyon edinen firmam\u0131z,<\/span><\/h4>\n<h4><span style=\"font-family: Overpass, serif; font-style: normal; font-weight: 600; font-size: 20px;\">Oy Lunawood Ltd&nbsp;<\/span><span style=\"font-family: Overpass, serif; font-style: normal; font-weight: 400; font-size: 15px; color: var( --e-global-color-text );\">ve&nbsp;<\/span><span style=\"font-family: Overpass, serif; font-style: normal; font-weight: 600; font-size: 20px;\">Tikkurila Oyj<\/span><\/h4><h4><span style=\"font-family: Overpass, serif; font-style: normal; font-size: 15px; font-weight: 400; color: var( --e-global-color-text );\">firmalar\u0131n\u0131n T\u00fcrkiye Yetkili Da\u011f\u0131t\u0131c\u0131s\u0131d\u0131r. \u00dcr\u00fcn gam\u0131nda&nbsp;<\/span><span style=\"font-family: Overpass, serif; font-style: normal; font-weight: 600; font-size: 20px;\">ThermoWood\u00ae<\/span><span style=\"font-family: Overpass, serif; font-style: normal; font-size: 15px; font-weight: 400; color: var( --e-global-color-text );\">&nbsp;<\/span><span style=\"font-family: Overpass, serif; font-style: normal; font-size: 15px; font-weight: 400; color: var( --e-global-color-text );\">(\u0131s\u0131l ah\u015fap), ah\u015fap boyas\u0131 ve koruyucular\u0131n\u0131n yan\u0131 s\u0131ra, t\u00fcm d\u00fcnyadan ithal etti\u011fi do\u011fal ta\u015f, granit, porselen seramik, kontrplak, Burma tiki ve benzeri egzotik a\u011fa\u00e7lar bulunur. Ad\u0131 ge\u00e7en t\u00fcm \u00fcr\u00fcnlerin montaj\u0131 i\u00e7in yeterli ekip ve donan\u0131m\u0131m\u0131z mevcuttur.<\/span><\/h4>\n<h4 style=\"font-style: normal;\"><span style=\"font-family: Overpass, serif; font-weight: 600; font-style: normal; font-size: 20px;\">Lunawood&nbsp;<\/span><b style=\"font-size: 15px; font-style: inherit; color: var( --e-global-color-text );\">Finlandiya\u2019dan&nbsp;<\/b><\/h4>\n<h2><b>ThermoWood\u00ae<a href=\"http:\/\/www.ilkaytrade.com.tr\/tr\/wp-content\/uploads\/2025\/08\/Lunawood_logo.jpg\">&nbsp; &nbsp; &nbsp;<img decoding=\"async\" class=\"alignnone size-medium wp-image-3924\" src=\"http:\/\/www.ilkaytrade.com.tr\/tr\/wp-content\/uploads\/2025\/08\/Lunawood_logo-300x139.jpg\" alt=\"\" width=\"300\" height=\"139\" srcset=\"https:\/\/www.ilkaytrade.com.tr\/tr\/wp-content\/uploads\/2025\/08\/Lunawood_logo-300x139.jpg 300w, https:\/\/www.ilkaytrade.com.tr\/tr\/wp-content\/uploads\/2025\/08\/Lunawood_logo-768x356.jpg 768w, https:\/\/www.ilkaytrade.com.tr\/tr\/wp-content\/uploads\/2025\/08\/Lunawood_logo-600x278.jpg 600w, https:\/\/www.ilkaytrade.com.tr\/tr\/wp-content\/uploads\/2025\/08\/Lunawood_logo.jpg 1000w\" sizes=\"(max-width: 300px) 100vw, 300px\" \/><\/a><\/b><\/h2>\n<p><span style=\"font-weight: 400;\">Is\u0131l Ah\u015fap Teknolojisi&nbsp;<\/span><b style=\"font-style: inherit; color: var( --e-global-color-text );\">%100 Do\u011fal \u2013 Do\u011fa Dostu<\/b><\/p>\n<p><span style=\"font-family: Overpass, serif; font-weight: 400; font-style: normal; font-size: 15px; color: var( --e-global-color-text );\">Normal atmosfer bas\u0131nc\u0131nda 180-230\u00b0C \u0131s\u0131 ve su buhar\u0131 ile f\u0131r\u0131nlama i\u015flemiyle elde edilen \u0131s\u0131l ah\u015faba&nbsp;<\/span><span style=\"font-family: Overpass, serif; font-weight: 600; font-style: normal; font-size: 20px; color: #050505;\">ThermoWood\u00ae<\/span><span style=\"font-family: Overpass, serif; font-weight: 400; font-style: normal; font-size: 15px; color: var( --e-global-color-text );\">&nbsp;ad\u0131 verilmi\u015ftir<\/span><span style=\"font-family: Overpass, serif; font-style: normal; font-size: 15px; color: var( --e-global-color-text );\"><b>.&nbsp;<\/b><\/span><span style=\"font-style: normal; color: #050505; font-family: Overpass, serif; font-weight: 600; font-size: 20px;\">ThermoWood\u00ae<\/span><span style=\"font-size: 15px; font-style: normal; font-weight: 400; color: var( --e-global-color-text ); font-family: Overpass, serif;\">&nbsp;<\/span><span style=\"font-size: 15px; font-style: normal; font-weight: 400; color: var( --e-global-color-text ); font-family: Overpass, serif;\">\u00fcretim a\u015famas\u0131ndan itibaren \u00fcretim s\u00fcrecinde hi\u00e7bir kimyasal katk\u0131 maddesi kullan\u0131l<\/span><span style=\"font-size: 15px; font-style: normal; font-weight: 400; color: var( --e-global-color-text ); font-family: Overpass, serif;\">m<\/span><span style=\"font-size: 15px; font-style: normal; font-weight: 400; color: var( --e-global-color-text ); font-family: Overpass, serif;\">adan i\u015flem g\u00f6ren \u00e7evre dostu, do\u011fal bir malzemedir.<\/span><\/p>\n<h4 style=\"font-style: normal;\"><span style=\"font-family: Overpass, serif; font-weight: 600; font-style: normal; font-size: 20px;\">Lunawood<\/span><b style=\"font-size: 15px; font-style: inherit; color: var( --e-global-color-text );\">,<\/b><span style=\"font-size: 15px; font-weight: 400; color: var( --e-global-color-text );\"> Finlandiya\u2019da yerle\u015fik d\u00fcnyan\u0131n en b\u00fcy\u00fck kapasiteli&nbsp;<\/span><span style=\"font-family: Overpass, serif; font-size: 20px; font-style: normal; font-weight: 600;\">ThermoWood\u00ae<\/span><span style=\"font-size: 15px; font-weight: 400; color: var( --e-global-color-text );\">&nbsp;\u00fcreticisidir. Helsinki \u00dcniversitesi ile birlikte&nbsp;<\/span><span style=\"font-family: Overpass, serif; font-size: 20px; font-style: normal; font-weight: 600;\">ThermoWood\u00ae<\/span><span style=\"font-family: Overpass, serif; font-style: normal; font-size: 15px; font-weight: 400; color: var( --e-global-color-text );\">&nbsp;icad\u0131n\u0131 ger\u00e7ekle\u015ftiren Karkkainen Karde\u015fler, 2002 y\u0131l\u0131nda&nbsp;<\/span><span style=\"font-family: Overpass, serif; font-style: normal; font-weight: 600; font-size: 20px;\">Lunawood<\/span><span style=\"font-family: Overpass, serif; font-style: normal; font-size: 15px; font-weight: 400; color: var( --e-global-color-text );\">&nbsp;patenti ile kendi fabrikalar\u0131nda \u00fcretime ba\u015flad\u0131lar. \u00d6zenle se\u00e7ilen hammaddeyi teknoloji lideri bilgi birikimi ile \u00fcreten&nbsp;<\/span><span style=\"font-family: Overpass, serif; font-style: normal; font-weight: 600; font-size: 20px;\">Lunawood<\/span><span style=\"font-family: Overpass, serif; font-style: normal; color: var( --e-global-color-text ); font-size: 15px; font-weight: 400;\">, KOMO 2 dayan\u0131kl\u0131l\u0131k sertifikas\u0131na sahip tek \u00fcreticidir.<\/span><\/h4>\n<h4 style=\"font-style: normal;\"><span style=\"font-size: 20px;\">ThermoWood\u00ae<\/span><span style=\"font-size: 15px; font-weight: 400; color: var( --e-global-color-text );\">&nbsp;<\/span><b style=\"font-size: 15px; font-style: inherit; color: var( --e-global-color-text );\">\u00d6zellikleri:<\/b><\/h4>\n<ul>\n<li style=\"font-weight: 400;\" aria-level=\"1\"><span style=\"font-weight: 400;\">Y\u00fcksek \u0131s\u0131 alt\u0131nda ah\u015fab\u0131n dengeli nem i\u00e7eri\u011fi %10-15 azal\u0131r , b\u00f6ylelikle ah\u015fap k\u00fcf mantarlar\u0131ndan korunur.<\/span><\/li>\n<li style=\"font-weight: 400;\" aria-level=\"1\"><span style=\"font-weight: 400;\">Ah\u015fapta nem de\u011fi\u015fikli\u011fine ba\u011fl\u0131 \u00e7ekme ve d\u00f6nme \u00f6zellikleri ortadan kalkar.<\/span><\/li>\n<li style=\"font-weight: 400;\" aria-level=\"1\"><span style=\"font-weight: 400;\">Re\u00e7ine ve a\u011fac\u0131n i\u00e7indeki t\u00fcm do\u011fal i\u00e7erik buharla\u015farak yok oldu\u011fundan %90 oran\u0131nda geli\u015ftirilmi\u015f boyutsal d\u00fczg\u00fcnl\u00fck ve dayan\u0131kl\u0131l\u0131k elde edilir.<\/span><\/li>\n<li style=\"font-weight: 400;\" aria-level=\"1\"><span style=\"font-weight: 400;\">Ah\u015fab\u0131n nemlenme \u00f6zelli\u011fi&nbsp;<\/span>%30 ila %90 oran\u0131nda azal\u0131r.<\/li>\n<li style=\"font-weight: 400;\" aria-level=\"1\"><span style=\"font-weight: 400;\">Is\u0131ya dayan\u0131kl\u0131l\u0131k %30 oran\u0131nda artar.<\/span><\/li>\n<li style=\"font-weight: 400;\" aria-level=\"1\"><span style=\"font-weight: 400;\">Is\u0131 ge\u00e7irgenli\u011fi %25 oran\u0131nda azal\u0131r.<\/span><\/li>\n<li style=\"font-weight: 400;\" aria-level=\"1\"><span style=\"font-weight: 400;\">T\u00fcm y\u00fczeylerde ayn\u0131 tonda kahverengi renk elde edilir.<\/span><\/li>\n<li style=\"font-weight: 400;\" aria-level=\"1\"><span style=\"font-weight: 400;\">Ah\u015fap hafifle\u015fir (400-450 kg\/m<\/span><span style=\"font-weight: 400;\">3<\/span><span style=\"font-weight: 400;\">) ve sertle\u015fir.<\/span><\/li>\n<li style=\"font-weight: 400;\" aria-level=\"1\"><span style=\"font-weight: 400;\">\u00c7\u00fcr\u00fcmez, k\u00fcflenmez ve hava \u015fartlar\u0131na dayan\u0131kl\u0131 hale gelir.<\/span><\/li>\n<\/ul>\n<h4 style=\"font-style: normal;\"><span style=\"font-style: inherit; font-size: 20px;\">ThermoWood\u00ae<\/span><b style=\"font-size: 15px; font-style: inherit; color: var( --e-global-color-text );\">&nbsp;\u00dcretiminde Kullan\u0131lan a\u011fa\u00e7 cinsleri: Fin \u00c7am\u0131, Ladin, Hu\u015f<\/b><\/h4>\n<p><b>LunaThermo-S\u00ae&nbsp;<\/b><b style=\"font-style: inherit; color: var( --e-global-color-text );\">(180-185\u00b0C i\u015fleme s\u0131cakl\u0131\u011f\u0131)<\/b><\/p>\n<p><b>&nbsp;<\/b><b style=\"font-style: inherit; color: var( --e-global-color-text );\">\u0130\u00e7 Mekan Kullan\u0131m Alanlar\u0131:<\/b><\/p>\n<ul>\n<li><span style=\"font-weight: 400;\"> Lambri, separat\u00f6r,<\/span><\/li>\n<li><span style=\"font-weight: 400;\">Tavan ve \u00e7at\u0131 alt\u0131 kaplama,<\/span><\/li>\n<li><span style=\"font-weight: 400;\">Mobilya, parke,<\/span><\/li>\n<li><span style=\"font-weight: 400;\">Bah\u00e7e Mobilyas\u0131,<\/span><\/li>\n<li><span style=\"font-weight: 400;\">Kap\u0131 ve pencere aksam\u0131,<\/span><\/li>\n<li><span style=\"font-weight: 400;\">Sauna kaplama ve mobilyas\u0131,<\/span><\/li>\n<li><span style=\"font-weight: 400;\">Di\u011fer: Ah\u015fap oyuncak, ah\u015fap hediyelik e\u015fyalar vb.<\/span><\/li>\n<\/ul>\n<p><b>LunaThermo-D\u00ae (<\/b><b style=\"font-style: inherit; color: var( --e-global-color-text );\">203-212\u00b0C i\u015fleme s\u0131cakl\u0131\u011f\u0131)<\/b><\/p>\n<p><b style=\"font-style: inherit; color: var( --e-global-color-text );\">&nbsp;<\/b><b style=\"font-style: inherit; color: var( --e-global-color-text );\">D\u0131\u015f Mekan Kullan\u0131m Alanlar\u0131:<\/b><\/p>\n<ul>\n<li><span style=\"font-weight: 400;\"> D\u0131\u015f cephe kaplamas\u0131,<\/span><\/li>\n<li><span style=\"font-weight: 400;\">G\u00f6lgelik ve g\u00fcne\u015f panelleri,<\/span><\/li>\n<li><span style=\"font-weight: 400;\">Kepenk, pergola, parapet,<\/span><\/li>\n<li><span style=\"font-weight: 400;\">Park, bah\u00e7e d\u00fczenleme, peyzaj,<\/span><\/li>\n<li><span style=\"font-weight: 400;\">Havuz kenar\u0131, teras d\u00f6\u015femesi,<\/span><\/li>\n<li><span style=\"font-weight: 400;\">Banyo, mutfak mobilyas\u0131,<\/span><\/li>\n<li><span style=\"font-weight: 400;\">Di\u011fer: \u00c7i\u00e7eklik, outdoor sauna kaplama, mutfak malzemesi vb.<\/span><\/li>\n<\/ul>\n<h4 style=\"font-style: normal;\"><span style=\"font-family: Overpass, serif; font-weight: 600; font-style: normal; font-size: 20px;\">Tikkurila Oyj<\/span><b style=\"font-size: 15px; font-style: inherit; color: var( --e-global-color-text );\">&nbsp;\u2013 Ah\u015fap Bak\u0131m\u0131nda Uzman<\/b><b style=\"font-size: 15px; font-style: inherit; color: var( --e-global-color-text );\">&nbsp; &nbsp;&nbsp; &nbsp;&nbsp; &nbsp;&nbsp; &nbsp;&nbsp; &nbsp;&nbsp; &nbsp;&nbsp;<a href=\"http:\/\/www.ilkaytrade.com.tr\/tr\/wp-content\/uploads\/2025\/08\/tikkurila-Logo.jpg\"><img decoding=\"async\" class=\"alignnone size-medium wp-image-3925\" src=\"http:\/\/www.ilkaytrade.com.tr\/tr\/wp-content\/uploads\/2025\/08\/tikkurila-Logo-300x161.jpg\" alt=\"\" width=\"300\" height=\"161\" srcset=\"https:\/\/www.ilkaytrade.com.tr\/tr\/wp-content\/uploads\/2025\/08\/tikkurila-Logo-300x161.jpg 300w, https:\/\/www.ilkaytrade.com.tr\/tr\/wp-content\/uploads\/2025\/08\/tikkurila-Logo-1024x549.jpg 1024w, https:\/\/www.ilkaytrade.com.tr\/tr\/wp-content\/uploads\/2025\/08\/tikkurila-Logo-768x412.jpg 768w, https:\/\/www.ilkaytrade.com.tr\/tr\/wp-content\/uploads\/2025\/08\/tikkurila-Logo-600x322.jpg 600w, https:\/\/www.ilkaytrade.com.tr\/tr\/wp-content\/uploads\/2025\/08\/tikkurila-Logo.jpg 1400w\" sizes=\"(max-width: 300px) 100vw, 300px\" \/><\/a><\/b><\/h4>\n<p><span style=\"font-weight: 400;\">D\u00fcnyan\u0131n en kaliteli a\u011fa\u00e7lar\u0131n\u0131n yeti\u015fti\u011fi Finlandiya&#8217;da ah\u015fap end\u00fcstrisi b\u00fcy\u00fck \u00f6nem ta\u015f\u0131r.&nbsp;&nbsp;<\/span><span style=\"color: #050505; font-family: Overpass, serif; font-style: normal; font-weight: 600; font-size: 20px;\">Tikkurila<\/span><b style=\"font-style: inherit; color: var( --e-global-color-text );\">, <\/b><span style=\"font-family: Overpass, serif; font-style: normal; font-size: 15px; font-weight: 400; color: var( --e-global-color-text );\">1862 y\u0131l\u0131ndan bu yana yakla\u015f\u0131k 160 y\u0131l\u0131 a\u015fan deneyimi ve bilgi birikimiyle eski zamanlardan beri gelenekselle\u015fen ah\u015fap mimarisinin ihtiyac\u0131 do\u011frultusunda ah\u015fap y\u00fczeylere y\u00f6nelik boya ve bak\u0131m \u00fcr\u00fcnlerinin \u00fcretiminde tecr\u00fcbe kazanarak \u00f6zellikle Kuzey ve Do\u011fu Avrupa \u00fclkelerinde lider konuma y\u00fckselmi\u015ftir.&nbsp;<\/span><\/p>\n<h4 style=\"font-style: normal;\"><span style=\"font-family: Overpass, serif; font-weight: 600; font-style: normal; font-size: 20px;\">Tikkurila<\/span><b style=\"font-size: 15px; font-style: inherit; color: var( --e-global-color-text );\">,<\/b><span style=\"font-size: 15px; font-weight: 400; color: var( --e-global-color-text );\"> Do-It- Yourself (DIY) zincirleri, profesyonel boyac\u0131lar ve end\u00fcstriyel uygulamalara y\u00f6nelik beton, ah\u015fap, metal, yer, duvar, tavan, \u00e7at\u0131 aksam\u0131, makina ve ekipmanlar\u0131 vb. t\u00fcm y\u00fczeyler i\u00e7in&nbsp; transparan, yar\u0131 transparan, opak &#8211; su ve solvent bazl\u0131 boya ve cilalar\u0131 ile sekt\u00f6r \u00f6nde gelen \u00fcreticisidir.<\/span><\/h4>\n<p><b>Ah\u015fap D\u0131\u015f Cepheleri Her Zaman Korumak Gerekir<\/b><\/p>\n<ul>\n<li><span style=\"font-weight: 400;\"> Korunmayan ah\u015fap y\u00fczeyler g\u00fcne\u015f \u0131\u015f\u0131nlar\u0131 nedeniyle \u00e7atlar, grile\u015fir ve<\/span><span style=\"font-weight: 400;\"><br><\/span><span style=\"font-weight: 400;\">eskir. Eskiyen y\u00fczeyler h\u0131zla kiri i\u00e7ine al\u0131r.<\/span><\/li>\n<li><span style=\"font-weight: 400;\">Nem ah\u015fab\u0131 \u015fi\u015firir, tekrar kuruyan ah\u015fap fark edilecek miktarda hacim<\/span><span style=\"font-weight: 400;\"><br><\/span><span style=\"font-weight: 400;\">kaybeder. Nem de\u011fi\u015fiklikleri \u00e7atlaklara neden olur.<\/span><\/li>\n<li><span style=\"font-weight: 400;\">Nem, ayn\u0131 zamanda mikrobiyolojik organizmalar\u0131n geli\u015fmesine neden olur. Ah\u015fab\u0131n y\u00fczeyinde ve i\u00e7inde mavi mineral lekeler olu\u015fur.&nbsp; Ah\u015fab\u0131n dayan\u0131kl\u0131l\u0131\u011f\u0131n\u0131 etkileyen k\u00fcf mantarlar\u0131 koyu lekeler b\u0131rak\u0131rken, \u00e7\u00fcr\u00fckler ah\u015fab\u0131n dayan\u0131kl\u0131l\u0131\u011f\u0131n\u0131 azalt\u0131r ve \u00e7\u00fcr\u00fcyen ah\u015fap zamanla kullan\u0131lamaz hale gelir.<\/span><\/li>\n<li><span style=\"font-weight: 400;\">Baz\u0131 co\u011frafi b\u00f6lgelerde ah\u015fap kurtlar\u0131, b\u00f6cekler ve termitler ah\u015faba h\u00fccum eder. Ah\u015fap y\u00fczeylere uygulanacak cilalar, boyalar ah\u015fab\u0131n i\u00e7ine n\u00fcfuz ederek g\u00fcne\u015f \u0131\u015f\u0131nlar\u0131n\u0131n, nemin ve mantarlar\u0131n olumsuz etkisini ortadan kald\u0131r\u0131r. Deniz kenar\u0131nda, a\u00e7\u0131k ortamlarda ah\u015fap y\u00fczeyler iklimsel ve \u00e7evresel etkenlere \u00e7ok daha a\u00e7\u0131k olurlar.&nbsp;yap\u0131lar\u0131n g\u00fcney cephesi, di\u011fer&nbsp; cephelere g\u00f6re 5 kat daha fazla etkilenir.<\/span><\/li>\n<\/ul>\n<p><b>Boya ve cilalar ah\u015fap y\u00fczeyleri do\u011fa etmenlerin verece\u011fi zarardan koruduklar\u0131 gibi, ah\u015faba verdikleri renkle \u00e7evreye uyumunu da sa\u011flar.<\/b><\/p>\t\t\t\t\t\t<\/div>\n\t\t\t\t<\/div>\n\t\t\t\t\t<\/div>\n\t\t<\/div>\n\t\t\t\t\t<\/div>\n\t\t<\/section>\n\t\t\t\t<\/div>\n\t\t","protected":false},"excerpt":{"rendered":"<p>\u0130lkay D\u0131\u015f Tic. M\u00fcm. ve Org. Ltd. \u015eti.,&nbsp;&nbsp;2004 y\u0131l\u0131ndan bu yana \u0130stanbul\u2019da faaliyet g\u00f6stermektedir. D\u00fcnyadaki yenilikleri T\u00fcrkiye\u2019ye ta\u015f\u0131may\u0131 misyon edinen firmam\u0131z, Oy Lunawood&#8230;<\/p>\n","protected":false},"author":2,"featured_media":0,"parent":0,"menu_order":0,"comment_status":"open","ping_status":"open","template":"","meta":{"_acf_changed":false,"footnotes":""},"class_list":["post-6","page","type-page","status-publish","hentry"],"acf":[],"_links":{"self":[{"href":"https:\/\/www.ilkaytrade.com.tr\/tr\/wp-json\/wp\/v2\/pages\/6","targetHints":{"allow":["GET"]}}],"collection":[{"href":"https:\/\/www.ilkaytrade.com.tr\/tr\/wp-json\/wp\/v2\/pages"}],"about":[{"href":"https:\/\/www.ilkaytrade.com.tr\/tr\/wp-json\/wp\/v2\/types\/page"}],"author":[{"embeddable":true,"href":"https:\/\/www.ilkaytrade.com.tr\/tr\/wp-json\/wp\/v2\/users\/2"}],"replies":[{"embeddable":true,"href":"https:\/\/www.ilkaytrade.com.tr\/tr\/wp-json\/wp\/v2\/comments?post=6"}],"version-history":[{"count":29,"href":"https:\/\/www.ilkaytrade.com.tr\/tr\/wp-json\/wp\/v2\/pages\/6\/revisions"}],"predecessor-version":[{"id":3928,"href":"https:\/\/www.ilkaytrade.com.tr\/tr\/wp-json\/wp\/v2\/pages\/6\/revisions\/3928"}],"wp:attachment":[{"href":"https:\/\/www.ilkaytrade.com.tr\/tr\/wp-json\/wp\/v2\/media?parent=6"}],"curies":[{"name":"wp","href":"https:\/\/api.w.org\/{rel}","templated":true}]}}