{"id":181,"date":"2013-02-24T12:26:55","date_gmt":"2013-02-24T12:26:55","guid":{"rendered":"http:\/\/www.ilkaytrade.com.tr\/tr\/?page_id=181"},"modified":"2025-09-17T12:21:06","modified_gmt":"2025-09-17T12:21:06","slug":"satis-noktalari","status":"publish","type":"page","link":"https:\/\/www.ilkaytrade.com.tr\/tr\/urunler\/tikkurilla\/satis-noktalari\/","title":{"rendered":"Tikkurila Boya Sat\u0131\u015f Noktalar\u0131"},"content":{"rendered":"\n<h3 class=\"wp-block-heading\"><strong>BOYTA\u015e BOYA \u0130N\u015e. TARIM ENERJ\u0130 SAN. VE T\u0130C. A.\u015e.<\/strong> <\/h3>\n\n\n\n<p> ANTALYA TEL:0242 344 0727<\/p>\n\n\n\n<h3 class=\"wp-block-heading\"><b>\u00c7INAR TUR\u0130ZM \u0130N\u015e. M\u00dcH. GIDA PAZ. T\u0130C. LTD. \u015eT\u0130<\/b>. <\/h3>\n\n\n\n<p>MUMCULAR \/BODRUM TEL:  0252 373 58 58\u00a0<\/p>\n\n\n\n<h3 class=\"wp-block-heading\"><strong>ERG\u0130N BOYA SAN. VE T\u0130C. LTD. \u015eT\u0130\u00a0<\/strong><\/h3>\n\n\n\n<p>KARAK\u00d6Y VE G\u00d6KT\u00dcRK \/ \u0130STANBUL TEL:0532 100 30 61<\/p>\n\n\n\n<h3 class=\"wp-block-heading\"><b>SUAL YAPI MALZ.\u0130N\u015e.SAN.VE T\u0130C.LTD. \u015eT\u0130<\/b><\/h3>\n\n\n\n<p>M\u0130LAS TEL: 0545 334 80 55<\/p>\n\n\n\n<p><\/p>\n","protected":false},"excerpt":{"rendered":"<p>BOYTA\u015e BOYA \u0130N\u015e. TARIM ENERJ\u0130 SAN. VE T\u0130C. A.\u015e. ANTALYA TEL:0242 344 0727 \u00c7INAR TUR\u0130ZM \u0130N\u015e. M\u00dcH. GIDA PAZ. T\u0130C. LTD. \u015eT\u0130. MUMCULAR&#8230;<\/p>\n","protected":false},"author":2,"featured_media":0,"parent":60,"menu_order":0,"comment_status":"open","ping_status":"open","template":"","meta":{"_acf_changed":false,"footnotes":""},"class_list":["post-181","page","type-page","status-publish","hentry"],"acf":[],"_links":{"self":[{"href":"https:\/\/www.ilkaytrade.com.tr\/tr\/wp-json\/wp\/v2\/pages\/181","targetHints":{"allow":["GET"]}}],"collection":[{"href":"https:\/\/www.ilkaytrade.com.tr\/tr\/wp-json\/wp\/v2\/pages"}],"about":[{"href":"https:\/\/www.ilkaytrade.com.tr\/tr\/wp-json\/wp\/v2\/types\/page"}],"author":[{"embeddable":true,"href":"https:\/\/www.ilkaytrade.com.tr\/tr\/wp-json\/wp\/v2\/users\/2"}],"replies":[{"embeddable":true,"href":"https:\/\/www.ilkaytrade.com.tr\/tr\/wp-json\/wp\/v2\/comments?post=181"}],"version-history":[{"count":12,"href":"https:\/\/www.ilkaytrade.com.tr\/tr\/wp-json\/wp\/v2\/pages\/181\/revisions"}],"predecessor-version":[{"id":3960,"href":"https:\/\/www.ilkaytrade.com.tr\/tr\/wp-json\/wp\/v2\/pages\/181\/revisions\/3960"}],"up":[{"embeddable":true,"href":"https:\/\/www.ilkaytrade.com.tr\/tr\/wp-json\/wp\/v2\/pages\/60"}],"wp:attachment":[{"href":"https:\/\/www.ilkaytrade.com.tr\/tr\/wp-json\/wp\/v2\/media?parent=181"}],"curies":[{"name":"wp","href":"https:\/\/api.w.org\/{rel}","templated":true}]}}