{"id":9,"date":"2013-01-27T15:44:44","date_gmt":"2013-01-27T15:44:44","guid":{"rendered":"http:\/\/www.ilkaytrade.com.tr\/tr\/?page_id=9"},"modified":"2017-10-30T21:29:49","modified_gmt":"2017-10-30T21:29:49","slug":"urunler","status":"publish","type":"page","link":"http:\/\/www.ilkaytrade.com.tr\/tr\/urunler\/","title":{"rendered":"Markalar"},"content":{"rendered":"<table border=\"0\" cellspacing=\"0\" cellpadding=\"0\" align=\"center\">\n<tbody>\n<tr>\n<td width=\"475\">\u00a0<a href=\"http:\/\/www.ilkaytrade.com.tr\/tr\/urunler\/lunawood_logo\/\" rel=\"attachment wp-att-971\"><img decoding=\"async\" class=\"wp-image-971 size-medium aligncenter\" src=\"http:\/\/www.ilkaytrade.com.tr\/tr\/wp-content\/uploads\/2013\/01\/Lunawood_logo-300x139.jpg\" alt=\"\" width=\"300\" height=\"139\" srcset=\"http:\/\/www.ilkaytrade.com.tr\/tr\/wp-content\/uploads\/2013\/01\/Lunawood_logo-300x139.jpg 300w, http:\/\/www.ilkaytrade.com.tr\/tr\/wp-content\/uploads\/2013\/01\/Lunawood_logo-768x356.jpg 768w, http:\/\/www.ilkaytrade.com.tr\/tr\/wp-content\/uploads\/2013\/01\/Lunawood_logo.jpg 1000w\" sizes=\"(max-width: 300px) 100vw, 300px\" \/><\/a><br \/>\n<a href=\"http:\/\/www.ilkaytrade.com.tr\/tr\/wp-content\/uploads\/2013\/02\/Lunawood_logo-1.gif\"><br \/>\n<\/a><\/td>\n<td rowspan=\"3\" width=\"10\"><\/td>\n<td width=\"475\">\u00a0<a href=\"http:\/\/www.ilkaytrade.com.tr\/tr\/?attachment_id=970\" rel=\"attachment wp-att-970\"><img fetchpriority=\"high\" decoding=\"async\" class=\"wp-image-970 size-medium aligncenter\" src=\"http:\/\/www.ilkaytrade.com.tr\/tr\/wp-content\/uploads\/2013\/02\/TIKKURILA_LOGOSLOGAN_ENG_VERTICAL_CMYK-251x300.jpg\" alt=\"\" width=\"251\" height=\"300\" \/><\/a><\/td>\n<\/tr>\n<tr>\n<td align=\"center\">\u00a0Firmam\u0131z D\u00fcnya&#8217;n\u0131n en b\u00fcy\u00fck kapasiteli \u0131s\u0131l ah\u015fap<\/p>\n<h3>thermowood<\/h3>\n<p>\u00fcreticisi<br \/>\nFinlandiya Lunawood OY firmas\u0131n\u0131n Turkiye Yetkili Temsilcisidir.<\/td>\n<td align=\"center\">\u00a0\u0130lkay D\u0131\u015f Ticaret Ltd. \u015eti Finlandiya Tikkurlla firmas\u0131n\u0131n ah\u015fap koruyucu, boya ve cilalar\u0131n\u0131 T\u00fcrkiye pazar\u0131na sunmaktad\u0131r.<\/td>\n<\/tr>\n<tr>\n<td><\/td>\n<td><\/td>\n<\/tr>\n<\/tbody>\n<\/table>\n<table class=\" aligncenter\" border=\"0\" cellspacing=\"0\" cellpadding=\"0\" align=\"center\">\n<tbody>\n<tr>\n<td align=\"center\" valign=\"middle\" width=\"200\"><a href=\"http:\/\/www.ilkaytrade.com.tr\/tr\/?attachment_id=968\" rel=\"attachment wp-att-968\"><img decoding=\"async\" class=\"alignnone wp-image-968 size-medium\" src=\"http:\/\/www.ilkaytrade.com.tr\/tr\/wp-content\/uploads\/2013\/02\/TWPC-LOGO-300x119.jpeg\" alt=\"\" width=\"300\" height=\"119\" \/><\/a><\/td>\n<td align=\"center\" valign=\"middle\" width=\"33\"><\/td>\n<td align=\"center\" valign=\"middle\" width=\"200\"><img loading=\"lazy\" decoding=\"async\" class=\"alignnone size-full wp-image-275\" src=\"http:\/\/www.ilkaytrade.com.tr\/tr\/wp-content\/uploads\/2013\/02\/rantsal_logo1.jpg\" alt=\"thermowood\" width=\"180\" height=\"90\" \/><\/td>\n<td align=\"center\" valign=\"middle\" width=\"33\"><\/td>\n<td align=\"center\" valign=\"middle\" width=\"200\"><img loading=\"lazy\" decoding=\"async\" class=\"alignnone size-full wp-image-272\" src=\"http:\/\/www.ilkaytrade.com.tr\/tr\/wp-content\/uploads\/2013\/02\/lameco_logo1.jpg\" alt=\"thermowood\" width=\"180\" height=\"90\" \/><\/td>\n<td align=\"center\" valign=\"middle\" width=\"33\"><\/td>\n<td align=\"center\" valign=\"middle\" width=\"200\"><img loading=\"lazy\" decoding=\"async\" class=\"alignnone size-full wp-image-274\" src=\"http:\/\/www.ilkaytrade.com.tr\/tr\/wp-content\/uploads\/2013\/02\/marvin_logo1.jpg\" alt=\"thermowood\" width=\"180\" height=\"90\" \/><\/td>\n<td align=\"center\" valign=\"middle\" width=\"33\"><\/td>\n<td align=\"center\" valign=\"middle\" width=\"200\"><img loading=\"lazy\" decoding=\"async\" class=\"alignnone size-full wp-image-271\" src=\"http:\/\/www.ilkaytrade.com.tr\/tr\/wp-content\/uploads\/2013\/02\/integrity1.jpg\" alt=\"thermowood\" width=\"180\" height=\"90\" \/><\/td>\n<\/tr>\n<\/tbody>\n<\/table>\n","protected":false},"excerpt":{"rendered":"<p>\u00a0 \u00a0 \u00a0Firmam\u0131z D\u00fcnya&#8217;n\u0131n en b\u00fcy\u00fck kapasiteli \u0131s\u0131l ah\u015fap thermowood \u00fcreticisi Finlandiya Lunawood OY firmas\u0131n\u0131n Turkiye Yetkili Temsilcisidir. \u00a0\u0130lkay D\u0131\u015f Ticaret Ltd. \u015eti&#8230;<\/p>\n","protected":false},"author":2,"featured_media":0,"parent":0,"menu_order":0,"comment_status":"open","ping_status":"open","template":"template_fullwidth.php","meta":{"_acf_changed":false,"footnotes":""},"class_list":["post-9","page","type-page","status-publish","hentry"],"acf":[],"_links":{"self":[{"href":"http:\/\/www.ilkaytrade.com.tr\/tr\/wp-json\/wp\/v2\/pages\/9","targetHints":{"allow":["GET"]}}],"collection":[{"href":"http:\/\/www.ilkaytrade.com.tr\/tr\/wp-json\/wp\/v2\/pages"}],"about":[{"href":"http:\/\/www.ilkaytrade.com.tr\/tr\/wp-json\/wp\/v2\/types\/page"}],"author":[{"embeddable":true,"href":"http:\/\/www.ilkaytrade.com.tr\/tr\/wp-json\/wp\/v2\/users\/2"}],"replies":[{"embeddable":true,"href":"http:\/\/www.ilkaytrade.com.tr\/tr\/wp-json\/wp\/v2\/comments?post=9"}],"version-history":[{"count":12,"href":"http:\/\/www.ilkaytrade.com.tr\/tr\/wp-json\/wp\/v2\/pages\/9\/revisions"}],"predecessor-version":[{"id":974,"href":"http:\/\/www.ilkaytrade.com.tr\/tr\/wp-json\/wp\/v2\/pages\/9\/revisions\/974"}],"wp:attachment":[{"href":"http:\/\/www.ilkaytrade.com.tr\/tr\/wp-json\/wp\/v2\/media?parent=9"}],"curies":[{"name":"wp","href":"https:\/\/api.w.org\/{rel}","templated":true}]}}