{"id":311,"date":"2013-03-23T15:31:49","date_gmt":"2013-03-23T15:31:49","guid":{"rendered":"http:\/\/www.ilkaytrade.com.tr\/tr\/?page_id=311"},"modified":"2013-03-23T15:31:49","modified_gmt":"2013-03-23T15:31:49","slug":"ic-dis-mekan","status":"publish","type":"page","link":"http:\/\/www.ilkaytrade.com.tr\/tr\/urunler\/tikkurilla\/renk-secenekleri\/ic-dis-mekan\/","title":{"rendered":"\u0130\u00e7 D\u0131\u015f Mekan"},"content":{"rendered":"<p><meta HTTP-EQUIV=\"REFRESH\" content=\"0; url=http:\/\/www.tikkurila.com\/decorative_paints\/colours\"><\/p>\n","protected":false},"excerpt":{"rendered":"","protected":false},"author":2,"featured_media":0,"parent":183,"menu_order":3,"comment_status":"open","ping_status":"open","template":"template_fullwidth.php","meta":{"_acf_changed":false,"footnotes":""},"class_list":["post-311","page","type-page","status-publish","hentry"],"acf":[],"_links":{"self":[{"href":"http:\/\/www.ilkaytrade.com.tr\/tr\/wp-json\/wp\/v2\/pages\/311","targetHints":{"allow":["GET"]}}],"collection":[{"href":"http:\/\/www.ilkaytrade.com.tr\/tr\/wp-json\/wp\/v2\/pages"}],"about":[{"href":"http:\/\/www.ilkaytrade.com.tr\/tr\/wp-json\/wp\/v2\/types\/page"}],"author":[{"embeddable":true,"href":"http:\/\/www.ilkaytrade.com.tr\/tr\/wp-json\/wp\/v2\/users\/2"}],"replies":[{"embeddable":true,"href":"http:\/\/www.ilkaytrade.com.tr\/tr\/wp-json\/wp\/v2\/comments?post=311"}],"version-history":[{"count":1,"href":"http:\/\/www.ilkaytrade.com.tr\/tr\/wp-json\/wp\/v2\/pages\/311\/revisions"}],"predecessor-version":[{"id":312,"href":"http:\/\/www.ilkaytrade.com.tr\/tr\/wp-json\/wp\/v2\/pages\/311\/revisions\/312"}],"up":[{"embeddable":true,"href":"http:\/\/www.ilkaytrade.com.tr\/tr\/wp-json\/wp\/v2\/pages\/183"}],"wp:attachment":[{"href":"http:\/\/www.ilkaytrade.com.tr\/tr\/wp-json\/wp\/v2\/media?parent=311"}],"curies":[{"name":"wp","href":"https:\/\/api.w.org\/{rel}","templated":true}]}}