{"id":2536,"date":"2020-08-07T12:27:46","date_gmt":"2020-08-07T12:27:46","guid":{"rendered":"http:\/\/grada.wp\/vara\/?page_id=340"},"modified":"2025-01-05T15:26:04","modified_gmt":"2025-01-05T15:26:04","slug":"portfolio-pinterest","status":"publish","type":"page","link":"http:\/\/www.ilkaytrade.com.tr\/tr\/portfolio-pinterest\/","title":{"rendered":"Portfolio Pinterest"},"content":{"rendered":"\t\t<div data-elementor-type=\"wp-page\" data-elementor-id=\"2536\" class=\"elementor elementor-2536\">\n\t\t\t\t\t\t<section class=\"elementor-section elementor-top-section elementor-element elementor-element-1cb6575 elementor-section-boxed elementor-section-height-default elementor-section-height-default gs-locked-section-no\" data-id=\"1cb6575\" data-element_type=\"section\" data-settings=\"{&quot;background_background&quot;:&quot;classic&quot;}\">\n\t\t\t\t\t\t<div class=\"elementor-container elementor-column-gap-default\">\n\t\t\t\t\t<div class=\"elementor-column elementor-col-100 elementor-top-column elementor-element elementor-element-2dbe082\" data-id=\"2dbe082\" data-element_type=\"column\">\n\t\t\t<div class=\"elementor-widget-wrap elementor-element-populated\">\n\t\t\t\t\t\t<section class=\"elementor-section elementor-inner-section elementor-element elementor-element-1b5e125 elementor-section-boxed elementor-section-height-default elementor-section-height-default gs-locked-section-no\" data-id=\"1b5e125\" data-element_type=\"section\">\n\t\t\t\t\t\t<div class=\"elementor-container elementor-column-gap-wider\">\n\t\t\t\t\t<div class=\"elementor-column elementor-col-100 elementor-inner-column elementor-element elementor-element-0a49687\" data-id=\"0a49687\" data-element_type=\"column\">\n\t\t\t<div class=\"elementor-widget-wrap elementor-element-populated\">\n\t\t\t\t\t\t<div class=\"elementor-element elementor-element-f849ed8 elementor-widget elementor-widget-grada-section-title\" data-id=\"f849ed8\" data-element_type=\"widget\" data-widget_type=\"grada-section-title.default\">\n\t\t\t\t<div class=\"elementor-widget-container\">\n\t\t\t\t\t\t<div class=\"gs-section-title-holder\">\n                                    <div class=\"gs-section-title-inner\">\n\n\t\t\t                                        <h2 class=\"gs-section-title\">Projeler<\/h2>                        \t\t\t                                        <div class=\"gs-section-title-content\">\n\t                            <p>\u0130lkay D\u0131\u015f Ticaret, 20 y\u0131l\u0131 a\u015fk\u0131n deneyimiyle turizm ve konut projelerinin ger\u00e7ek de\u011ferine kavu\u015fmas\u0131nda rol oynam\u0131\u015ft\u0131r. Turizmden l\u00fcks konut mimarisine, kapsaml\u0131 portf\u00f6y\u00fcn\u00fcn \u00f6ne \u00e7\u0131kan projeleriyle tan\u0131\u015f\u0131n.<\/p>\n                            <\/div>\n                                            <\/div>\n                \t\t\t<\/div>\n\t\t\t\t<\/div>\n\t\t\t\t<\/div>\n\t\t\t\t\t<\/div>\n\t\t<\/div>\n\t\t\t\t\t<\/div>\n\t\t<\/section>\n\t\t\t\t\t<\/div>\n\t\t<\/div>\n\t\t\t\t\t<\/div>\n\t\t<\/section>\n\t\t\t\t<section class=\"elementor-section elementor-top-section elementor-element elementor-element-6d660a8 elementor-section-boxed elementor-section-height-default elementor-section-height-default gs-locked-section-no\" data-id=\"6d660a8\" data-element_type=\"section\">\n\t\t\t\t\t\t<div class=\"elementor-container elementor-column-gap-default\">\n\t\t\t\t\t<div class=\"elementor-column elementor-col-100 elementor-top-column elementor-element elementor-element-f2599b0\" data-id=\"f2599b0\" data-element_type=\"column\">\n\t\t\t<div class=\"elementor-widget-wrap elementor-element-populated\">\n\t\t\t\t\t\t<section class=\"elementor-section elementor-inner-section elementor-element elementor-element-038f144 elementor-section-boxed elementor-section-height-default elementor-section-height-default gs-locked-section-no\" data-id=\"038f144\" data-element_type=\"section\">\n\t\t\t\t\t\t<div class=\"elementor-container elementor-column-gap-wider\">\n\t\t\t\t\t<div class=\"elementor-column elementor-col-100 elementor-inner-column elementor-element elementor-element-3a13fde\" data-id=\"3a13fde\" data-element_type=\"column\">\n\t\t\t<div class=\"elementor-widget-wrap elementor-element-populated\">\n\t\t\t\t\t\t<div class=\"elementor-element elementor-element-d4aba09 elementor-widget elementor-widget-grada-portfolio\" data-id=\"d4aba09\" data-element_type=\"widget\" data-widget_type=\"grada-portfolio.default\">\n\t\t\t\t<div class=\"elementor-widget-container\">\n\t\t\t\t\t\t<div class=\"gs-entries-wrapper gs-portfolio-custom-cursor gs-entries-filter gs-entries-style-text-follow gs-portfolio-wrapper\" data-entries-id=\"d4aba09\">\n\t\t\t\t\t\t\t\t<div class=\"gs-portfolio-list gs-portfolio-list--text-follow gs-overflow-hidden\">\n\t\t\t\t\t\n<div class=\"row isotope-container\" data-entries-source=\"5d7478dcfd119e9cf22778628804a87f\">\n\t\t\t\t\t<article class=\"iso-item col-lg-4 lunawood-thermowood-cephe lunawood-thermowood-ic-mekan tikkurila-boya-ic-mekan post-1687 portfolio type-portfolio status-publish has-post-thumbnail hentry project_cat-lunawood-thermowood-ahsap project_cat-tikkurila-boya project_tag-lunawood-thermowood-cephe project_tag-lunawood-thermowood-ic-mekan project_tag-tikkurila-boya-ic-mekan\" id=\"id-1687\" data-col-num=\"3-columns\" data-entry-id=\"1687\">\n\t\t\t<div class=\"entry-holder portfolio-item-holder wow gsSkewIn\" >\n\t\t\t\t<article class=\"gs-portfolio-item gs-portfolio-item--text-follow\">\n    <div class=\"entry-overlay-wrapper\">\n        <div class=\"entry-thumbnail\">\n            <a href=\"http:\/\/www.ilkaytrade.com.tr\/tr\/portfolio\/tornhuset\/\" class=\"entry-thumbnail__link\">\n\t\t\t                        <div class=\"entry-image-ratio\" style=\"padding-bottom: 66.666667% !important;\">\n\t\t\t\t\t    <img fetchpriority=\"high\" decoding=\"async\" width=\"900\" height=\"600\" src=\"http:\/\/www.ilkaytrade.com.tr\/tr\/wp-content\/uploads\/2020\/08\/IMG_3563.jpg\" class=\"attachment-post-thumbnail size-post-thumbnail wp-post-image\" alt=\"\" srcset=\"http:\/\/www.ilkaytrade.com.tr\/tr\/wp-content\/uploads\/2020\/08\/IMG_3563.jpg 900w, http:\/\/www.ilkaytrade.com.tr\/tr\/wp-content\/uploads\/2020\/08\/IMG_3563-300x200.jpg 300w, http:\/\/www.ilkaytrade.com.tr\/tr\/wp-content\/uploads\/2020\/08\/IMG_3563-768x512.jpg 768w, http:\/\/www.ilkaytrade.com.tr\/tr\/wp-content\/uploads\/2020\/08\/IMG_3563-600x400.jpg 600w\" sizes=\"(max-width: 900px) 100vw, 900px\" \/>                    <\/div>\n\t\t\t                <\/a>\n        <\/div>\n    <\/div>\n    <div class=\"entry-details\">\n        <div class=\"entry-details__inner\">\n            <div class=\"portfolio-info\">\n\t\t\t\t                    <div class=\"entry-details-meta\">\n\t\t\t\t\t\t<div class=\"entry-meta-categories gs-divider\">\n    <ul>\n                    <li><a href=\"http:\/\/www.ilkaytrade.com.tr\/tr\/portfolio-cat\/lunawood-thermowood-ahsap\/\">Lunawood Thermowood Ah\u015fap<\/a><\/li>\n                    <li><a href=\"http:\/\/www.ilkaytrade.com.tr\/tr\/portfolio-cat\/tikkurila-boya\/\">Tikkurila Boya<\/a><\/li>\n            <\/ul>\n<\/div>                    <\/div>\n\t\t\t\t\t\t\t\t                    <h4 class=\"entry-details-title\">\n                        <a href=\"http:\/\/www.ilkaytrade.com.tr\/tr\/portfolio\/tornhuset\/\">Ey\u00fcp Belediyesi Nikah Salonu ve K\u00fclt\u00fcr Merkezi<\/a>\n                    <\/h4>\n\t\t\t\t            <\/div>\n        <\/div>\n    <\/div>\n<\/article>\t\t\t<\/div>\n\t\t<\/article>\n\t\t\t\t\t\t<article class=\"iso-item col-lg-4 lunawood-thermowood-cephe lunawood-thermowood-ic-mekan tikkurila-boya-ic-mekan post-3381 portfolio type-portfolio status-publish has-post-thumbnail hentry project_cat-lunawood-thermowood-ahsap project_cat-tikkurila-boya project_tag-lunawood-thermowood-cephe project_tag-lunawood-thermowood-ic-mekan project_tag-tikkurila-boya-ic-mekan\" id=\"id-3381\" data-col-num=\"3-columns\" data-entry-id=\"3381\">\n\t\t\t<div class=\"entry-holder portfolio-item-holder wow gsSkewIn\" data-wow-delay=0.2s>\n\t\t\t\t<article class=\"gs-portfolio-item gs-portfolio-item--text-follow\">\n    <div class=\"entry-overlay-wrapper\">\n        <div class=\"entry-thumbnail\">\n            <a href=\"http:\/\/www.ilkaytrade.com.tr\/tr\/portfolio\/dlc-cerkezkoy_guncel\/\" class=\"entry-thumbnail__link\">\n\t\t\t                        <div class=\"entry-image-ratio\" style=\"padding-bottom: 66.666667% !important;\">\n\t\t\t\t\t    <img decoding=\"async\" width=\"900\" height=\"600\" src=\"http:\/\/www.ilkaytrade.com.tr\/tr\/wp-content\/uploads\/2023\/07\/DLC.jpg\" class=\"attachment-post-thumbnail size-post-thumbnail wp-post-image\" alt=\"\" srcset=\"http:\/\/www.ilkaytrade.com.tr\/tr\/wp-content\/uploads\/2023\/07\/DLC.jpg 900w, http:\/\/www.ilkaytrade.com.tr\/tr\/wp-content\/uploads\/2023\/07\/DLC-300x200.jpg 300w, http:\/\/www.ilkaytrade.com.tr\/tr\/wp-content\/uploads\/2023\/07\/DLC-768x512.jpg 768w, http:\/\/www.ilkaytrade.com.tr\/tr\/wp-content\/uploads\/2023\/07\/DLC-600x400.jpg 600w\" sizes=\"(max-width: 900px) 100vw, 900px\" \/>                    <\/div>\n\t\t\t                <\/a>\n        <\/div>\n    <\/div>\n    <div class=\"entry-details\">\n        <div class=\"entry-details__inner\">\n            <div class=\"portfolio-info\">\n\t\t\t\t                    <div class=\"entry-details-meta\">\n\t\t\t\t\t\t<div class=\"entry-meta-categories gs-divider\">\n    <ul>\n                    <li><a href=\"http:\/\/www.ilkaytrade.com.tr\/tr\/portfolio-cat\/lunawood-thermowood-ahsap\/\">Lunawood Thermowood Ah\u015fap<\/a><\/li>\n                    <li><a href=\"http:\/\/www.ilkaytrade.com.tr\/tr\/portfolio-cat\/tikkurila-boya\/\">Tikkurila Boya<\/a><\/li>\n            <\/ul>\n<\/div>                    <\/div>\n\t\t\t\t\t\t\t\t                    <h4 class=\"entry-details-title\">\n                        <a href=\"http:\/\/www.ilkaytrade.com.tr\/tr\/portfolio\/dlc-cerkezkoy_guncel\/\">DLC \u00c7erkezk\u00f6y<\/a>\n                    <\/h4>\n\t\t\t\t            <\/div>\n        <\/div>\n    <\/div>\n<\/article>\t\t\t<\/div>\n\t\t<\/article>\n\t\t\t\t\t\t<article class=\"iso-item col-lg-4 lunawood-thermowood-cephe lunawood-thermowood-ic-mekan tikkurila-boya-ic-mekan post-3387 portfolio type-portfolio status-publish has-post-thumbnail hentry project_cat-lunawood-thermowood-ahsap project_cat-tikkurila-boya project_tag-lunawood-thermowood-cephe project_tag-lunawood-thermowood-ic-mekan project_tag-tikkurila-boya-ic-mekan\" id=\"id-3387\" data-col-num=\"3-columns\" data-entry-id=\"3387\">\n\t\t\t<div class=\"entry-holder portfolio-item-holder wow gsSkewIn\" data-wow-delay=0.4s>\n\t\t\t\t<article class=\"gs-portfolio-item gs-portfolio-item--text-follow\">\n    <div class=\"entry-overlay-wrapper\">\n        <div class=\"entry-thumbnail\">\n            <a href=\"http:\/\/www.ilkaytrade.com.tr\/tr\/portfolio\/maxx-royal-kemer-resort-hotel_guncel\/\" class=\"entry-thumbnail__link\">\n\t\t\t                        <div class=\"entry-image-ratio\" style=\"padding-bottom: 66.700000% !important;\">\n\t\t\t\t\t    <img decoding=\"async\" width=\"1000\" height=\"667\" src=\"http:\/\/www.ilkaytrade.com.tr\/tr\/wp-content\/uploads\/2023\/08\/13.png\" class=\"attachment-post-thumbnail size-post-thumbnail wp-post-image\" alt=\"\" srcset=\"http:\/\/www.ilkaytrade.com.tr\/tr\/wp-content\/uploads\/2023\/08\/13.png 1000w, http:\/\/www.ilkaytrade.com.tr\/tr\/wp-content\/uploads\/2023\/08\/13-300x200.png 300w, http:\/\/www.ilkaytrade.com.tr\/tr\/wp-content\/uploads\/2023\/08\/13-768x512.png 768w, http:\/\/www.ilkaytrade.com.tr\/tr\/wp-content\/uploads\/2023\/08\/13-600x400.png 600w\" sizes=\"(max-width: 1000px) 100vw, 1000px\" \/>                    <\/div>\n\t\t\t                <\/a>\n        <\/div>\n    <\/div>\n    <div class=\"entry-details\">\n        <div class=\"entry-details__inner\">\n            <div class=\"portfolio-info\">\n\t\t\t\t                    <div class=\"entry-details-meta\">\n\t\t\t\t\t\t<div class=\"entry-meta-categories gs-divider\">\n    <ul>\n                    <li><a href=\"http:\/\/www.ilkaytrade.com.tr\/tr\/portfolio-cat\/lunawood-thermowood-ahsap\/\">Lunawood Thermowood Ah\u015fap<\/a><\/li>\n                    <li><a href=\"http:\/\/www.ilkaytrade.com.tr\/tr\/portfolio-cat\/tikkurila-boya\/\">Tikkurila Boya<\/a><\/li>\n            <\/ul>\n<\/div>                    <\/div>\n\t\t\t\t\t\t\t\t                    <h4 class=\"entry-details-title\">\n                        <a href=\"http:\/\/www.ilkaytrade.com.tr\/tr\/portfolio\/maxx-royal-kemer-resort-hotel_guncel\/\">Maxx Royal Kemer Resort Hotel<\/a>\n                    <\/h4>\n\t\t\t\t            <\/div>\n        <\/div>\n    <\/div>\n<\/article>\t\t\t<\/div>\n\t\t<\/article>\n\t\t\t\t\t\t<article class=\"iso-item col-lg-4 lunawood-thermowood-cephe lunawood-thermowood-ic-mekan tikkurila-boya-ic-mekan post-3391 portfolio type-portfolio status-publish has-post-thumbnail hentry project_cat-lunawood-thermowood-ahsap project_cat-tikkurila-boya project_tag-lunawood-thermowood-cephe project_tag-lunawood-thermowood-ic-mekan project_tag-tikkurila-boya-ic-mekan\" id=\"id-3391\" data-col-num=\"3-columns\" data-entry-id=\"3391\">\n\t\t\t<div class=\"entry-holder portfolio-item-holder wow gsSkewIn\" data-wow-delay=0.6s>\n\t\t\t\t<article class=\"gs-portfolio-item gs-portfolio-item--text-follow\">\n    <div class=\"entry-overlay-wrapper\">\n        <div class=\"entry-thumbnail\">\n            <a href=\"http:\/\/www.ilkaytrade.com.tr\/tr\/portfolio\/voyage-torba-hotel_guncel\/\" class=\"entry-thumbnail__link\">\n\t\t\t                        <div class=\"entry-image-ratio\" style=\"padding-bottom: 66.666667% !important;\">\n\t\t\t\t\t    <img loading=\"lazy\" decoding=\"async\" width=\"1200\" height=\"800\" src=\"http:\/\/www.ilkaytrade.com.tr\/tr\/wp-content\/uploads\/2023\/06\/12685.png\" class=\"attachment-post-thumbnail size-post-thumbnail wp-post-image\" alt=\"\" srcset=\"http:\/\/www.ilkaytrade.com.tr\/tr\/wp-content\/uploads\/2023\/06\/12685.png 1200w, http:\/\/www.ilkaytrade.com.tr\/tr\/wp-content\/uploads\/2023\/06\/12685-300x200.png 300w, http:\/\/www.ilkaytrade.com.tr\/tr\/wp-content\/uploads\/2023\/06\/12685-1024x683.png 1024w, http:\/\/www.ilkaytrade.com.tr\/tr\/wp-content\/uploads\/2023\/06\/12685-768x512.png 768w, http:\/\/www.ilkaytrade.com.tr\/tr\/wp-content\/uploads\/2023\/06\/12685-600x400.png 600w\" sizes=\"(max-width: 1200px) 100vw, 1200px\" \/>                    <\/div>\n\t\t\t                <\/a>\n        <\/div>\n    <\/div>\n    <div class=\"entry-details\">\n        <div class=\"entry-details__inner\">\n            <div class=\"portfolio-info\">\n\t\t\t\t                    <div class=\"entry-details-meta\">\n\t\t\t\t\t\t<div class=\"entry-meta-categories gs-divider\">\n    <ul>\n                    <li><a href=\"http:\/\/www.ilkaytrade.com.tr\/tr\/portfolio-cat\/lunawood-thermowood-ahsap\/\">Lunawood Thermowood Ah\u015fap<\/a><\/li>\n                    <li><a href=\"http:\/\/www.ilkaytrade.com.tr\/tr\/portfolio-cat\/tikkurila-boya\/\">Tikkurila Boya<\/a><\/li>\n            <\/ul>\n<\/div>                    <\/div>\n\t\t\t\t\t\t\t\t                    <h4 class=\"entry-details-title\">\n                        <a href=\"http:\/\/www.ilkaytrade.com.tr\/tr\/portfolio\/voyage-torba-hotel_guncel\/\">Voyage Torba Hotel<\/a>\n                    <\/h4>\n\t\t\t\t            <\/div>\n        <\/div>\n    <\/div>\n<\/article>\t\t\t<\/div>\n\t\t<\/article>\n\t\t\t\t\t\t<article class=\"iso-item col-lg-4 v1 post-3371 portfolio type-portfolio status-publish has-post-thumbnail hentry project_cat-lunawood-thermowood-ahsap project_cat-tikkurila-boya project_tag-v1\" id=\"id-3371\" data-col-num=\"3-columns\" data-entry-id=\"3371\">\n\t\t\t<div class=\"entry-holder portfolio-item-holder wow gsSkewIn\" data-wow-delay=0.8s>\n\t\t\t\t<article class=\"gs-portfolio-item gs-portfolio-item--text-follow\">\n    <div class=\"entry-overlay-wrapper\">\n        <div class=\"entry-thumbnail\">\n            <a href=\"http:\/\/www.ilkaytrade.com.tr\/tr\/portfolio\/antmare-alacati-2\/\" class=\"entry-thumbnail__link\">\n\t\t\t                        <div class=\"entry-image-ratio\" style=\"padding-bottom: 123.750000% !important;\">\n\t\t\t\t\t    <img loading=\"lazy\" decoding=\"async\" width=\"960\" height=\"1188\" src=\"http:\/\/www.ilkaytrade.com.tr\/tr\/wp-content\/uploads\/2020\/08\/DIS-MEKAN-6.jpeg\" class=\"attachment-post-thumbnail size-post-thumbnail wp-post-image\" alt=\"\" srcset=\"http:\/\/www.ilkaytrade.com.tr\/tr\/wp-content\/uploads\/2020\/08\/DIS-MEKAN-6.jpeg 960w, http:\/\/www.ilkaytrade.com.tr\/tr\/wp-content\/uploads\/2020\/08\/DIS-MEKAN-6-242x300.jpeg 242w, http:\/\/www.ilkaytrade.com.tr\/tr\/wp-content\/uploads\/2020\/08\/DIS-MEKAN-6-827x1024.jpeg 827w, http:\/\/www.ilkaytrade.com.tr\/tr\/wp-content\/uploads\/2020\/08\/DIS-MEKAN-6-768x950.jpeg 768w, http:\/\/www.ilkaytrade.com.tr\/tr\/wp-content\/uploads\/2020\/08\/DIS-MEKAN-6-600x743.jpeg 600w\" sizes=\"(max-width: 960px) 100vw, 960px\" \/>                    <\/div>\n\t\t\t                <\/a>\n        <\/div>\n    <\/div>\n    <div class=\"entry-details\">\n        <div class=\"entry-details__inner\">\n            <div class=\"portfolio-info\">\n\t\t\t\t                    <div class=\"entry-details-meta\">\n\t\t\t\t\t\t<div class=\"entry-meta-categories gs-divider\">\n    <ul>\n                    <li><a href=\"http:\/\/www.ilkaytrade.com.tr\/tr\/portfolio-cat\/lunawood-thermowood-ahsap\/\">Lunawood Thermowood Ah\u015fap<\/a><\/li>\n                    <li><a href=\"http:\/\/www.ilkaytrade.com.tr\/tr\/portfolio-cat\/tikkurila-boya\/\">Tikkurila Boya<\/a><\/li>\n            <\/ul>\n<\/div>                    <\/div>\n\t\t\t\t\t\t\t\t                    <h4 class=\"entry-details-title\">\n                        <a href=\"http:\/\/www.ilkaytrade.com.tr\/tr\/portfolio\/antmare-alacati-2\/\">Antmare Ala\u00e7at\u0131<\/a>\n                    <\/h4>\n\t\t\t\t            <\/div>\n        <\/div>\n    <\/div>\n<\/article>\t\t\t<\/div>\n\t\t<\/article>\n\t\t\t\t\t\t<article class=\"iso-item col-lg-4 lunawood-thermowood-cephe lunawood-thermowood-ic-mekan tikkurila-boya-ic-mekan post-3545 portfolio type-portfolio status-publish has-post-thumbnail hentry project_cat-lunawood-thermowood-ahsap project_cat-tikkurila-boya project_tag-lunawood-thermowood-cephe project_tag-lunawood-thermowood-ic-mekan project_tag-tikkurila-boya-ic-mekan\" id=\"id-3545\" data-col-num=\"3-columns\" data-entry-id=\"3545\">\n\t\t\t<div class=\"entry-holder portfolio-item-holder wow gsSkewIn\" data-wow-delay=1s>\n\t\t\t\t<article class=\"gs-portfolio-item gs-portfolio-item--text-follow\">\n    <div class=\"entry-overlay-wrapper\">\n        <div class=\"entry-thumbnail\">\n            <a href=\"http:\/\/www.ilkaytrade.com.tr\/tr\/portfolio\/voyage-belek-hotel\/\" class=\"entry-thumbnail__link\">\n\t\t\t                        <div class=\"entry-image-ratio\" style=\"padding-bottom: 66.666667% !important;\">\n\t\t\t\t\t    <img loading=\"lazy\" decoding=\"async\" width=\"1086\" height=\"724\" src=\"http:\/\/www.ilkaytrade.com.tr\/tr\/wp-content\/uploads\/2023\/12\/1FD58628-D290-4188-A83B-30277D0E68FF_1_105_c-1.jpeg\" class=\"attachment-post-thumbnail size-post-thumbnail wp-post-image\" alt=\"\" srcset=\"http:\/\/www.ilkaytrade.com.tr\/tr\/wp-content\/uploads\/2023\/12\/1FD58628-D290-4188-A83B-30277D0E68FF_1_105_c-1.jpeg 1086w, http:\/\/www.ilkaytrade.com.tr\/tr\/wp-content\/uploads\/2023\/12\/1FD58628-D290-4188-A83B-30277D0E68FF_1_105_c-1-300x200.jpeg 300w, http:\/\/www.ilkaytrade.com.tr\/tr\/wp-content\/uploads\/2023\/12\/1FD58628-D290-4188-A83B-30277D0E68FF_1_105_c-1-1024x683.jpeg 1024w, http:\/\/www.ilkaytrade.com.tr\/tr\/wp-content\/uploads\/2023\/12\/1FD58628-D290-4188-A83B-30277D0E68FF_1_105_c-1-768x512.jpeg 768w, http:\/\/www.ilkaytrade.com.tr\/tr\/wp-content\/uploads\/2023\/12\/1FD58628-D290-4188-A83B-30277D0E68FF_1_105_c-1-600x400.jpeg 600w\" sizes=\"(max-width: 1086px) 100vw, 1086px\" \/>                    <\/div>\n\t\t\t                <\/a>\n        <\/div>\n    <\/div>\n    <div class=\"entry-details\">\n        <div class=\"entry-details__inner\">\n            <div class=\"portfolio-info\">\n\t\t\t\t                    <div class=\"entry-details-meta\">\n\t\t\t\t\t\t<div class=\"entry-meta-categories gs-divider\">\n    <ul>\n                    <li><a href=\"http:\/\/www.ilkaytrade.com.tr\/tr\/portfolio-cat\/lunawood-thermowood-ahsap\/\">Lunawood Thermowood Ah\u015fap<\/a><\/li>\n                    <li><a href=\"http:\/\/www.ilkaytrade.com.tr\/tr\/portfolio-cat\/tikkurila-boya\/\">Tikkurila Boya<\/a><\/li>\n            <\/ul>\n<\/div>                    <\/div>\n\t\t\t\t\t\t\t\t                    <h4 class=\"entry-details-title\">\n                        <a href=\"http:\/\/www.ilkaytrade.com.tr\/tr\/portfolio\/voyage-belek-hotel\/\">Voyage Belek Hotel<\/a>\n                    <\/h4>\n\t\t\t\t            <\/div>\n        <\/div>\n    <\/div>\n<\/article>\t\t\t<\/div>\n\t\t<\/article>\n\t\t\t\t\t\t<article class=\"iso-item col-lg-4  post-3970 portfolio type-portfolio status-publish hentry project_cat-wood-repair-macun\" id=\"id-3970\" data-col-num=\"3-columns\" data-entry-id=\"3970\">\n\t\t\t<div class=\"entry-holder portfolio-item-holder wow gsSkewIn\" >\n\t\t\t\t<article class=\"gs-portfolio-item gs-portfolio-item--text-follow\">\n    <div class=\"entry-overlay-wrapper\">\n        <div class=\"entry-thumbnail\">\n            <a href=\"http:\/\/www.ilkaytrade.com.tr\/tr\/portfolio\/woodrepair-macun\/\" class=\"entry-thumbnail__link\">\n\t\t\t                        <div class=\"entry-image-ratio\" style=\"padding-bottom: 100%;\">\n                        <img decoding=\"async\" src=\"http:\/\/www.ilkaytrade.com.tr\/tr\/wp-content\/themes\/vara\/assets\/images\/placeholder.png\" alt=\"Image Placeholder Image\">\n                    <\/div>\n\t\t\t                <\/a>\n        <\/div>\n    <\/div>\n    <div class=\"entry-details\">\n        <div class=\"entry-details__inner\">\n            <div class=\"portfolio-info\">\n\t\t\t\t                    <div class=\"entry-details-meta\">\n\t\t\t\t\t\t<div class=\"entry-meta-categories gs-divider\">\n    <ul>\n                    <li><a href=\"http:\/\/www.ilkaytrade.com.tr\/tr\/portfolio-cat\/wood-repair-macun\/\">Wood Repair Macun<\/a><\/li>\n            <\/ul>\n<\/div>                    <\/div>\n\t\t\t\t\t\t\t\t                    <h4 class=\"entry-details-title\">\n                        <a href=\"http:\/\/www.ilkaytrade.com.tr\/tr\/portfolio\/woodrepair-macun\/\">WoodRepair Macun<\/a>\n                    <\/h4>\n\t\t\t\t            <\/div>\n        <\/div>\n    <\/div>\n<\/article>\t\t\t<\/div>\n\t\t<\/article>\n\t\t<\/div>\n\n\n\n\t\t\t\t<\/div>\n\t\t\t<\/div>\n\t\t\t\t<\/div>\n\t\t\t\t<\/div>\n\t\t\t\t\t<\/div>\n\t\t<\/div>\n\t\t\t\t\t<\/div>\n\t\t<\/section>\n\t\t\t\t\t<\/div>\n\t\t<\/div>\n\t\t\t\t\t<\/div>\n\t\t<\/section>\n\t\t\t\t<\/div>\n\t\t","protected":false},"excerpt":{"rendered":"<p>Projeler \u0130lkay D\u0131\u015f Ticaret, 20 y\u0131l\u0131 a\u015fk\u0131n deneyimiyle turizm ve konut projelerinin ger\u00e7ek de\u011ferine kavu\u015fmas\u0131nda rol oynam\u0131\u015ft\u0131r. Turizmden l\u00fcks konut mimarisine, kapsaml\u0131 portf\u00f6y\u00fcn\u00fcn&#8230;<\/p>\n","protected":false},"author":2,"featured_media":0,"parent":0,"menu_order":0,"comment_status":"closed","ping_status":"closed","template":"","meta":{"_acf_changed":false,"footnotes":""},"class_list":["post-2536","page","type-page","status-publish","hentry"],"acf":[],"_links":{"self":[{"href":"http:\/\/www.ilkaytrade.com.tr\/tr\/wp-json\/wp\/v2\/pages\/2536","targetHints":{"allow":["GET"]}}],"collection":[{"href":"http:\/\/www.ilkaytrade.com.tr\/tr\/wp-json\/wp\/v2\/pages"}],"about":[{"href":"http:\/\/www.ilkaytrade.com.tr\/tr\/wp-json\/wp\/v2\/types\/page"}],"author":[{"embeddable":true,"href":"http:\/\/www.ilkaytrade.com.tr\/tr\/wp-json\/wp\/v2\/users\/2"}],"replies":[{"embeddable":true,"href":"http:\/\/www.ilkaytrade.com.tr\/tr\/wp-json\/wp\/v2\/comments?post=2536"}],"version-history":[{"count":4,"href":"http:\/\/www.ilkaytrade.com.tr\/tr\/wp-json\/wp\/v2\/pages\/2536\/revisions"}],"predecessor-version":[{"id":3814,"href":"http:\/\/www.ilkaytrade.com.tr\/tr\/wp-json\/wp\/v2\/pages\/2536\/revisions\/3814"}],"wp:attachment":[{"href":"http:\/\/www.ilkaytrade.com.tr\/tr\/wp-json\/wp\/v2\/media?parent=2536"}],"curies":[{"name":"wp","href":"https:\/\/api.w.org\/{rel}","templated":true}]}}