{"id":219,"date":"2013-02-24T12:58:01","date_gmt":"2013-02-24T12:58:01","guid":{"rendered":"http:\/\/www.ilkaytrade.com.tr\/tr\/?page_id=219"},"modified":"2017-10-30T23:42:53","modified_gmt":"2017-10-30T23:42:53","slug":"uygulama-detaylari","status":"publish","type":"page","link":"http:\/\/www.ilkaytrade.com.tr\/tr\/urunler\/lunacomp\/uygulama-detaylari\/","title":{"rendered":"Uygulama Detaylar\u0131"},"content":{"rendered":"<p><strong>Lunawood Thermowood TWPC ThermoKompozit Deck Montaj\u0131<\/strong><br \/>\n<a href=\"http:\/\/www.lunawood.com\/wp-content\/uploads\/2017\/07\/Installation_Luna_TWPC_26x140_2017.pdf\">Luna TWPC 26&#215;140 Montaj Detay\u0131 PDF<\/a><br \/>\n<a href=\"http:\/\/www.lunawood.com\/wp-content\/uploads\/2017\/07\/Installation_Luna_TWPC_42x200_2017.pdf\">Luna TWPC 42&#215;200 Montaj Detay\u0131 PDF<\/a><\/p>\n<p><iframe src=\"https:\/\/www.youtube.com\/embed\/Qk_H226Ngpg\" width=\"853\" height=\"480\" frameborder=\"0\" gesture=\"media\" allowfullscreen><\/iframe><\/p>\n","protected":false},"excerpt":{"rendered":"<p>Lunawood Thermowood TWPC ThermoKompozit Deck Montaj\u0131 Luna TWPC 26&#215;140 Montaj Detay\u0131 PDF Luna TWPC 42&#215;200 Montaj Detay\u0131 PDF<\/p>\n","protected":false},"author":2,"featured_media":0,"parent":66,"menu_order":0,"comment_status":"open","ping_status":"open","template":"template_fullwidth.php","meta":{"_acf_changed":false,"footnotes":""},"class_list":["post-219","page","type-page","status-publish","hentry"],"acf":[],"_links":{"self":[{"href":"http:\/\/www.ilkaytrade.com.tr\/tr\/wp-json\/wp\/v2\/pages\/219","targetHints":{"allow":["GET"]}}],"collection":[{"href":"http:\/\/www.ilkaytrade.com.tr\/tr\/wp-json\/wp\/v2\/pages"}],"about":[{"href":"http:\/\/www.ilkaytrade.com.tr\/tr\/wp-json\/wp\/v2\/types\/page"}],"author":[{"embeddable":true,"href":"http:\/\/www.ilkaytrade.com.tr\/tr\/wp-json\/wp\/v2\/users\/2"}],"replies":[{"embeddable":true,"href":"http:\/\/www.ilkaytrade.com.tr\/tr\/wp-json\/wp\/v2\/comments?post=219"}],"version-history":[{"count":6,"href":"http:\/\/www.ilkaytrade.com.tr\/tr\/wp-json\/wp\/v2\/pages\/219\/revisions"}],"predecessor-version":[{"id":1071,"href":"http:\/\/www.ilkaytrade.com.tr\/tr\/wp-json\/wp\/v2\/pages\/219\/revisions\/1071"}],"up":[{"embeddable":true,"href":"http:\/\/www.ilkaytrade.com.tr\/tr\/wp-json\/wp\/v2\/pages\/66"}],"wp:attachment":[{"href":"http:\/\/www.ilkaytrade.com.tr\/tr\/wp-json\/wp\/v2\/media?parent=219"}],"curies":[{"name":"wp","href":"https:\/\/api.w.org\/{rel}","templated":true}]}}