{"id":215,"date":"2013-02-24T12:57:18","date_gmt":"2013-02-24T12:57:18","guid":{"rendered":"http:\/\/www.ilkaytrade.com.tr\/tr\/?page_id=215"},"modified":"2017-10-30T23:45:11","modified_gmt":"2017-10-30T23:45:11","slug":"lunacomp-urun-bilgisi","status":"publish","type":"page","link":"http:\/\/www.ilkaytrade.com.tr\/tr\/urunler\/lunacomp\/lunacomp-urun-bilgisi\/","title":{"rendered":"TWPC \u00dcr\u00fcn Bilgisi"},"content":{"rendered":"<p>LunaComp Deck yenilik\u00e7i, y\u00fcksek dura\u011fanl\u0131k ve kalitenin harmanland\u0131\u011f\u0131 bir \u00fcr\u00fcnd\u00fcr.\u00a0 Patanti\u00a0 LunaComp firmas\u0131na ait olan bu i\u015flemde kendisini kan\u0131tlam\u0131\u015f Thermowood ah\u015fap tala\u015f\u0131 ve y\u00fcksek kaliteye sahip polimer plastic (PP) harmanlanarak ortaya y\u00fcksek dayan\u0131ma sahip deck \u00fcr\u00fcnleri \u00e7\u0131km\u0131\u015ft\u0131r.\u00a0 LunaComp \u00fcr\u00fcnleri tamamen Finlandiya\u2019da atsarlanm\u0131\u015f ve \u00fcretilmektedir.<\/p>\n<p>LunaComp \u00fcr\u00fcnleri renk, dayan\u0131m ve \u015f\u0131kl\u0131\u011f\u0131n\u0131 uzun s\u00fcreler t\u00fcm hava ko\u015fullar\u0131nda korumaktad\u0131r.\u00a0 Bu dayan\u0131m ve g\u00fczel g\u00f6r\u00fcn\u00fcm uzun y\u0131llar zeminlerde kendisini g\u00f6stermektedir.\u00a0 Yo\u011funluk hesaplar\u0131na bak\u0131ld\u0131\u011f\u0131nda, LunaComp Deck\u2019in i\u00e7erdi\u011fi ah\u015fap lif oran\u0131 1m ger\u00e7ek ah\u015faptakinden daha fazlad\u0131r.<\/p>\n<h2>\u00c7evreye sayg\u0131l\u0131 hammadde ve \u00fcretim teknikleri<\/h2>\n<p>&nbsp;<\/p>\n<p>Firmam\u0131z\u0131n sahip oldu\u011fu \u00e7evre bilinci bu \u00fcr\u00fcnde de kendisni g\u00f6stermektedir.\u00a0 Bu nedenle \u00fcr\u00fcnlerimizde hem yenilenebilir hemde geri d\u00f6n\u00fc\u015ft\u00fcr\u00fclm\u00fc\u015f hammadeleri kullan\u0131yoruz.\u00a0 LunaComp \u00fcr\u00fcnlerimiz yenilik\u00e7i ve modern \u00fcretim teknikleri kullan\u0131larak \u00fcretilmektedir.<\/p>\n<p>LunaComp \u00fcr\u00fcnlerinin ana hammedeleri \u0131s\u0131l i\u015fleme tabi tutulmu\u015f ah\u015fap ve geri d\u00f6n\u00fc\u015ft\u00fcr\u00fclm\u00fc\u015f polypropylene\u2019dir (PP).\u00a0 Thermowood tala\u015f\u0131 Lunawood firmas\u0131n\u0131n \u00fcretiminden elde edilmektedir ve \u00fcr\u00fcn\u00fcn i\u00e7erisinde %65 oran\u0131nda bulunmaktad\u0131r.\u00a0 Polypropylene ise %100 geri d\u00f6n\u00fc\u015f\u00fcml\u00fc ve toxik olmayan bir maddedir.\u00a0<b>\u00a0LunaComp \u00fcretiminde PVC kullan\u0131lmamaktad\u0131r.<\/b><\/p>\n<p>LunaComp \u00fcretiminde herhangi bir at\u0131k madde orataya \u00e7\u0131kmamaktad\u0131r.\u00a0 So\u011futma sistemindeki su haznesi tamamen kapal\u0131 bir devredir.\u00a0 Ayr\u0131ca \u00fcretim tesisi Lunawood ile ayn\u0131 fabrikada olup, kullan\u0131lan thermowood tala\u015flar\u0131 i\u00e7in herhangi bir ta\u015f\u0131ma yap\u0131lmamaktad\u0131r.<\/p>\n<h2>\u00a0Y\u0131llar sonra ayn\u0131 dayan\u0131m ve g\u00fczellik<\/h2>\n<p>LunaComp \u00fcr\u00fcnlerinin kendilerine has olan avantaj\u0131 i\u00e7erisinde kullan\u0131lan Thermowood tala\u015f\u0131d\u0131r.\u00a0 Thermowood \u00fcretimi esnas\u0131nda a\u011f\u015faba do\u011fal yollar ile \u0131s\u0131 ve rutubete kar\u015f\u0131 \u00e7ok y\u00fcksek bir dayan\u0131m kazand\u0131r\u0131lmaktad\u0131r.\u00a0 Bu i\u015flemlerin birle\u015fimi sonucu LunaComp Decklerini uzun y\u0131llar ayn\u0131 sa\u011flaml\u0131k ve tasar\u0131m ile size hizmet edecektir.<\/p>\n<h2>Is\u0131 farkl\u0131l\u0131klar\u0131nda \u00fcr\u00fcn\u00fcn genle\u015fme tablosu<\/h2>\n<table width=\"85%\" border=\"1\" cellspacing=\"0\" cellpadding=\"0\">\n<tbody>\n<tr>\n<td valign=\"top\" nowrap=\"nowrap\" width=\"23%\"><\/td>\n<td colspan=\"4\" valign=\"top\" width=\"75%\">Uzama \/ K\u0131salma (mm)<\/td>\n<td width=\"4\"><\/td>\n<\/tr>\n<tr>\n<td valign=\"top\" nowrap=\"nowrap\" width=\"23%\">Par\u00e7a \u0131s\u0131s\u0131ndaki de\u011fi\u015fiklik<\/td>\n<td valign=\"top\" width=\"19%\">\n<p align=\"center\">1m\u2019lik par\u00e7a<\/p>\n<\/td>\n<td valign=\"top\" width=\"19%\">\n<p align=\"center\">2m\u2019lik par\u00e7a<\/p>\n<\/td>\n<td valign=\"top\" width=\"19%\">\n<p align=\"center\">3m\u2019lik par\u00e7a<\/p>\n<\/td>\n<td colspan=\"2\" valign=\"top\" width=\"19%\">\n<p align=\"center\">4m\u2019lik par\u00e7a<\/p>\n<\/td>\n<\/tr>\n<tr>\n<td valign=\"top\" nowrap=\"nowrap\" width=\"23%\">10\u00b0C<\/td>\n<td valign=\"top\" width=\"19%\">\n<p align=\"center\">0<\/p>\n<\/td>\n<td valign=\"top\" width=\"19%\">\n<p align=\"center\">0<\/p>\n<\/td>\n<td valign=\"top\" width=\"19%\">\n<p align=\"center\">1<\/p>\n<\/td>\n<td colspan=\"2\" valign=\"top\" width=\"19%\">\n<p align=\"center\">1<\/p>\n<\/td>\n<\/tr>\n<tr>\n<td valign=\"top\" nowrap=\"nowrap\" width=\"23%\">20\u00b0C<\/td>\n<td valign=\"top\" width=\"19%\">\n<p align=\"center\">0<\/p>\n<\/td>\n<td valign=\"top\" width=\"19%\">\n<p align=\"center\">1<\/p>\n<\/td>\n<td valign=\"top\" width=\"19%\">\n<p align=\"center\">1<\/p>\n<\/td>\n<td colspan=\"2\" valign=\"top\" width=\"19%\">\n<p align=\"center\">2<\/p>\n<\/td>\n<\/tr>\n<tr>\n<td valign=\"top\" nowrap=\"nowrap\" width=\"23%\">30\u00b0C<\/td>\n<td valign=\"top\" width=\"19%\">\n<p align=\"center\">1<\/p>\n<\/td>\n<td valign=\"top\" width=\"19%\">\n<p align=\"center\">1<\/p>\n<\/td>\n<td valign=\"top\" width=\"19%\">\n<p align=\"center\">2<\/p>\n<\/td>\n<td colspan=\"2\" valign=\"top\" width=\"19%\">\n<p align=\"center\">2<\/p>\n<\/td>\n<\/tr>\n<tr>\n<td valign=\"top\" nowrap=\"nowrap\" width=\"23%\">40\u00b0C<\/td>\n<td valign=\"top\" width=\"19%\">\n<p align=\"center\">1<\/p>\n<\/td>\n<td valign=\"top\" width=\"19%\">\n<p align=\"center\">2<\/p>\n<\/td>\n<td valign=\"top\" width=\"19%\">\n<p align=\"center\">2<\/p>\n<\/td>\n<td colspan=\"2\" valign=\"top\" width=\"19%\">\n<p align=\"center\">3<\/p>\n<\/td>\n<\/tr>\n<tr>\n<td valign=\"top\" nowrap=\"nowrap\" width=\"23%\">50\u00b0C<\/td>\n<td valign=\"top\" width=\"19%\">\n<p align=\"center\">1<\/p>\n<\/td>\n<td valign=\"top\" width=\"19%\">\n<p align=\"center\">2<\/p>\n<\/td>\n<td valign=\"top\" width=\"19%\">\n<p align=\"center\">3<\/p>\n<\/td>\n<td colspan=\"2\" valign=\"top\" width=\"19%\">\n<p align=\"center\">4<\/p>\n<\/td>\n<\/tr>\n<tr>\n<td width=\"148\"><\/td>\n<td width=\"122\"><\/td>\n<td width=\"122\"><\/td>\n<td width=\"122\"><\/td>\n<td width=\"114\"><\/td>\n<td width=\"8\"><\/td>\n<\/tr>\n<\/tbody>\n<\/table>\n<p>Is\u0131 de\u011fi\u015fimine ba\u011fl\u0131 katsay\u0131 oran\u0131 0.02 mm \/ 1\u00b0C \/ 1m<\/p>\n<p>Sert y\u00fczeyi sayesinde LunaComp \u00fcr\u00fcnleri y\u00fczeysel a\u015f\u0131malra kar\u015f\u0131 son derece dayan\u0131kl\u0131d\u0131r ve bu sayede y\u00fcksek a\u015f\u0131n\u0131m olan otel, restoran, havuz \u00e7evresi, marina ve y\u00fczer iskeleler gibi alanlar i\u00e7in uygundur.\u00a0 Tabiki LunaComp \u00fcr\u00fcnlerini eviniz i\u00e7in kullanabilirsiniz.\u00a0 LunaComp \u00fcr\u00fcnleri, di\u011fer ah\u015fap decklerdeki gibi \u00e7\u0131plak ayak kullan\u0131mlarda k\u0131ym\u0131k riski ta\u015f\u0131mamaktad\u0131r.<\/p>\n<p>LunaComp \u00fcr\u00fcnlerinin temizli\u011fi i\u00e7in hafif s\u0131cak su ve deterjan yeterlidir.\u00a0 Uygulanacak alan b\u00fcy\u00fck ise su jeit kullan\u0131m\u0131na uygundur.\u00a0 100bar bas\u0131n\u00e7 ve 30 cm a\u00e7\u0131l\u0131 y\u00fckseklik temizlik i\u00e7in yeterli olacakt\u0131r.<\/p>\n<p>LunaComp \u00fcr\u00fcnleri renk solmas\u0131 konusunda da di\u011ferlerinden farkl\u0131d\u0131r.\u00a0 Daha \u00f6nceden belirlenen oranlarda montaj sonras\u0131 ilk birka\u00e7 ay sonunda renk oturumunu sa\u011flar ve daha sonra y\u0131llar boyunca ayn\u0131 tonda kal\u0131r.<\/p>\n<p><b>\u00a0<\/b>\u00a0LunaComp Decklerime nas\u0131l bakmal\u0131y\u0131m?<\/p>\n<ul>\n<li>Belli aral\u0131klarla decklerinizi temizleyiniz.<\/li>\n<li>Yemek ve ya\u011f lekelerini k\u0131sa \u00fcsre i\u00e7erisinde temizleyiniz.<\/li>\n<li>\u00dcr\u00fcnler \u00fczerinde z\u0131mpara kullanmay\u0131n\u0131z.<\/li>\n<li>Deck aral\u0131klar\u0131n\u0131n temiz olmas\u0131n\u0131 sa\u011flay\u0131n\u0131z.\u00a0 Havas\u0131zl\u0131ktan \u00f6t\u00fcr\u00fc olu\u015fucak k\u00fcf ve mantarlar kokuya neden olabilir.<\/li>\n<li>Uygulama detaylar\u0131ndaki bo\u015fluk detaylar\u0131na dikkat ediniz.<\/li>\n<li>Pasl\u0131 y\u00fczeylerden koruyunuz.<\/li>\n<li>Karl\u0131 k\u0131\u015f ko\u015fullar\u0131nda buz ve kar temizli\u011fi esnas\u0131nda metal ile y\u00fczeyi \u00e7izmemeye \u00f6zen g\u00f6steriniz.<\/li>\n<\/ul>\n<h2>\u00a0LunaComp saklama ve ta\u015f\u0131ma detaylar\u0131<\/h2>\n<ul>\n<li>LunaComp \u00fcr\u00fcnleri bir\u00e7ok ah\u015fap t\u00fcr\u00fcnden daha a\u011f\u0131rd\u0131r.\u00a0 Bu nedenle ta\u015f\u0131ma ve montaj esnas\u0131nda bunu dikkate al\u0131n\u0131z.<\/li>\n<li>Forklift ta\u015f\u0131malar\u0131nda \u00fcr\u00fcnlerin k\u00f6\u015feklerine \u00f6zellikle dikkat edilmelidir.<\/li>\n<li>Saklama alanlar\u0131nda d\u00fcz bir zemine ve \u00fczerinin kapal\u0131 olmas\u0131na dikkat ediniz.<\/li>\n<li>Maksimum 3 palet \u00fcst\u00fcste konulmal\u0131d\u0131r.<\/li>\n<li>Uzun paletler altta kalacak \u015fekilde y\u00fckleme yap\u0131lmal\u0131d\u0131r.<\/li>\n<li>Ek takozlar\u0131 80 cm aral\u0131kla konulmal\u0131d\u0131r.<\/li>\n<\/ul>\n<p>\u00dcr\u00fcn Tablosu<\/p>\n<p>LunaComp Deck\u00a0\u00a0\u00a0\u00a0 26x140mm<\/p>\n<p>Standat uzunluklar 3,0 ve 4,0m<\/p>\n<p>a\u011f\u0131rl\u0131k 2,3kg\/m<\/p>\n<p>yo\u011funluk jm\/m2<\/p>\n<p>168 adet\/palet<\/p>\n<p>renkler Graphite Grey ve Mocha Brown<\/p>\n<p>FastClip (Klips)\u00a0\u00a0\u00a0\u00a0\u00a0\u00a0\u00a0\u00a0\u00a0\u00a0\u00a0\u00a0\u00a0\u00a0\u00a0\u00a0\u00a0\u00a0\u00a0 \u00a0\u00a0\u00a0\u00a0\u00a0\u00a0\u00a0\u00a0\u00a0\u00a0\u00a0 250 adet\/paket \u00a0\u00a0\u00a0\u00a0\u00a0\u00a0\u00a0 kullan\u0131m adeti \u00a02,3 adet\/m<\/p>\n<p>End Connector (Uzatma aparat\u0131) 40 adet\/paket<\/p>\n<p>End Cap (Kafa Kapama)\u00a0\u00a0\u00a0\u00a0\u00a0\u00a0\u00a0\u00a0\u00a0\u00a0\u00a0\u00a0\u00a0\u00a0 20 adet\/paket<\/p>\n<p>Side Strip (Yan kanal kapama)\u00a0\u00a0\u00a0\u00a0 standart uzunluklar 3,0 ve 4,0m<\/p>\n<p><i>LunaComp fizksel ve mekanik \u00f6zellikleri<\/i><\/p>\n<table width=\"100%\" border=\"1\" cellspacing=\"0\" cellpadding=\"0\">\n<tbody>\n<tr>\n<td valign=\"top\" nowrap=\"nowrap\" width=\"34%\">\u00d6zellikler<b><\/b><\/td>\n<td valign=\"top\" width=\"35%\">A\u00e7\u0131klama<b><\/b><\/td>\n<td valign=\"top\" width=\"17%\">Standart<b><\/b><\/td>\n<td valign=\"top\" width=\"12%\"><b>LunaComp<\/b>de\u011feri<b><\/b><\/td>\n<\/tr>\n<tr>\n<td valign=\"top\" nowrap=\"nowrap\" width=\"34%\">Is\u0131sal Uzama de\u011feri, mm\/1\u00b0C\/1m<\/td>\n<td valign=\"top\" width=\"35%\">Is\u0131 farkl\u0131l\u0131klar\u0131ndaki boydaki de\u011fi\u015fim de\u011feri<\/td>\n<td valign=\"top\" width=\"17%\">ISO CEN\/TS 11543-1:2007<\/td>\n<td valign=\"top\" width=\"12%\">0,02<\/td>\n<\/tr>\n<tr>\n<td valign=\"top\" nowrap=\"nowrap\" width=\"34%\">Yo\u011funluk, g\/cm3<\/td>\n<td valign=\"top\" width=\"35%\">\u00dcr\u00fcn\u00fcn a\u011f\u0131rl\u0131k ve uzuluk de\u011ferleri oran\u0131<\/td>\n<td valign=\"top\" width=\"17%\">EN ISO 1183-1<\/td>\n<td valign=\"top\" width=\"12%\">1,23<\/td>\n<\/tr>\n<tr>\n<td valign=\"top\" nowrap=\"nowrap\" width=\"34%\">B\u00fck\u00fclme dayan\u0131m\u0131 N\/mm2<\/td>\n<td valign=\"top\" width=\"35%\">\u00dc\u00e7 nokatadan b\u00fck\u00fclme testi standartlar\u0131na g\u00f6re en iyi dayan\u0131m.<\/td>\n<td valign=\"top\" width=\"17%\">SFS-EN 310<\/td>\n<td valign=\"top\" width=\"12%\">25,73<\/td>\n<\/tr>\n<tr>\n<td valign=\"top\" nowrap=\"nowrap\" width=\"34%\">Rutubete kar\u015f\u0131 \u015fi\u015fme de\u011frei<\/td>\n<td valign=\"top\" width=\"35%\">24 saat suya dald\u0131rma testi<\/td>\n<td valign=\"top\" width=\"17%\">SFS-EN 317<\/td>\n<td valign=\"top\" width=\"12%\"><\/td>\n<\/tr>\n<tr>\n<td valign=\"top\" nowrap=\"nowrap\" width=\"34%\">a)\u00a0\u00a0\u00a0 \u015ei\u015fme oran\u0131 %<\/td>\n<td valign=\"top\" width=\"35%\">% kal\u0131nl\u0131k de\u011fi\u015fim oran\u0131<\/td>\n<td valign=\"top\" width=\"17%\"><\/td>\n<td valign=\"top\" width=\"12%\">0,49<\/td>\n<\/tr>\n<tr>\n<td valign=\"top\" nowrap=\"nowrap\" width=\"34%\">b)\u00a0\u00a0\u00a0 Emilim %<\/td>\n<td valign=\"top\" width=\"35%\">% a\u011f\u0131rl\u0131k de\u011fi\u015fim oran\u0131<\/td>\n<td valign=\"top\" width=\"17%\"><\/td>\n<td valign=\"top\" width=\"12%\">1,02<\/td>\n<\/tr>\n<tr>\n<td valign=\"top\" nowrap=\"nowrap\" width=\"34%\">Y\u00fczey sertli\u011fi, N\/mm2<\/td>\n<td valign=\"top\" width=\"35%\">Brinell,Kar\u015f\u0131la\u015ft\u0131r\u0131lan de\u011ferler \u00e7am 1,6\u00a0 me\u015fe 3,9<\/td>\n<td valign=\"top\" width=\"17%\">SFS-EN 1534<\/td>\n<td valign=\"top\" width=\"12%\">15,37<\/td>\n<\/tr>\n<tr>\n<td valign=\"top\" nowrap=\"nowrap\" width=\"34%\">Kaymazl\u0131k<\/td>\n<td valign=\"top\" width=\"35%\">Pendulum\u2013test<\/td>\n<td valign=\"top\" width=\"17%\">CEN\/TS 15676<\/td>\n<td valign=\"top\" width=\"12%\"><\/td>\n<\/tr>\n<tr>\n<td valign=\"top\" nowrap=\"nowrap\" width=\"34%\">a)\u00a0\u00a0\u00a0 Kuru<\/td>\n<td valign=\"top\" width=\"35%\">0-24 Y\u00fcksek kayganl\u0131k riski25-35 Ortalama kayganl\u0131k riski36 + D\u00fc\u015f\u00fck kayganl\u0131k riski<\/td>\n<td valign=\"top\" width=\"17%\"><\/td>\n<td valign=\"top\" width=\"12%\">63<\/td>\n<\/tr>\n<tr>\n<td valign=\"top\" nowrap=\"nowrap\" width=\"34%\">b)\u00a0\u00a0\u00a0 Islak<\/td>\n<td valign=\"top\" width=\"35%\">0-24 Y\u00fcksek kayganl\u0131k riski25-35 Ortalama kayganl\u0131k riski36 + D\u00fc\u015f\u00fck kayganl\u0131k riski<\/td>\n<td valign=\"top\" width=\"17%\"><\/td>\n<td valign=\"top\" width=\"12%\">44<\/td>\n<\/tr>\n<tr>\n<td valign=\"top\" nowrap=\"nowrap\" width=\"34%\"><\/td>\n<td valign=\"top\" width=\"35%\"><\/td>\n<td valign=\"top\" width=\"17%\"><\/td>\n<td valign=\"top\" width=\"12%\"><\/td>\n<\/tr>\n<\/tbody>\n<\/table>\n","protected":false},"excerpt":{"rendered":"<p>LunaComp Deck yenilik\u00e7i, y\u00fcksek dura\u011fanl\u0131k ve kalitenin harmanland\u0131\u011f\u0131 bir \u00fcr\u00fcnd\u00fcr.\u00a0 Patanti\u00a0 LunaComp firmas\u0131na ait olan bu i\u015flemde kendisini kan\u0131tlam\u0131\u015f Thermowood ah\u015fap tala\u015f\u0131 ve&#8230;<\/p>\n","protected":false},"author":2,"featured_media":0,"parent":66,"menu_order":0,"comment_status":"open","ping_status":"closed","template":"template_fullwidth.php","meta":{"_acf_changed":false,"footnotes":""},"class_list":["post-215","page","type-page","status-publish","hentry"],"acf":[],"_links":{"self":[{"href":"http:\/\/www.ilkaytrade.com.tr\/tr\/wp-json\/wp\/v2\/pages\/215","targetHints":{"allow":["GET"]}}],"collection":[{"href":"http:\/\/www.ilkaytrade.com.tr\/tr\/wp-json\/wp\/v2\/pages"}],"about":[{"href":"http:\/\/www.ilkaytrade.com.tr\/tr\/wp-json\/wp\/v2\/types\/page"}],"author":[{"embeddable":true,"href":"http:\/\/www.ilkaytrade.com.tr\/tr\/wp-json\/wp\/v2\/users\/2"}],"replies":[{"embeddable":true,"href":"http:\/\/www.ilkaytrade.com.tr\/tr\/wp-json\/wp\/v2\/comments?post=215"}],"version-history":[{"count":9,"href":"http:\/\/www.ilkaytrade.com.tr\/tr\/wp-json\/wp\/v2\/pages\/215\/revisions"}],"predecessor-version":[{"id":1075,"href":"http:\/\/www.ilkaytrade.com.tr\/tr\/wp-json\/wp\/v2\/pages\/215\/revisions\/1075"}],"up":[{"embeddable":true,"href":"http:\/\/www.ilkaytrade.com.tr\/tr\/wp-json\/wp\/v2\/pages\/66"}],"wp:attachment":[{"href":"http:\/\/www.ilkaytrade.com.tr\/tr\/wp-json\/wp\/v2\/media?parent=215"}],"curies":[{"name":"wp","href":"https:\/\/api.w.org\/{rel}","templated":true}]}}