{"id":171,"date":"2013-02-24T12:24:46","date_gmt":"2013-02-24T12:24:46","guid":{"rendered":"http:\/\/www.ilkaytrade.com.tr\/tr\/?page_id=171"},"modified":"2017-10-30T23:27:53","modified_gmt":"2017-10-30T23:27:53","slug":"endustriyel-urunler","status":"publish","type":"page","link":"http:\/\/www.ilkaytrade.com.tr\/tr\/urunler\/tikkurilla\/endustriyel-urunler\/","title":{"rendered":"End\u00fcstriyel \u00dcr\u00fcnler"},"content":{"rendered":"<table border=\"0\" width=\"600\" cellspacing=\"0\" cellpadding=\"0\">\n<tbody>\n<tr>\n<td width=\"550\"><a href=\"http:\/\/www.ilkaytrade.com.tr\/tr\/wp-content\/uploads\/2013\/08\/Pinja-W-Oil-Product-data-Sheet-TR.pdf\">Tikkurila\u00a0Pinja W-Oil (Su Bazl\u0131 \u0130\u00e7-D\u0131\u015f Mekan Ah\u015fap Ya\u011f\u0131) TR<\/a><\/td>\n<td width=\"50\"><a href=\"http:\/\/www.ilkaytrade.com.tr\/tr\/wp-content\/uploads\/2013\/08\/industrial.jpg\"><img decoding=\"async\" class=\"alignnone size-full wp-image-561\" src=\"http:\/\/www.ilkaytrade.com.tr\/tr\/wp-content\/uploads\/2013\/08\/industrial.jpg\" alt=\"industrial\" width=\"60\" height=\"60\" srcset=\"http:\/\/www.ilkaytrade.com.tr\/tr\/wp-content\/uploads\/2013\/08\/industrial.jpg 600w, http:\/\/www.ilkaytrade.com.tr\/tr\/wp-content\/uploads\/2013\/08\/industrial-150x150.jpg 150w, http:\/\/www.ilkaytrade.com.tr\/tr\/wp-content\/uploads\/2013\/08\/industrial-300x300.jpg 300w\" sizes=\"(max-width: 60px) 100vw, 60px\" \/><\/a><\/td>\n<\/tr>\n<tr>\n<td width=\"550\"><a href=\"http:\/\/www.ilkaytrade.com.tr\/tr\/wp-content\/uploads\/2013\/08\/PinjaSol-color-Product-data-Sheet-TR.pdf\">Tikkurila\u00a0PinjaSol Color (Solvent Bazl\u0131 Ah\u015fap Ya\u011f\u0131,Emprenyesi ve Renklendiricisi) TR<\/a><\/td>\n<td width=\"50\"><a href=\"http:\/\/www.ilkaytrade.com.tr\/tr\/wp-content\/uploads\/2013\/08\/industrial.jpg\"><img decoding=\"async\" class=\"alignnone size-full wp-image-561\" src=\"http:\/\/www.ilkaytrade.com.tr\/tr\/wp-content\/uploads\/2013\/08\/industrial.jpg\" alt=\"industrial\" width=\"60\" height=\"60\" srcset=\"http:\/\/www.ilkaytrade.com.tr\/tr\/wp-content\/uploads\/2013\/08\/industrial.jpg 600w, http:\/\/www.ilkaytrade.com.tr\/tr\/wp-content\/uploads\/2013\/08\/industrial-150x150.jpg 150w, http:\/\/www.ilkaytrade.com.tr\/tr\/wp-content\/uploads\/2013\/08\/industrial-300x300.jpg 300w\" sizes=\"(max-width: 60px) 100vw, 60px\" \/><\/a><\/td>\n<\/tr>\n<tr>\n<td width=\"550\"><a href=\"http:\/\/www.ilkaytrade.com.tr\/tr\/wp-content\/uploads\/2013\/08\/Akvi-Wood-Stain-Product-data-Sheet-TR.pdf\">Tikkurila\u00a0Pinja Wood Stain (Su Bazl\u0131 Ah\u015fap Emprenyesi ve Renklendiricisi) TR<\/a><\/td>\n<td width=\"50\"><a href=\"http:\/\/www.ilkaytrade.com.tr\/tr\/wp-content\/uploads\/2013\/08\/industrial.jpg\"><img decoding=\"async\" class=\"alignnone size-full wp-image-561\" src=\"http:\/\/www.ilkaytrade.com.tr\/tr\/wp-content\/uploads\/2013\/08\/industrial.jpg\" alt=\"industrial\" width=\"60\" height=\"60\" srcset=\"http:\/\/www.ilkaytrade.com.tr\/tr\/wp-content\/uploads\/2013\/08\/industrial.jpg 600w, http:\/\/www.ilkaytrade.com.tr\/tr\/wp-content\/uploads\/2013\/08\/industrial-150x150.jpg 150w, http:\/\/www.ilkaytrade.com.tr\/tr\/wp-content\/uploads\/2013\/08\/industrial-300x300.jpg 300w\" sizes=\"(max-width: 60px) 100vw, 60px\" \/><\/a><\/td>\n<\/tr>\n<tr>\n<td width=\"550\"><a href=\"http:\/\/www.ilkaytrade.com.tr\/tr\/wp-content\/uploads\/2013\/08\/Pinjalac-Solid-Dipp-data-Sheet-TR.pdf\">Tikkurila\u00a0Pinjalac Solid Dipp (Su Bazl\u0131 D\u0131\u015f Mekan Dald\u0131rma Vernik) TR<\/a><\/td>\n<td width=\"50\"><a href=\"http:\/\/www.ilkaytrade.com.tr\/tr\/wp-content\/uploads\/2013\/08\/industrial.jpg\"><img decoding=\"async\" class=\"alignnone size-full wp-image-561\" src=\"http:\/\/www.ilkaytrade.com.tr\/tr\/wp-content\/uploads\/2013\/08\/industrial.jpg\" alt=\"industrial\" width=\"60\" height=\"60\" srcset=\"http:\/\/www.ilkaytrade.com.tr\/tr\/wp-content\/uploads\/2013\/08\/industrial.jpg 600w, http:\/\/www.ilkaytrade.com.tr\/tr\/wp-content\/uploads\/2013\/08\/industrial-150x150.jpg 150w, http:\/\/www.ilkaytrade.com.tr\/tr\/wp-content\/uploads\/2013\/08\/industrial-300x300.jpg 300w\" sizes=\"(max-width: 60px) 100vw, 60px\" \/><\/a><\/td>\n<\/tr>\n<tr>\n<td width=\"550\"><a href=\"http:\/\/www.ilkaytrade.com.tr\/tr\/wp-content\/uploads\/2013\/08\/PINJALAC-HB-TCX-Data-Sheet-TR.pdf\">Tikkurila\u00a0Pinjalac HB TCX (Su Bazl\u0131 D\u0131\u015f Mekan Vernik) TR<\/a><\/td>\n<td width=\"50\"><a href=\"http:\/\/www.ilkaytrade.com.tr\/tr\/wp-content\/uploads\/2013\/08\/industrial.jpg\"><img decoding=\"async\" class=\"alignnone size-full wp-image-561\" src=\"http:\/\/www.ilkaytrade.com.tr\/tr\/wp-content\/uploads\/2013\/08\/industrial.jpg\" alt=\"industrial\" width=\"60\" height=\"60\" srcset=\"http:\/\/www.ilkaytrade.com.tr\/tr\/wp-content\/uploads\/2013\/08\/industrial.jpg 600w, http:\/\/www.ilkaytrade.com.tr\/tr\/wp-content\/uploads\/2013\/08\/industrial-150x150.jpg 150w, http:\/\/www.ilkaytrade.com.tr\/tr\/wp-content\/uploads\/2013\/08\/industrial-300x300.jpg 300w\" sizes=\"(max-width: 60px) 100vw, 60px\" \/><\/a><\/td>\n<\/tr>\n<tr>\n<td width=\"550\"><a href=\"http:\/\/www.ilkaytrade.com.tr\/tr\/wp-content\/uploads\/2013\/08\/Pinja-Pro-Primer-TR.pdf\">Tikkurila\u00a0Pinja Pro Primer (Su Bazl\u0131 D\u0131\u015f Mekan \u00d6rt\u00fcc\u00fc Astar) TR<\/a><\/td>\n<td width=\"50\"><a href=\"http:\/\/www.ilkaytrade.com.tr\/tr\/wp-content\/uploads\/2013\/08\/industrial.jpg\"><img decoding=\"async\" class=\"alignnone size-full wp-image-561\" src=\"http:\/\/www.ilkaytrade.com.tr\/tr\/wp-content\/uploads\/2013\/08\/industrial.jpg\" alt=\"industrial\" width=\"60\" height=\"60\" srcset=\"http:\/\/www.ilkaytrade.com.tr\/tr\/wp-content\/uploads\/2013\/08\/industrial.jpg 600w, http:\/\/www.ilkaytrade.com.tr\/tr\/wp-content\/uploads\/2013\/08\/industrial-150x150.jpg 150w, http:\/\/www.ilkaytrade.com.tr\/tr\/wp-content\/uploads\/2013\/08\/industrial-300x300.jpg 300w\" sizes=\"(max-width: 60px) 100vw, 60px\" \/><\/a><\/td>\n<\/tr>\n<tr>\n<td width=\"550\"><a href=\"http:\/\/www.ilkaytrade.com.tr\/tr\/wp-content\/uploads\/2013\/08\/Pinja-Pro-TR.pdf\">Tikkurila Pinja Pro (Su Bazl\u0131 D\u0131\u015f Mekan \u00d6rt\u00fcc\u00fc Boya) TR<\/a><\/td>\n<td width=\"50\"><a href=\"http:\/\/www.ilkaytrade.com.tr\/tr\/wp-content\/uploads\/2013\/08\/industrial.jpg\"><img decoding=\"async\" class=\"alignnone size-full wp-image-561\" src=\"http:\/\/www.ilkaytrade.com.tr\/tr\/wp-content\/uploads\/2013\/08\/industrial.jpg\" alt=\"industrial\" width=\"60\" height=\"60\" srcset=\"http:\/\/www.ilkaytrade.com.tr\/tr\/wp-content\/uploads\/2013\/08\/industrial.jpg 600w, http:\/\/www.ilkaytrade.com.tr\/tr\/wp-content\/uploads\/2013\/08\/industrial-150x150.jpg 150w, http:\/\/www.ilkaytrade.com.tr\/tr\/wp-content\/uploads\/2013\/08\/industrial-300x300.jpg 300w\" sizes=\"(max-width: 60px) 100vw, 60px\" \/><\/a><\/td>\n<\/tr>\n<tr>\n<td width=\"550\"><a href=\"http:\/\/www.ilkaytrade.com.tr\/tr\/wp-content\/uploads\/2013\/08\/Pinja-Flex-Primer-Akvi-Flex-Primer-Data-Sheet-TR.pdf\">Tikkurila\u00a0Pinja Flex Primer (Akvi Flex Primer) (Su Bazl\u0131 D\u0131\u015f Mekan Esnek Kap\u0131-Do\u011frama \u00d6rt\u00fcc\u00fc Astar\u0131) TR<\/a><\/td>\n<td width=\"50\"><a href=\"http:\/\/www.ilkaytrade.com.tr\/tr\/wp-content\/uploads\/2013\/08\/industrial.jpg\"><img decoding=\"async\" class=\"alignnone size-full wp-image-561\" src=\"http:\/\/www.ilkaytrade.com.tr\/tr\/wp-content\/uploads\/2013\/08\/industrial.jpg\" alt=\"industrial\" width=\"60\" height=\"60\" srcset=\"http:\/\/www.ilkaytrade.com.tr\/tr\/wp-content\/uploads\/2013\/08\/industrial.jpg 600w, http:\/\/www.ilkaytrade.com.tr\/tr\/wp-content\/uploads\/2013\/08\/industrial-150x150.jpg 150w, http:\/\/www.ilkaytrade.com.tr\/tr\/wp-content\/uploads\/2013\/08\/industrial-300x300.jpg 300w\" sizes=\"(max-width: 60px) 100vw, 60px\" \/><\/a><\/td>\n<\/tr>\n<tr>\n<td width=\"550\"><a href=\"http:\/\/www.ilkaytrade.com.tr\/tr\/wp-content\/uploads\/2013\/08\/Pinja-Flex-30-Akvi-Flex-30-Data-Sheet-TR.pdf\">Pinja Flex 30 (Akvi Flex 30) (Su Bazl\u0131 D\u0131\u015f Mekan Esnek Kap\u0131-Do\u011frama Boyas\u0131) TR<\/a><\/td>\n<td width=\"50\"><a href=\"http:\/\/www.ilkaytrade.com.tr\/tr\/wp-content\/uploads\/2013\/08\/industrial.jpg\"><img decoding=\"async\" class=\"alignnone size-full wp-image-561\" src=\"http:\/\/www.ilkaytrade.com.tr\/tr\/wp-content\/uploads\/2013\/08\/industrial.jpg\" alt=\"industrial\" width=\"60\" height=\"60\" srcset=\"http:\/\/www.ilkaytrade.com.tr\/tr\/wp-content\/uploads\/2013\/08\/industrial.jpg 600w, http:\/\/www.ilkaytrade.com.tr\/tr\/wp-content\/uploads\/2013\/08\/industrial-150x150.jpg 150w, http:\/\/www.ilkaytrade.com.tr\/tr\/wp-content\/uploads\/2013\/08\/industrial-300x300.jpg 300w\" sizes=\"(max-width: 60px) 100vw, 60px\" \/><\/a><\/td>\n<\/tr>\n<tr>\n<td width=\"550\"><a href=\"http:\/\/www.ilkaytrade.com.tr\/tr\/wp-content\/uploads\/2017\/10\/Merit-Jahti-20-Data-Sheet-TR.pdf\">Tikkurila\u00a0Merit Jahti 20 (UV Koruyuculu \u0130\u00e7-D\u0131\u015f Mekan Mat Vernik) TR<\/a><\/td>\n<td width=\"50\"><a href=\"http:\/\/www.ilkaytrade.com.tr\/tr\/wp-content\/uploads\/2013\/08\/industrial.jpg\"><img decoding=\"async\" class=\"alignnone size-full wp-image-561\" src=\"http:\/\/www.ilkaytrade.com.tr\/tr\/wp-content\/uploads\/2013\/08\/industrial.jpg\" alt=\"industrial\" width=\"60\" height=\"60\" srcset=\"http:\/\/www.ilkaytrade.com.tr\/tr\/wp-content\/uploads\/2013\/08\/industrial.jpg 600w, http:\/\/www.ilkaytrade.com.tr\/tr\/wp-content\/uploads\/2013\/08\/industrial-150x150.jpg 150w, http:\/\/www.ilkaytrade.com.tr\/tr\/wp-content\/uploads\/2013\/08\/industrial-300x300.jpg 300w\" sizes=\"(max-width: 60px) 100vw, 60px\" \/><\/a><\/td>\n<\/tr>\n<tr>\n<td width=\"550\"><a href=\"http:\/\/www.ilkaytrade.com.tr\/tr\/wp-content\/uploads\/2013\/02\/Merit-Jahti-30-Data-Sheet-TR.pdf\">Tikkurila\u00a0Merit Jahti 30 (UV Koruyuculu \u0130\u00e7-D\u0131\u015f Mekan Yar\u0131-Mat Vernik) TR<\/a><\/td>\n<td width=\"50\"><a href=\"http:\/\/www.ilkaytrade.com.tr\/tr\/wp-content\/uploads\/2013\/08\/industrial.jpg\"><img decoding=\"async\" class=\"alignnone size-full wp-image-561\" src=\"http:\/\/www.ilkaytrade.com.tr\/tr\/wp-content\/uploads\/2013\/08\/industrial.jpg\" alt=\"industrial\" width=\"60\" height=\"60\" srcset=\"http:\/\/www.ilkaytrade.com.tr\/tr\/wp-content\/uploads\/2013\/08\/industrial.jpg 600w, http:\/\/www.ilkaytrade.com.tr\/tr\/wp-content\/uploads\/2013\/08\/industrial-150x150.jpg 150w, http:\/\/www.ilkaytrade.com.tr\/tr\/wp-content\/uploads\/2013\/08\/industrial-300x300.jpg 300w\" sizes=\"(max-width: 60px) 100vw, 60px\" \/><\/a><\/td>\n<\/tr>\n<tr>\n<td width=\"550\"><a href=\"http:\/\/www.ilkaytrade.com.tr\/tr\/wp-content\/uploads\/2017\/10\/Merit-Jahti-80-Data-Sheet-TR.pdf\">Tikkurila Merit Jahti 80 (UV Koruyuculu \u0130\u00e7-D\u0131\u015f Mekan Parlak Vernik) TR<\/a><\/td>\n<td width=\"50\"><a href=\"http:\/\/www.ilkaytrade.com.tr\/tr\/wp-content\/uploads\/2013\/08\/industrial.jpg\"><img decoding=\"async\" class=\"alignnone size-full wp-image-561\" src=\"http:\/\/www.ilkaytrade.com.tr\/tr\/wp-content\/uploads\/2013\/08\/industrial.jpg\" alt=\"industrial\" width=\"60\" height=\"60\" srcset=\"http:\/\/www.ilkaytrade.com.tr\/tr\/wp-content\/uploads\/2013\/08\/industrial.jpg 600w, http:\/\/www.ilkaytrade.com.tr\/tr\/wp-content\/uploads\/2013\/08\/industrial-150x150.jpg 150w, http:\/\/www.ilkaytrade.com.tr\/tr\/wp-content\/uploads\/2013\/08\/industrial-300x300.jpg 300w\" sizes=\"(max-width: 60px) 100vw, 60px\" \/><\/a><\/td>\n<\/tr>\n<tr>\n<td width=\"550\"><a href=\"http:\/\/www.ilkaytrade.com.tr\/tr\/wp-content\/uploads\/2017\/10\/Merit-20-Data-Sheet-TR.pdf\">Tikkurila Merit 20 (AC 10+1 \u0130\u00e7 Mekan Mat Vernik) TR<\/a><\/td>\n<td width=\"50\"><a href=\"http:\/\/www.ilkaytrade.com.tr\/tr\/wp-content\/uploads\/2013\/08\/industrial.jpg\"><img decoding=\"async\" class=\"alignnone size-full wp-image-561\" src=\"http:\/\/www.ilkaytrade.com.tr\/tr\/wp-content\/uploads\/2013\/08\/industrial.jpg\" alt=\"industrial\" width=\"60\" height=\"60\" srcset=\"http:\/\/www.ilkaytrade.com.tr\/tr\/wp-content\/uploads\/2013\/08\/industrial.jpg 600w, http:\/\/www.ilkaytrade.com.tr\/tr\/wp-content\/uploads\/2013\/08\/industrial-150x150.jpg 150w, http:\/\/www.ilkaytrade.com.tr\/tr\/wp-content\/uploads\/2013\/08\/industrial-300x300.jpg 300w\" sizes=\"(max-width: 60px) 100vw, 60px\" \/><\/a><\/td>\n<\/tr>\n<tr>\n<td width=\"550\"><a href=\"http:\/\/www.ilkaytrade.com.tr\/tr\/wp-content\/uploads\/2017\/10\/Merit-30-Data-Sheet-TR.pdf\">Tikkurila Merit 30 (AC 10+1 \u0130\u00e7 Mekan Yar\u0131 Mat Vernik) TR<\/a><\/td>\n<td width=\"50\"><a href=\"http:\/\/www.ilkaytrade.com.tr\/tr\/wp-content\/uploads\/2013\/08\/industrial.jpg\"><img decoding=\"async\" class=\"alignnone size-full wp-image-561\" src=\"http:\/\/www.ilkaytrade.com.tr\/tr\/wp-content\/uploads\/2013\/08\/industrial.jpg\" alt=\"industrial\" width=\"60\" height=\"60\" srcset=\"http:\/\/www.ilkaytrade.com.tr\/tr\/wp-content\/uploads\/2013\/08\/industrial.jpg 600w, http:\/\/www.ilkaytrade.com.tr\/tr\/wp-content\/uploads\/2013\/08\/industrial-150x150.jpg 150w, http:\/\/www.ilkaytrade.com.tr\/tr\/wp-content\/uploads\/2013\/08\/industrial-300x300.jpg 300w\" sizes=\"(max-width: 60px) 100vw, 60px\" \/><\/a><\/td>\n<\/tr>\n<tr>\n<td width=\"550\"><a href=\"http:\/\/www.ilkaytrade.com.tr\/tr\/wp-content\/uploads\/2017\/10\/Merit-80-Data-Sheet-TR.pdf\">Tikkurila Merit 80 (AC 10+1 \u0130\u00e7 Mekan Parlak Vernik) TR<\/a><\/td>\n<td width=\"50\"><a href=\"http:\/\/www.ilkaytrade.com.tr\/tr\/wp-content\/uploads\/2013\/08\/industrial.jpg\"><img decoding=\"async\" class=\"alignnone size-full wp-image-561\" src=\"http:\/\/www.ilkaytrade.com.tr\/tr\/wp-content\/uploads\/2013\/08\/industrial.jpg\" alt=\"industrial\" width=\"60\" height=\"60\" srcset=\"http:\/\/www.ilkaytrade.com.tr\/tr\/wp-content\/uploads\/2013\/08\/industrial.jpg 600w, http:\/\/www.ilkaytrade.com.tr\/tr\/wp-content\/uploads\/2013\/08\/industrial-150x150.jpg 150w, http:\/\/www.ilkaytrade.com.tr\/tr\/wp-content\/uploads\/2013\/08\/industrial-300x300.jpg 300w\" sizes=\"(max-width: 60px) 100vw, 60px\" \/><\/a><\/td>\n<\/tr>\n<tr>\n<td width=\"550\"><a href=\"http:\/\/www.ilkaytrade.com.tr\/tr\/wp-content\/uploads\/2013\/08\/AKVILAC-TIX-25-TCW-Data-Sheet-TR.pdf\">Tikkurila AKVILAC TIX 25 TCW (Su Bazl\u0131 Tixotropik \u0130\u00e7 Mekan Vernik TR<\/a><\/td>\n<td width=\"50\"><a href=\"http:\/\/www.ilkaytrade.com.tr\/tr\/wp-content\/uploads\/2013\/08\/industrial.jpg\"><img decoding=\"async\" class=\"alignnone size-full wp-image-561\" src=\"http:\/\/www.ilkaytrade.com.tr\/tr\/wp-content\/uploads\/2013\/08\/industrial.jpg\" alt=\"industrial\" width=\"60\" height=\"60\" srcset=\"http:\/\/www.ilkaytrade.com.tr\/tr\/wp-content\/uploads\/2013\/08\/industrial.jpg 600w, http:\/\/www.ilkaytrade.com.tr\/tr\/wp-content\/uploads\/2013\/08\/industrial-150x150.jpg 150w, http:\/\/www.ilkaytrade.com.tr\/tr\/wp-content\/uploads\/2013\/08\/industrial-300x300.jpg 300w\" sizes=\"(max-width: 60px) 100vw, 60px\" \/><\/a><\/td>\n<\/tr>\n<tr>\n<td width=\"550\"><a href=\"http:\/\/www.ilkaytrade.com.tr\/tr\/wp-content\/uploads\/2013\/02\/AKVI-PRIMER-Data-Sheet-TR.pdf\">Tikkurila AKVI PRIMER (Su Bazl\u0131 i\u00e7 Mekan \u00d6rt\u00fcc\u00fc Beyaz Astar) TR<\/a><\/td>\n<td width=\"50\"><a href=\"http:\/\/www.ilkaytrade.com.tr\/tr\/wp-content\/uploads\/2013\/08\/industrial.jpg\"><img decoding=\"async\" class=\"alignnone size-full wp-image-561\" src=\"http:\/\/www.ilkaytrade.com.tr\/tr\/wp-content\/uploads\/2013\/08\/industrial.jpg\" alt=\"industrial\" width=\"60\" height=\"60\" srcset=\"http:\/\/www.ilkaytrade.com.tr\/tr\/wp-content\/uploads\/2013\/08\/industrial.jpg 600w, http:\/\/www.ilkaytrade.com.tr\/tr\/wp-content\/uploads\/2013\/08\/industrial-150x150.jpg 150w, http:\/\/www.ilkaytrade.com.tr\/tr\/wp-content\/uploads\/2013\/08\/industrial-300x300.jpg 300w\" sizes=\"(max-width: 60px) 100vw, 60px\" \/><\/a><\/td>\n<\/tr>\n<tr>\n<td width=\"550\"><a href=\"http:\/\/www.ilkaytrade.com.tr\/tr\/wp-content\/uploads\/2013\/02\/AKVI-TOP-30-Data-Sheet-TR.pdf\">Tikkurila AKVI TOP 30 (Su Bazl\u0131 \u0130\u00e7 Mekan Ah\u015fap Boyas\u0131) TR<\/a><\/td>\n<td width=\"50\"><a href=\"http:\/\/www.ilkaytrade.com.tr\/tr\/wp-content\/uploads\/2013\/08\/industrial.jpg\"><img decoding=\"async\" class=\"alignnone size-full wp-image-561\" src=\"http:\/\/www.ilkaytrade.com.tr\/tr\/wp-content\/uploads\/2013\/08\/industrial.jpg\" alt=\"industrial\" width=\"60\" height=\"60\" srcset=\"http:\/\/www.ilkaytrade.com.tr\/tr\/wp-content\/uploads\/2013\/08\/industrial.jpg 600w, http:\/\/www.ilkaytrade.com.tr\/tr\/wp-content\/uploads\/2013\/08\/industrial-150x150.jpg 150w, http:\/\/www.ilkaytrade.com.tr\/tr\/wp-content\/uploads\/2013\/08\/industrial-300x300.jpg 300w\" sizes=\"(max-width: 60px) 100vw, 60px\" \/><\/a><\/td>\n<\/tr>\n<\/tbody>\n<\/table>\n<p><a href=\"http:\/\/www.tikkurila.com\/industrial_coatings\/wood_finishes\/wood_finishes\/wood_products\">T\u00fcm pdf dosyalar\u0131 i\u00e7in t\u0131klay\u0131n\u0131z&#8230;<\/a><\/p>\n","protected":false},"excerpt":{"rendered":"<p>Tikkurila\u00a0Pinja W-Oil (Su Bazl\u0131 \u0130\u00e7-D\u0131\u015f Mekan Ah\u015fap Ya\u011f\u0131) TR Tikkurila\u00a0PinjaSol Color (Solvent Bazl\u0131 Ah\u015fap Ya\u011f\u0131,Emprenyesi ve Renklendiricisi) TR Tikkurila\u00a0Pinja Wood Stain (Su Bazl\u0131&#8230;<\/p>\n","protected":false},"author":2,"featured_media":0,"parent":60,"menu_order":0,"comment_status":"open","ping_status":"open","template":"template_fullwidth.php","meta":{"_acf_changed":false,"footnotes":""},"class_list":["post-171","page","type-page","status-publish","hentry"],"acf":[],"_links":{"self":[{"href":"http:\/\/www.ilkaytrade.com.tr\/tr\/wp-json\/wp\/v2\/pages\/171","targetHints":{"allow":["GET"]}}],"collection":[{"href":"http:\/\/www.ilkaytrade.com.tr\/tr\/wp-json\/wp\/v2\/pages"}],"about":[{"href":"http:\/\/www.ilkaytrade.com.tr\/tr\/wp-json\/wp\/v2\/types\/page"}],"author":[{"embeddable":true,"href":"http:\/\/www.ilkaytrade.com.tr\/tr\/wp-json\/wp\/v2\/users\/2"}],"replies":[{"embeddable":true,"href":"http:\/\/www.ilkaytrade.com.tr\/tr\/wp-json\/wp\/v2\/comments?post=171"}],"version-history":[{"count":42,"href":"http:\/\/www.ilkaytrade.com.tr\/tr\/wp-json\/wp\/v2\/pages\/171\/revisions"}],"predecessor-version":[{"id":1050,"href":"http:\/\/www.ilkaytrade.com.tr\/tr\/wp-json\/wp\/v2\/pages\/171\/revisions\/1050"}],"up":[{"embeddable":true,"href":"http:\/\/www.ilkaytrade.com.tr\/tr\/wp-json\/wp\/v2\/pages\/60"}],"wp:attachment":[{"href":"http:\/\/www.ilkaytrade.com.tr\/tr\/wp-json\/wp\/v2\/media?parent=171"}],"curies":[{"name":"wp","href":"https:\/\/api.w.org\/{rel}","templated":true}]}}