{"id":169,"date":"2013-02-24T12:24:27","date_gmt":"2013-02-24T12:24:27","guid":{"rendered":"http:\/\/www.ilkaytrade.com.tr\/tr\/?page_id=169"},"modified":"2017-12-21T12:03:30","modified_gmt":"2017-12-21T12:03:30","slug":"dekoratif-urunler","status":"publish","type":"page","link":"http:\/\/www.ilkaytrade.com.tr\/tr\/urunler\/tikkurilla\/dekoratif-urunler\/","title":{"rendered":"Dekoratif \u00dcr\u00fcnler"},"content":{"rendered":"<table border=\"0\" width=\"600\" cellspacing=\"0\" cellpadding=\"0\">\n<tbody>\n<tr>\n<td width=\"550\"><a href=\"http:\/\/www.ilkaytrade.com.tr\/tr\/wp-content\/uploads\/2013\/02\/Valtti-furniture-and-decking-oil-brown-TR.pdf\">Tikkurila Valtti Furniture and Decking Oil Brown (Haz\u0131r renkli Ah\u015fap Deck ve Mob. Ya\u011f\u0131) TR<\/a><\/td>\n<td width=\"50\"><a href=\"http:\/\/www.ilkaytrade.com.tr\/tr\/urunler\/tikkurilla\/dekoratif-urunler\/valtti_-kaluste-_ja_terassioljy\/\"><img decoding=\"async\" class=\"alignnone wp-image-924 size-thumbnail\" src=\"http:\/\/www.ilkaytrade.com.tr\/tr\/wp-content\/uploads\/2013\/02\/Valtti_-Kaluste-_ja_terassioljy-150x150.jpg\" width=\"50\" height=\"50\" srcset=\"http:\/\/www.ilkaytrade.com.tr\/tr\/wp-content\/uploads\/2013\/02\/Valtti_-Kaluste-_ja_terassioljy-150x150.jpg 150w, http:\/\/www.ilkaytrade.com.tr\/tr\/wp-content\/uploads\/2013\/02\/Valtti_-Kaluste-_ja_terassioljy-300x300.jpg 300w, http:\/\/www.ilkaytrade.com.tr\/tr\/wp-content\/uploads\/2013\/02\/Valtti_-Kaluste-_ja_terassioljy-768x768.jpg 768w, http:\/\/www.ilkaytrade.com.tr\/tr\/wp-content\/uploads\/2013\/02\/Valtti_-Kaluste-_ja_terassioljy.jpg 1024w\" sizes=\"(max-width: 50px) 100vw, 50px\" \/><\/a><\/td>\n<\/tr>\n<tr>\n<td width=\"550\"><a href=\"http:\/\/www.ilkaytrade.com.tr\/tr\/wp-content\/uploads\/2017\/10\/Valtti-PLUS-TERRACE-OIL-TR.pdf\">Tikkurila Valtti PLUS TERRACE OIL (Haz\u0131r renkli Su Bazl\u0131 Ah\u015fap Deck ve Mob. Ya\u011f\u0131) TR<\/a><\/td>\n<td width=\"50\"><a href=\"http:\/\/www.ilkaytrade.com.tr\/tr\/wp-content\/uploads\/2013\/02\/Valtti_Plus_terassioljy_ruskea_9L.jpg\"><img decoding=\"async\" class=\"alignnone wp-image-1107 size-full\" src=\"http:\/\/www.ilkaytrade.com.tr\/tr\/wp-content\/uploads\/2013\/02\/Valtti_Plus_terassioljy_ruskea_9L.jpg\" alt=\"\" width=\"50\" height=\"50\" srcset=\"http:\/\/www.ilkaytrade.com.tr\/tr\/wp-content\/uploads\/2013\/02\/Valtti_Plus_terassioljy_ruskea_9L.jpg 500w, http:\/\/www.ilkaytrade.com.tr\/tr\/wp-content\/uploads\/2013\/02\/Valtti_Plus_terassioljy_ruskea_9L-150x150.jpg 150w, http:\/\/www.ilkaytrade.com.tr\/tr\/wp-content\/uploads\/2013\/02\/Valtti_Plus_terassioljy_ruskea_9L-300x300.jpg 300w\" sizes=\"(max-width: 50px) 100vw, 50px\" \/><\/a><\/td>\n<\/tr>\n<tr>\n<td width=\"550\"><a href=\"http:\/\/www.ilkaytrade.com.tr\/tr\/wp-content\/uploads\/2013\/02\/Tikkurila_valtti_puuoljy_wood_oilTR.pdf\">Tikkurila Valtti Wood Oil (Ah\u015fap Ya\u011f\u0131)<\/a>\u00a0<a href=\"http:\/\/www.ilkaytrade.com.tr\/tr\/wp-content\/uploads\/2013\/02\/Tikkurila_valtti_puuoljy_wood_oilTR.pdf\">TR<\/a><\/td>\n<td width=\"50\"><a href=\"http:\/\/www.ilkaytrade.com.tr\/tr\/urunler\/tikkurilla\/dekoratif-urunler\/valtti_puuoljy_9l_1\/\"><img decoding=\"async\" class=\"alignnone wp-image-925 size-large\" src=\"http:\/\/www.ilkaytrade.com.tr\/tr\/wp-content\/uploads\/2013\/02\/Valtti_puuoljy_9L_1-1024x744.png\" width=\"50\" height=\"50\" \/><\/a><\/td>\n<\/tr>\n<tr>\n<td width=\"550\"><a href=\"http:\/\/www.ilkaytrade.com.tr\/tr\/wp-content\/uploads\/2013\/02\/Valtti-WOOD-OIL-AKVA-TR.pdf\">Valtti WOOD OIL AKVA (Su Bazle, WAX ve Bitkisel Ya\u011f i\u00e7erikli Ah\u015fap Ya\u011f\u0131) TR<\/a><\/td>\n<td width=\"50\"><a href=\"http:\/\/www.ilkaytrade.com.tr\/tr\/wp-content\/uploads\/2013\/02\/Valtti_Puuoljy_Akva.jpg\"><img loading=\"lazy\" decoding=\"async\" class=\"alignnone size-full wp-image-1118\" src=\"http:\/\/www.ilkaytrade.com.tr\/tr\/wp-content\/uploads\/2013\/02\/Valtti_Puuoljy_Akva.jpg\" alt=\"\" width=\"50\" height=\"50\" srcset=\"http:\/\/www.ilkaytrade.com.tr\/tr\/wp-content\/uploads\/2013\/02\/Valtti_Puuoljy_Akva.jpg 480w, http:\/\/www.ilkaytrade.com.tr\/tr\/wp-content\/uploads\/2013\/02\/Valtti_Puuoljy_Akva-150x150.jpg 150w, http:\/\/www.ilkaytrade.com.tr\/tr\/wp-content\/uploads\/2013\/02\/Valtti_Puuoljy_Akva-300x300.jpg 300w\" sizes=\"(max-width: 50px) 100vw, 50px\" \/><\/a><\/td>\n<\/tr>\n<tr>\n<td width=\"550\"><a href=\"http:\/\/www.ilkaytrade.com.tr\/tr\/wp-content\/uploads\/2013\/02\/Tikkurila_valtti_colorTR.pdf\">Tikkurila Valtti Color (Solvent Bazl\u0131 Mat Ah\u015fap Renklendiricisi)<\/a>\u00a0<a href=\"http:\/\/www.ilkaytrade.com.tr\/tr\/wp-content\/uploads\/2013\/02\/Tikkurila_valtti_puuoljy_wood_oilTR.pdf\">TR<\/a><\/td>\n<td width=\"50\"><a href=\"http:\/\/www.ilkaytrade.com.tr\/tr\/urunler\/tikkurilla\/dekoratif-urunler\/valtti-color\/\"><img loading=\"lazy\" decoding=\"async\" class=\"alignnone wp-image-926 size-full\" src=\"http:\/\/www.ilkaytrade.com.tr\/tr\/wp-content\/uploads\/2013\/02\/Valtti-Color.jpeg\" width=\"50\" height=\"50\" srcset=\"http:\/\/www.ilkaytrade.com.tr\/tr\/wp-content\/uploads\/2013\/02\/Valtti-Color.jpeg 200w, http:\/\/www.ilkaytrade.com.tr\/tr\/wp-content\/uploads\/2013\/02\/Valtti-Color-150x150.jpeg 150w\" sizes=\"(max-width: 50px) 100vw, 50px\" \/><\/a><\/td>\n<\/tr>\n<tr>\n<td width=\"550\"><a href=\"http:\/\/www.ilkaytrade.com.tr\/tr\/wp-content\/uploads\/2013\/02\/Tikkurila_valtti_color_satinTR.pdf\">Tikkurila Valtti Color Satin (Solvent Bazl\u0131 \u0130pek Mat Ah\u015fap Verni\u011fi) <\/a><a href=\"http:\/\/www.ilkaytrade.com.tr\/tr\/wp-content\/uploads\/2013\/02\/Tikkurila_valtti_color_satinTR.pdf\">TR<\/a><\/td>\n<td width=\"50\"><a href=\"http:\/\/www.ilkaytrade.com.tr\/tr\/urunler\/tikkurilla\/dekoratif-urunler\/valtti_color_satin_9l_1\/\"><img loading=\"lazy\" decoding=\"async\" class=\"alignnone wp-image-912 size-large\" src=\"http:\/\/www.ilkaytrade.com.tr\/tr\/wp-content\/uploads\/2013\/02\/Valtti_Color_Satin_9L_1-1024x749.png\" width=\"50\" height=\"50\" \/><\/a><\/td>\n<\/tr>\n<tr>\n<td width=\"550\"><a href=\"http:\/\/www.ilkaytrade.com.tr\/tr\/wp-content\/uploads\/2013\/02\/Tikkurila_valtti_color_extraTR.pdf\">Tikkurila\u00a0Valtti Color Extra (Solvent Bazl\u0131 Parlak Ah\u015fap Verni\u011fi) <\/a><a href=\"http:\/\/www.ilkaytrade.com.tr\/tr\/wp-content\/uploads\/2013\/02\/Tikkurila_valtti_color_satinTR.pdf\">TR<\/a><\/td>\n<td width=\"50\"><a href=\"http:\/\/www.ilkaytrade.com.tr\/tr\/urunler\/tikkurilla\/dekoratif-urunler\/valtti-color-extra\/\"><img loading=\"lazy\" decoding=\"async\" class=\"alignnone wp-image-913 size-full\" src=\"http:\/\/www.ilkaytrade.com.tr\/tr\/wp-content\/uploads\/2013\/02\/Valtti-Color-Extra.jpg\" width=\"50\" height=\"50\" srcset=\"http:\/\/www.ilkaytrade.com.tr\/tr\/wp-content\/uploads\/2013\/02\/Valtti-Color-Extra.jpg 600w, http:\/\/www.ilkaytrade.com.tr\/tr\/wp-content\/uploads\/2013\/02\/Valtti-Color-Extra-150x150.jpg 150w, http:\/\/www.ilkaytrade.com.tr\/tr\/wp-content\/uploads\/2013\/02\/Valtti-Color-Extra-300x300.jpg 300w\" sizes=\"(max-width: 50px) 100vw, 50px\" \/><\/a><\/td>\n<\/tr>\n<tr>\n<td width=\"550\"><a href=\"http:\/\/www.ilkaytrade.com.tr\/tr\/wp-content\/uploads\/2013\/02\/Tikkurila_valtti_AkvacolorTR.pdf\">Tikkurila Valtti AkvaColor (Su Bazl\u0131 Mat Ah\u015fap Verni\u011fi) TR<\/a><\/td>\n<td width=\"50\"><a href=\"http:\/\/www.ilkaytrade.com.tr\/tr\/urunler\/tikkurilla\/dekoratif-urunler\/valtti_akvacolor-2\/\"><img loading=\"lazy\" decoding=\"async\" class=\"alignnone wp-image-915 size-full\" src=\"http:\/\/www.ilkaytrade.com.tr\/tr\/wp-content\/uploads\/2013\/02\/Valtti_Akvacolor-1.jpg\" width=\"50\" height=\"50\" srcset=\"http:\/\/www.ilkaytrade.com.tr\/tr\/wp-content\/uploads\/2013\/02\/Valtti_Akvacolor-1.jpg 1024w, http:\/\/www.ilkaytrade.com.tr\/tr\/wp-content\/uploads\/2013\/02\/Valtti_Akvacolor-1-150x150.jpg 150w, http:\/\/www.ilkaytrade.com.tr\/tr\/wp-content\/uploads\/2013\/02\/Valtti_Akvacolor-1-300x300.jpg 300w, http:\/\/www.ilkaytrade.com.tr\/tr\/wp-content\/uploads\/2013\/02\/Valtti_Akvacolor-1-768x768.jpg 768w\" sizes=\"(max-width: 50px) 100vw, 50px\" \/><\/a><\/td>\n<\/tr>\n<tr>\n<td width=\"550\"><a href=\"http:\/\/www.ilkaytrade.com.tr\/tr\/wp-content\/uploads\/2013\/02\/Valtti-PLUS-KESTO-TR.pdf\">Valtti PLUS KESTO (Su Bazl\u0131 Y\u00fcksek UV dayan\u0131ml\u0131 D\u0131\u015f Cephe Ah\u015fap Verni\u011fi) TR<\/a><\/td>\n<td width=\"50\"><a href=\"http:\/\/www.ilkaytrade.com.tr\/tr\/?attachment_id=881\"><img loading=\"lazy\" decoding=\"async\" class=\"alignnone wp-image-881 size-full\" src=\"http:\/\/www.ilkaytrade.com.tr\/tr\/wp-content\/uploads\/2014\/07\/Valtti_Plus_Kesto_SUPERCOLOR_9L.jpg\" width=\"50\" height=\"50\" \/><\/a><\/td>\n<\/tr>\n<tr>\n<td width=\"550\"><a href=\"http:\/\/www.ilkaytrade.com.tr\/tr\/wp-content\/uploads\/2017\/12\/Tikkurila-Valtti-OPAQUE-VINHA-TR.pdf\">Tikkurila Valtti OPAQUE (VINHA) (Su Bazl\u0131 \u00d6rt\u00fcc\u00fc Ah\u015fap Boyas\u0131) TR<\/a><\/td>\n<td width=\"50\"><a href=\"http:\/\/www.ilkaytrade.com.tr\/tr\/urunler\/tikkurilla\/dekoratif-urunler\/tikkurila_valtti_opaque\/\"><img loading=\"lazy\" decoding=\"async\" class=\"alignnone wp-image-916 size-full\" src=\"http:\/\/www.ilkaytrade.com.tr\/tr\/wp-content\/uploads\/2013\/02\/Tikkurila_Valtti_Opaque.jpg\" width=\"50\" height=\"50\" srcset=\"http:\/\/www.ilkaytrade.com.tr\/tr\/wp-content\/uploads\/2013\/02\/Tikkurila_Valtti_Opaque.jpg 1024w, http:\/\/www.ilkaytrade.com.tr\/tr\/wp-content\/uploads\/2013\/02\/Tikkurila_Valtti_Opaque-150x150.jpg 150w, http:\/\/www.ilkaytrade.com.tr\/tr\/wp-content\/uploads\/2013\/02\/Tikkurila_Valtti_Opaque-300x300.jpg 300w, http:\/\/www.ilkaytrade.com.tr\/tr\/wp-content\/uploads\/2013\/02\/Tikkurila_Valtti_Opaque-768x768.jpg 768w\" sizes=\"(max-width: 50px) 100vw, 50px\" \/><\/a><\/td>\n<\/tr>\n<tr>\n<td width=\"550\"><a href=\"http:\/\/www.ilkaytrade.com.tr\/tr\/wp-content\/uploads\/2017\/12\/Tikkurila-Ultra-CLASSIC-TR.pdf\">Tikkurila Ultra CLASSIC (Su Bazl\u0131 Y\u00fcksek Kaliteli D\u0131\u015f Mekan Ah\u015fap Boyas\u0131)<\/a><a href=\"http:\/\/www.ilkaytrade.com.tr\/tr\/wp-content\/uploads\/2017\/12\/Tikkurila-Ultra-CLASSIC-TR.pdf\"> TR<\/a><\/td>\n<td width=\"50\"><a href=\"http:\/\/www.ilkaytrade.com.tr\/tr\/urunler\/tikkurilla\/dekoratif-urunler\/ultra_classis_korkealuokkainen_talomaali_puolihimmea_9_l_1\/\"><img loading=\"lazy\" decoding=\"async\" class=\"alignnone wp-image-917 size-large\" src=\"http:\/\/www.ilkaytrade.com.tr\/tr\/wp-content\/uploads\/2013\/02\/Ultra_Classis_korkealuokkainen_talomaali_puolihimmea_9_L_1-1024x748.jpg\" width=\"50\" height=\"50\" \/><\/a><\/td>\n<\/tr>\n<tr>\n<td width=\"550\"><a href=\"http:\/\/www.ilkaytrade.com.tr\/tr\/wp-content\/uploads\/2013\/02\/Tikkurila-Valtti-BaseTR.pdf\">Tikkurila Valtti Base (Solvent Bazl\u0131 Astar-Emprenye) TR<\/a><\/td>\n<td width=\"50\"><a href=\"http:\/\/www.ilkaytrade.com.tr\/tr\/urunler\/tikkurilla\/dekoratif-urunler\/valtti-pohjuste\/\"><img loading=\"lazy\" decoding=\"async\" class=\"alignnone wp-image-918 size-full\" src=\"http:\/\/www.ilkaytrade.com.tr\/tr\/wp-content\/uploads\/2013\/02\/Valtti-Pohjuste.jpg\" width=\"50\" height=\"50\" \/><\/a><\/td>\n<\/tr>\n<tr>\n<td width=\"550\"><a href=\"http:\/\/www.ilkaytrade.com.tr\/tr\/wp-content\/uploads\/2013\/02\/Tikkurila-Valtti-AkvabaseTR.pdf\">Tikkurila Valtti Akvabase (Su Bazl\u0131 Astar-Emprenye) TR<\/a><\/td>\n<td width=\"50\"><a href=\"http:\/\/www.ilkaytrade.com.tr\/tr\/urunler\/tikkurilla\/dekoratif-urunler\/valtti-akvabase\/\"><img loading=\"lazy\" decoding=\"async\" class=\"alignnone wp-image-919 size-full\" src=\"http:\/\/www.ilkaytrade.com.tr\/tr\/wp-content\/uploads\/2013\/02\/Valtti-Akvabase.jpg\" alt=\"Valtti_Akvabase\" width=\"50\" height=\"50\" \/><\/a><\/td>\n<\/tr>\n<tr>\n<td width=\"550\"><a href=\"http:\/\/www.ilkaytrade.com.tr\/tr\/wp-content\/uploads\/2013\/08\/Parketti-\u00c4ss\u00e4-Petsi-Parquet-Ace-StainTR.pdf\">Tikkurila Parketti \u00c4ss\u00e4 PETSI (Su Bazl\u0131 M1 Sa\u011fl\u0131k Sert. Parke Renklendiricisi) TR<\/a><\/td>\n<td width=\"50\"><a href=\"http:\/\/www.ilkaytrade.com.tr\/tr\/wp-content\/uploads\/2013\/08\/parketti_assa_petsi.jpg\"><img loading=\"lazy\" decoding=\"async\" class=\"alignnone size-full wp-image-514\" src=\"http:\/\/www.ilkaytrade.com.tr\/tr\/wp-content\/uploads\/2013\/08\/parketti_assa_petsi.jpg\" alt=\"parketti_assa_petsi\" width=\"50\" height=\"50\" \/><\/a><\/td>\n<\/tr>\n<tr>\n<td width=\"550\"><a href=\"http:\/\/www.ilkaytrade.com.tr\/tr\/wp-content\/uploads\/2013\/08\/Parketti-\u00c4ss\u00e4-Parquet-Lacquer-TR.pdf\">Tikkurila Parketti \u00c4ss\u00e4 (SU Bazl\u0131 M1 Sa\u011fl\u0131k Sert. Parke Verni\u011fi) TR<\/a><\/td>\n<td width=\"50\"><a href=\"http:\/\/www.ilkaytrade.com.tr\/tr\/wp-content\/uploads\/2013\/02\/Parketti_Assa_kiiltava_10L-e1377259711366.jpg\"><img loading=\"lazy\" decoding=\"async\" class=\"alignnone size-full wp-image-521\" src=\"http:\/\/www.ilkaytrade.com.tr\/tr\/wp-content\/uploads\/2013\/02\/Parketti_Assa_kiiltava_10L-e1377259711366.jpg\" alt=\"Parketti_Assa_kiiltava_10L\" width=\"35\" height=\"48\" \/><\/a><\/td>\n<\/tr>\n<tr>\n<td width=\"550\"><a href=\"http:\/\/www.ilkaytrade.com.tr\/tr\/wp-content\/uploads\/2017\/10\/Unica-Super-20-semi-matt-TR.pdf\">Tikkurila\u00a0Unica Super 20 Semi-matt (\u0130\u00e7-D\u0131\u015f Mekan, Urethane Alkid Renklendirilebilir Yar\u0131 Mat Vernik) TR<\/a><\/td>\n<td width=\"50\"><a href=\"http:\/\/www.ilkaytrade.com.tr\/tr\/wp-content\/uploads\/2017\/10\/Unica_super_20_puolihimmea_2.7L_1.jpg\"><img loading=\"lazy\" decoding=\"async\" class=\"alignnone size-full wp-image-1088\" src=\"http:\/\/www.ilkaytrade.com.tr\/tr\/wp-content\/uploads\/2017\/10\/Unica_super_20_puolihimmea_2.7L_1.jpg\" alt=\"\" width=\"50\" height=\"50\" \/><\/a><\/td>\n<\/tr>\n<tr>\n<td width=\"550\"><a href=\"http:\/\/www.ilkaytrade.com.tr\/tr\/wp-content\/uploads\/2017\/10\/Unica-Super-60-semi-gloss-TR.pdf\">Tikkurila\u00a0Unica Super 60 Semi-gloss (\u0130\u00e7-D\u0131\u015f Mekan, Urethane Alkid Renklendirilebilir \u0130pek Mat Vernik) TR<\/a><\/td>\n<td width=\"50\"><a href=\"http:\/\/www.ilkaytrade.com.tr\/tr\/wp-content\/uploads\/2017\/10\/unica_super_60_puolikiiltava_27L.jpg\"><img loading=\"lazy\" decoding=\"async\" class=\"alignnone wp-image-1089 size-full\" src=\"http:\/\/www.ilkaytrade.com.tr\/tr\/wp-content\/uploads\/2017\/10\/unica_super_60_puolikiiltava_27L.jpg\" alt=\"\" width=\"50\" height=\"50\" \/><\/a><\/td>\n<\/tr>\n<tr>\n<td width=\"550\"><a href=\"http:\/\/www.ilkaytrade.com.tr\/tr\/wp-content\/uploads\/2017\/10\/Unica-Super-90-gloss-TR.pdf\">Tikkurila\u00a0Unica Super 90 Gloss (\u0130\u00e7-D\u0131\u015f Mekan, Urethane Alkid Renklendirilebilir Parlak Vernik) TR<\/a><\/td>\n<td width=\"50\"><a href=\"http:\/\/www.ilkaytrade.com.tr\/tr\/wp-content\/uploads\/2017\/10\/tikkurila_unica_super_90_27L_6408070025833.jpg\"><img loading=\"lazy\" decoding=\"async\" class=\"alignnone wp-image-1090 size-full\" src=\"http:\/\/www.ilkaytrade.com.tr\/tr\/wp-content\/uploads\/2017\/10\/tikkurila_unica_super_90_27L_6408070025833.jpg\" alt=\"\" width=\"50\" height=\"50\" srcset=\"http:\/\/www.ilkaytrade.com.tr\/tr\/wp-content\/uploads\/2017\/10\/tikkurila_unica_super_90_27L_6408070025833.jpg 800w, http:\/\/www.ilkaytrade.com.tr\/tr\/wp-content\/uploads\/2017\/10\/tikkurila_unica_super_90_27L_6408070025833-150x150.jpg 150w, http:\/\/www.ilkaytrade.com.tr\/tr\/wp-content\/uploads\/2017\/10\/tikkurila_unica_super_90_27L_6408070025833-300x300.jpg 300w, http:\/\/www.ilkaytrade.com.tr\/tr\/wp-content\/uploads\/2017\/10\/tikkurila_unica_super_90_27L_6408070025833-768x768.jpg 768w\" sizes=\"(max-width: 50px) 100vw, 50px\" \/><\/a><\/td>\n<\/tr>\n<tr>\n<td width=\"550\"><a href=\"http:\/\/www.ilkaytrade.com.tr\/tr\/wp-content\/uploads\/2013\/08\/Kiva-Furniture-Lacquer-Gloss-Semi-Gloss-Semi-matt-Matt-TR.pdf\">Tikkurila\u00a0Kiva Furniture Lacquer- Gloss, Semi Gloss, Semi matt, Matt (Su Bazl\u0131 M1 Sa\u011fl\u0131k Sert. Mobilya Verni\u011fi) TR<\/a><\/td>\n<td width=\"50\"><a href=\"http:\/\/www.ilkaytrade.com.tr\/tr\/urunler\/tikkurilla\/dekoratif-urunler\/kiva-30\/\"><img loading=\"lazy\" decoding=\"async\" class=\"alignnone wp-image-935 size-full\" src=\"http:\/\/www.ilkaytrade.com.tr\/tr\/wp-content\/uploads\/2013\/02\/KIVA-30.jpg\" width=\"40\" height=\"50\" \/><\/a><\/td>\n<\/tr>\n<tr>\n<td width=\"550\"><a href=\"http:\/\/www.ilkaytrade.com.tr\/tr\/wp-content\/uploads\/2013\/02\/Helmi Primer (Su Bazl\u0131 M1 Sa\u011fl\u0131k Sert. \u00d6rt\u00fcc\u00fc Mobilya Astar\u0131) TR.pdf\">Tikkurila\u00a0Helmi Primer (Su Bazl\u0131 M1 Sa\u011fl\u0131k Sert. \u00d6rt\u00fcc\u00fc Mobilya Astar\u0131)\u00a0TR<\/a><\/td>\n<td width=\"50\"><a href=\"http:\/\/www.ilkaytrade.com.tr\/tr\/helmi_pohjamaali_0-9l_1_\/\"><img loading=\"lazy\" decoding=\"async\" class=\"alignnone wp-image-932 size-full\" src=\"http:\/\/www.ilkaytrade.com.tr\/tr\/wp-content\/uploads\/2016\/05\/Helmi_Pohjamaali_0.9L_1_.jpg\" width=\"50\" height=\"50\" srcset=\"http:\/\/www.ilkaytrade.com.tr\/tr\/wp-content\/uploads\/2016\/05\/Helmi_Pohjamaali_0.9L_1_.jpg 480w, http:\/\/www.ilkaytrade.com.tr\/tr\/wp-content\/uploads\/2016\/05\/Helmi_Pohjamaali_0.9L_1_-150x150.jpg 150w, http:\/\/www.ilkaytrade.com.tr\/tr\/wp-content\/uploads\/2016\/05\/Helmi_Pohjamaali_0.9L_1_-300x300.jpg 300w\" sizes=\"(max-width: 50px) 100vw, 50px\" \/><\/a><\/td>\n<\/tr>\n<tr>\n<td width=\"550\"><a href=\"http:\/\/www.ilkaytrade.com.tr\/tr\/wp-content\/uploads\/2014\/07\/Helmi-Furniture-Paint-Matt-TR.pdf\">Tikkurila\u00a0Helmi Furniture Paint Matt (Su Bazl\u0131 M1 Sa\u011fl\u0131k Sert. MAT Mobilya Boyas\u0131) TR<\/a><\/td>\n<td width=\"50\"><a href=\"http:\/\/www.ilkaytrade.com.tr\/tr\/helmi_10_0-9l_1_\/\"><img loading=\"lazy\" decoding=\"async\" class=\"alignnone wp-image-930 size-full\" src=\"http:\/\/www.ilkaytrade.com.tr\/tr\/wp-content\/uploads\/2016\/05\/Helmi_10_0.9L_1_.jpg\" width=\"50\" height=\"50\" \/><\/a><\/td>\n<\/tr>\n<tr>\n<td width=\"550\"><a href=\"http:\/\/www.ilkaytrade.com.tr\/tr\/wp-content\/uploads\/2014\/07\/Helmi-Furniture-Paint-Semi-matt-TR.pdf\">Tikkurila\u00a0Helmi Furniture Paint Semi-matt (Su Bazl\u0131 M1 Sa\u011fl\u0131k Sert. \u0130PEK MAT Mobilya Boyas\u0131) TR<\/a><\/td>\n<td width=\"50\"><a href=\"http:\/\/www.ilkaytrade.com.tr\/tr\/urunler\/tikkurilla\/dekoratif-urunler\/helmi_30_0-9l_1_\/\"><img loading=\"lazy\" decoding=\"async\" class=\"alignnone wp-image-928 size-full\" src=\"http:\/\/www.ilkaytrade.com.tr\/tr\/wp-content\/uploads\/2013\/02\/Helmi_30_0.9L_1_.jpg\" width=\"50\" height=\"50\" srcset=\"http:\/\/www.ilkaytrade.com.tr\/tr\/wp-content\/uploads\/2013\/02\/Helmi_30_0.9L_1_.jpg 480w, http:\/\/www.ilkaytrade.com.tr\/tr\/wp-content\/uploads\/2013\/02\/Helmi_30_0.9L_1_-150x150.jpg 150w, http:\/\/www.ilkaytrade.com.tr\/tr\/wp-content\/uploads\/2013\/02\/Helmi_30_0.9L_1_-300x300.jpg 300w\" sizes=\"(max-width: 50px) 100vw, 50px\" \/><\/a><\/td>\n<\/tr>\n<tr>\n<td width=\"550\"><a href=\"http:\/\/www.ilkaytrade.com.tr\/tr\/wp-content\/uploads\/2014\/07\/Helmi-Furniture-Paint-Gloss-TR.pdf\">Tikkurila\u00a0Helmi Furniture Paint Gloss (Su Bazl\u0131 M1 Sa\u011fl\u0131k Sert. PARLAK Mobilya Boyas\u0131) TR<\/a><\/td>\n<td width=\"50\"><a href=\"http:\/\/www.ilkaytrade.com.tr\/tr\/helmi_80_0-9l\/\"><img loading=\"lazy\" decoding=\"async\" class=\"alignnone wp-image-931 size-full\" src=\"http:\/\/www.ilkaytrade.com.tr\/tr\/wp-content\/uploads\/2016\/05\/Helmi_80_0.9L.jpg\" width=\"50\" height=\"50\" srcset=\"http:\/\/www.ilkaytrade.com.tr\/tr\/wp-content\/uploads\/2016\/05\/Helmi_80_0.9L.jpg 1024w, http:\/\/www.ilkaytrade.com.tr\/tr\/wp-content\/uploads\/2016\/05\/Helmi_80_0.9L-150x150.jpg 150w, http:\/\/www.ilkaytrade.com.tr\/tr\/wp-content\/uploads\/2016\/05\/Helmi_80_0.9L-300x300.jpg 300w, http:\/\/www.ilkaytrade.com.tr\/tr\/wp-content\/uploads\/2016\/05\/Helmi_80_0.9L-768x768.jpg 768w\" sizes=\"(max-width: 50px) 100vw, 50px\" \/><\/a><\/td>\n<\/tr>\n<tr>\n<td width=\"550\"><a href=\"http:\/\/www.ilkaytrade.com.tr\/tr\/urunler\/tikkurilla\/dekoratif-urunler\/otex-adhesion-primer-tr-2\/\" rel=\"attachment wp-att-948\">Otex &#8211; Adhesion Primer (Solvent Bazl\u0131 Ge\u00e7i\u015f Astar\u0131) TR<\/a><\/td>\n<td width=\"50\"><img loading=\"lazy\" decoding=\"async\" class=\"alignnone wp-image-934 size-full\" src=\"http:\/\/www.ilkaytrade.com.tr\/tr\/wp-content\/uploads\/2013\/02\/Otex_Tartuntapohjamaali_1L.jpg\" width=\"50\" height=\"50\" srcset=\"http:\/\/www.ilkaytrade.com.tr\/tr\/wp-content\/uploads\/2013\/02\/Otex_Tartuntapohjamaali_1L.jpg 1024w, http:\/\/www.ilkaytrade.com.tr\/tr\/wp-content\/uploads\/2013\/02\/Otex_Tartuntapohjamaali_1L-150x150.jpg 150w, http:\/\/www.ilkaytrade.com.tr\/tr\/wp-content\/uploads\/2013\/02\/Otex_Tartuntapohjamaali_1L-300x300.jpg 300w, http:\/\/www.ilkaytrade.com.tr\/tr\/wp-content\/uploads\/2013\/02\/Otex_Tartuntapohjamaali_1L-768x768.jpg 768w\" sizes=\"(max-width: 50px) 100vw, 50px\" \/><\/td>\n<\/tr>\n<tr>\n<td width=\"550\"><a href=\"http:\/\/www.ilkaytrade.com.tr\/tr\/wp-content\/uploads\/2013\/02\/Otex-AKVA-Su-bazl\u0131-Ge\u00e7i\u015f-Astar\u0131-TR.pdf\">Otex AKVA- Su bazl\u0131 Ge\u00e7i\u015f Astar\u0131 TR<\/a><\/td>\n<td width=\"50\"><a href=\"http:\/\/www.ilkaytrade.com.tr\/tr\/wp-content\/uploads\/2013\/02\/501332496_1.jpg\"><img loading=\"lazy\" decoding=\"async\" src=\"http:\/\/www.ilkaytrade.com.tr\/tr\/wp-content\/uploads\/2013\/02\/501332496_1.jpg\" width=\"40\" height=\"50\" \/><\/a><\/td>\n<\/tr>\n<\/tbody>\n<\/table>\n<p><a href=\"http:\/\/www.tikkurila.com\/decorative_paints\/products\/products_in_alphabetic_order\">T\u00fcm pdf dosyalar\u0131 i\u00e7in t\u0131klay\u0131n\u0131z&#8230;<\/a><\/p>\n","protected":false},"excerpt":{"rendered":"<p>Tikkurila Valtti Furniture and Decking Oil Brown (Haz\u0131r renkli Ah\u015fap Deck ve Mob. Ya\u011f\u0131) TR Tikkurila Valtti PLUS TERRACE OIL (Haz\u0131r renkli Su&#8230;<\/p>\n","protected":false},"author":2,"featured_media":0,"parent":60,"menu_order":0,"comment_status":"open","ping_status":"open","template":"template_fullwidth.php","meta":{"_acf_changed":false,"footnotes":""},"class_list":["post-169","page","type-page","status-publish","hentry"],"acf":[],"_links":{"self":[{"href":"http:\/\/www.ilkaytrade.com.tr\/tr\/wp-json\/wp\/v2\/pages\/169","targetHints":{"allow":["GET"]}}],"collection":[{"href":"http:\/\/www.ilkaytrade.com.tr\/tr\/wp-json\/wp\/v2\/pages"}],"about":[{"href":"http:\/\/www.ilkaytrade.com.tr\/tr\/wp-json\/wp\/v2\/types\/page"}],"author":[{"embeddable":true,"href":"http:\/\/www.ilkaytrade.com.tr\/tr\/wp-json\/wp\/v2\/users\/2"}],"replies":[{"embeddable":true,"href":"http:\/\/www.ilkaytrade.com.tr\/tr\/wp-json\/wp\/v2\/comments?post=169"}],"version-history":[{"count":126,"href":"http:\/\/www.ilkaytrade.com.tr\/tr\/wp-json\/wp\/v2\/pages\/169\/revisions"}],"predecessor-version":[{"id":1131,"href":"http:\/\/www.ilkaytrade.com.tr\/tr\/wp-json\/wp\/v2\/pages\/169\/revisions\/1131"}],"up":[{"embeddable":true,"href":"http:\/\/www.ilkaytrade.com.tr\/tr\/wp-json\/wp\/v2\/pages\/60"}],"wp:attachment":[{"href":"http:\/\/www.ilkaytrade.com.tr\/tr\/wp-json\/wp\/v2\/media?parent=169"}],"curies":[{"name":"wp","href":"https:\/\/api.w.org\/{rel}","templated":true}]}}