{"id":163,"date":"2013-02-24T12:22:51","date_gmt":"2013-02-24T12:22:51","guid":{"rendered":"http:\/\/www.ilkaytrade.com.tr\/tr\/?page_id=163"},"modified":"2017-10-30T22:56:35","modified_gmt":"2017-10-30T22:56:35","slug":"montaj-detaylari","status":"publish","type":"page","link":"http:\/\/www.ilkaytrade.com.tr\/tr\/urunler\/lunawood\/montaj-detaylari\/","title":{"rendered":"Montaj Detaylar\u0131"},"content":{"rendered":"<p><strong>Lunawood Thermowood PF2 Deck Montaj\u0131<\/strong><br \/>\n<a href=\"http:\/\/www.lunawood.com\/wp-content\/uploads\/2016\/11\/Lunawood_WoodDecking_Installation_2017.pdf\">PF2 Deck Montaj Detay\u0131 PDF<\/a><\/p>\n<p><iframe src=\"https:\/\/youtube.com\/embed\/o6v4mdYcSts\" width=\"853\" height=\"480\" frameborder=\"0\" allowfullscreen=\"allowfullscreen\"><\/iframe><\/p>\n<p><strong>Lunawood Thermowood Yatay Lambri Montaj\u0131<\/strong><br \/>\n<a href=\"http:\/\/www.lunawood.com\/wp-content\/uploads\/2016\/11\/Lunawood_Facade_Horizontal_Installation_2017.pdf\">Yatay Lambri Montaj Detay\u0131 PDF<\/a><\/p>\n<p><iframe src=\"https:\/\/youtube.com\/embed\/N4fmHYqzO90\" width=\"853\" height=\"480\" frameborder=\"0\" allowfullscreen=\"allowfullscreen\"><\/iframe><\/p>\n<p><strong>Lunawood Thermowood Dikey Lambri Montaj\u0131<\/strong><br \/>\n<a href=\"http:\/\/www.lunawood.com\/wp-content\/uploads\/2016\/11\/Lunawood_Facade_Vertical_Installation_2017.pdf\">Dikey Lambri Montaj Detay\u0131 PDF<\/a><\/p>\n<p><iframe src=\"https:\/\/youtube.com\/embed\/u45Nj-qtrIo\" width=\"853\" height=\"480\" frameborder=\"0\" allowfullscreen=\"allowfullscreen\"><\/iframe><\/p>\n<p><strong>Lunawood Thermowood TWPC ThermoKompozit Deck Montaj\u0131<\/strong><br \/>\n<a href=\"http:\/\/www.lunawood.com\/wp-content\/uploads\/2017\/07\/Installation_Luna_TWPC_26x140_2017.pdf\">Luna TWPC 26&#215;140 Montaj Detay\u0131 PDF<\/a><br \/>\n<a href=\"http:\/\/www.lunawood.com\/wp-content\/uploads\/2017\/07\/Installation_Luna_TWPC_42x200_2017.pdf\">Luna TWPC 42&#215;200 Montaj Detay\u0131 PDF<\/a><\/p>\n<p><iframe src=\"https:\/\/www.youtube.com\/embed\/Qk_H226Ngpg\" width=\"853\" height=\"480\" frameborder=\"0\" gesture=\"media\" allowfullscreen><\/iframe><\/p>\n","protected":false},"excerpt":{"rendered":"<p>Lunawood Thermowood PF2 Deck Montaj\u0131 PF2 Deck Montaj Detay\u0131 PDF Lunawood Thermowood Yatay Lambri Montaj\u0131 Yatay Lambri Montaj Detay\u0131 PDF Lunawood Thermowood Dikey&#8230;<\/p>\n","protected":false},"author":2,"featured_media":0,"parent":141,"menu_order":0,"comment_status":"open","ping_status":"open","template":"template_fullwidth.php","meta":{"_acf_changed":false,"footnotes":""},"class_list":["post-163","page","type-page","status-publish","hentry"],"acf":[],"_links":{"self":[{"href":"http:\/\/www.ilkaytrade.com.tr\/tr\/wp-json\/wp\/v2\/pages\/163","targetHints":{"allow":["GET"]}}],"collection":[{"href":"http:\/\/www.ilkaytrade.com.tr\/tr\/wp-json\/wp\/v2\/pages"}],"about":[{"href":"http:\/\/www.ilkaytrade.com.tr\/tr\/wp-json\/wp\/v2\/types\/page"}],"author":[{"embeddable":true,"href":"http:\/\/www.ilkaytrade.com.tr\/tr\/wp-json\/wp\/v2\/users\/2"}],"replies":[{"embeddable":true,"href":"http:\/\/www.ilkaytrade.com.tr\/tr\/wp-json\/wp\/v2\/comments?post=163"}],"version-history":[{"count":17,"href":"http:\/\/www.ilkaytrade.com.tr\/tr\/wp-json\/wp\/v2\/pages\/163\/revisions"}],"predecessor-version":[{"id":1028,"href":"http:\/\/www.ilkaytrade.com.tr\/tr\/wp-json\/wp\/v2\/pages\/163\/revisions\/1028"}],"up":[{"embeddable":true,"href":"http:\/\/www.ilkaytrade.com.tr\/tr\/wp-json\/wp\/v2\/pages\/141"}],"wp:attachment":[{"href":"http:\/\/www.ilkaytrade.com.tr\/tr\/wp-json\/wp\/v2\/media?parent=163"}],"curies":[{"name":"wp","href":"https:\/\/api.w.org\/{rel}","templated":true}]}}