{"id":161,"date":"2013-02-24T12:22:20","date_gmt":"2013-02-24T12:22:20","guid":{"rendered":"http:\/\/www.ilkaytrade.com.tr\/tr\/?page_id=161"},"modified":"2017-10-30T22:40:36","modified_gmt":"2017-10-30T22:40:36","slug":"profiller","status":"publish","type":"page","link":"http:\/\/www.ilkaytrade.com.tr\/tr\/urunler\/lunawood\/profiller\/","title":{"rendered":"Profiller"},"content":{"rendered":"<p><a href=\"http:\/\/www.lunawood.com\/wp-content\/uploads\/2016\/11\/Lunawood-Product-Portfolio-2017_Eng.pdf\">Lunawood Thermowood \u00dcr\u00fcn ve Profil \u00c7e\u015fitleri<\/a><\/p>\n","protected":false},"excerpt":{"rendered":"<p>Lunawood Thermowood \u00dcr\u00fcn ve Profil \u00c7e\u015fitleri<\/p>\n","protected":false},"author":2,"featured_media":0,"parent":141,"menu_order":0,"comment_status":"open","ping_status":"open","template":"template_fullwidth.php","meta":{"_acf_changed":false,"footnotes":""},"class_list":["post-161","page","type-page","status-publish","hentry"],"acf":[],"_links":{"self":[{"href":"http:\/\/www.ilkaytrade.com.tr\/tr\/wp-json\/wp\/v2\/pages\/161","targetHints":{"allow":["GET"]}}],"collection":[{"href":"http:\/\/www.ilkaytrade.com.tr\/tr\/wp-json\/wp\/v2\/pages"}],"about":[{"href":"http:\/\/www.ilkaytrade.com.tr\/tr\/wp-json\/wp\/v2\/types\/page"}],"author":[{"embeddable":true,"href":"http:\/\/www.ilkaytrade.com.tr\/tr\/wp-json\/wp\/v2\/users\/2"}],"replies":[{"embeddable":true,"href":"http:\/\/www.ilkaytrade.com.tr\/tr\/wp-json\/wp\/v2\/comments?post=161"}],"version-history":[{"count":3,"href":"http:\/\/www.ilkaytrade.com.tr\/tr\/wp-json\/wp\/v2\/pages\/161\/revisions"}],"predecessor-version":[{"id":1015,"href":"http:\/\/www.ilkaytrade.com.tr\/tr\/wp-json\/wp\/v2\/pages\/161\/revisions\/1015"}],"up":[{"embeddable":true,"href":"http:\/\/www.ilkaytrade.com.tr\/tr\/wp-json\/wp\/v2\/pages\/141"}],"wp:attachment":[{"href":"http:\/\/www.ilkaytrade.com.tr\/tr\/wp-json\/wp\/v2\/media?parent=161"}],"curies":[{"name":"wp","href":"https:\/\/api.w.org\/{rel}","templated":true}]}}