{"id":156,"date":"2013-02-24T12:21:12","date_gmt":"2013-02-24T12:21:12","guid":{"rendered":"http:\/\/www.ilkaytrade.com.tr\/tr\/?page_id=156"},"modified":"2013-03-23T16:51:17","modified_gmt":"2013-03-23T16:51:17","slug":"teknik-sartname","status":"publish","type":"page","link":"http:\/\/www.ilkaytrade.com.tr\/tr\/urunler\/lunawood\/teknik-sartname\/","title":{"rendered":"Teknik \u015eartname"},"content":{"rendered":"<h1 align=\"center\">ISIL \u0130\u015eLENM\u0130\u015e AH\u015eAP TEKN\u0130K \u015eARTNAMES\u0130<\/h1>\n<h4 style=\"text-align: left;\" align=\"center\"><span style=\"text-decoration: underline;\">Malzeme:<\/span><\/h4>\n<p>D\u0131\u015f Mekan Kullan\u0131m: Finlandiya \u00c7am\u0131 veya Finlandiya Ladini<\/p>\n<p>\u0130\u00e7 Mekan Kullan\u0131m: Finlandiya \u00c7am\u0131, Finlandiya Ladini, Hu\u015f, Aspen<\/p>\n<h4><span style=\"text-decoration: underline;\">Kesim:<\/span><\/h4>\n<p>Nordic Cut Standard (Kuzey \u00fclkeleri kesim standard\u0131). Y\u0131l \u00e7izgilerinin yar\u0131m daire olan parallelli\u011fi bozulmayacak \u015fekilde, a\u011fac\u0131n kapak k\u0131s\u0131mlar\u0131 al\u0131nd\u0131ktan sonra ortadan ikiye b\u00f6l\u00fcnerek kesilmesi metodudur.<\/p>\n<h4><span style=\"text-decoration: underline;\">Is\u0131l i\u015flem uygulama \u0131s\u0131s\u0131:\u00a0<\/span><\/h4>\n<p>D\u0131\u015f cephede kullan\u0131lacak malzemeler 212\u00b0C<\/p>\n<p>\u0130\u00e7 mekanda kullan\u0131lacak malzeme 160-190\u00b0C \u0131s\u0131l i\u015fleme tabi tutulacakt\u0131r.<\/p>\n<p>Is\u0131l i\u015flem s\u00fcresi: 72-96 saat (ah\u015fab\u0131n kal\u0131nl\u0131\u011f\u0131na g\u00f6re de\u011fi\u015fen s\u00fcrelerde)<\/p>\n<p>Nem oran\u0131: Fabrika \u00e7\u0131k\u0131\u015f\u0131nda max. %4, uygulama yap\u0131lacak ortam\u0131n nem oran\u0131na g\u00f6re \u015fantiyede belli s\u00fcre bekledikten sonra ortalama %8, max. %10-12<\/p>\n<h4><span style=\"text-decoration: underline;\">Cephe kaplama \u00f6l\u00e7\u00fcleri:<\/span><\/h4>\n<p>Kal\u0131nl\u0131k: Min. 19mm (D\u0131\u015f cephe uygulamalar\u0131nda d\u0131\u015f hava \u015fartlar\u0131na direkt maruz kalacak yerler i\u00e7in plenyeden \u00e7\u0131kt\u0131ktan sonraki net kal\u0131nl\u0131kt\u0131r.) Balkon tavan ve duvarlar\u0131na 15mm. kal\u0131nl\u0131k yeterli olacakt\u0131r.<\/p>\n<p>Geni\u015flik: 92mm.\/117mm.\/140mm. (lamba z\u0131vana ge\u00e7i\u015f \u00f6ncesi)<\/p>\n<p>Boy: 2.7m &#8211; 5.40m. (30cm. artan \u00f6l\u00e7\u00fclerde)<\/p>\n<h4><span style=\"text-decoration: underline;\">Paketleme:<\/span><\/h4>\n<p>1m x 1m. x boy \u00f6l\u00e7\u00fclerinde paletlenmi\u015f ve suya dayan\u0131kl\u0131 sert karton veya plastik ambalajla kaplanm\u0131\u015f, \u00fczerinde marka ve palet muhteviyat\u0131n\u0131 g\u00f6steren etiketler olacak \u015fekilde paketlenecektir.<\/p>\n<h4><span style=\"text-decoration: underline;\">Uygulama y\u00f6n\u00fc:<\/span><\/h4>\n<p>A\u011fac\u0131n freze kesilmi\u015f i\u00e7 y\u00fcz\u00fc (inside face) cephe kaplamada d\u0131\u015far\u0131, yer kaplamada \u00fcste gelecek \u015fekilde kullan\u0131lmal\u0131d\u0131r.<\/p>\n<p>Lamba z\u0131vana y\u00f6n\u00fc suyun ak\u0131\u015f\u0131n\u0131 sa\u011flayacak ve g\u00f6llenme olu\u015fturmayacak \u015fekilde lamba \u00fcste gelecek \u015fekilde uygulanacakt\u0131r.<\/p>\n<h4><span style=\"text-decoration: underline;\">Uygulama \u015fekli:<\/span><\/h4>\n<p>Mevcut betonarme ve gazbeton duvar y\u00fczeyine L profil (galvaniz veya al\u00fcminyum) ile 42x42mm. \u00f6l\u00e7\u00fclerinde emprenyeli veya \u0131s\u0131l i\u015fleme tabi tutulmu\u015f \u00e7am karkas 40-60cm ara ile uygulan\u0131r.\u00a0 Cephe kaplama yatay d\u00f6\u015fenecek ise karkas dikey, cephe kaplama dikey d\u00f6\u015fenecek ise karkas yatay uygulanmal\u0131d\u0131r.<\/p>\n<p>D\u0131\u015f mekan uygulamalar\u0131nda kullan\u0131lacak \u00e7ivi, vida vb. sarf malzeme paslanmaz \u00e7elik olacakt\u0131r.<\/p>\n<p>Cephe kaplamalar\u0131nda kenar d\u00f6n\u00fc\u015flerde kafalar ya\u011fmur suyu, kar vb. iklim ko\u015fullar\u0131na direkt maruz kalmayacak \u015fekilde 45\u00b0 g\u00f6nye kesilecek ve monte edilecektir.\u00a0 Ah\u015fap kaplamalar\u0131n kafalar\u0131na uygulama \u00f6ncesinde suya dayan\u0131kl\u0131 ya\u011f veya astar uygulanacakt\u0131r.<\/p>\n<p>Deck ve benzeri yer d\u00f6\u015femeleri devaml\u0131 su veya neme maruz kalmayacak \u015fekilde beton veya \u00e7elik konstr\u00fcksiyon \u00fczerine emprenyeli \u00e7am karkas kullan\u0131larak kaplanacakt\u0131r.\u00a0 Toprak \u00fczerinde veya havuz kenar\u0131 kaplamalarda ah\u015fab\u0131n su ile devaml\u0131 temas\u0131 engellenecektir. Deck kaplamalar\u0131n kafalar\u0131na uygulama \u00f6ncesinde suya dayan\u0131kl\u0131 ya\u011f veya astar uygulanacakt\u0131r. Havuz kenarlar\u0131ndaki ah\u015fap kaplamalar g\u00fcn sonunda \u015febeke suyu ile y\u0131kanacakt\u0131r.<\/p>\n<p>Is\u0131 izolasyonu: 2.5- 5 cm. EPS yo\u011funlu\u011fu 20-30 kg\/m3 k\u00f6p\u00fck, \u0131s\u0131 k\u00f6pr\u00fcs\u00fc olu\u015fturmayacak \u015fekilde karkas aras\u0131na uygulan\u0131r. \u00dczerine iste\u011fe ba\u011fl\u0131 Taiweg (buhar dengeleyici) kaplan\u0131r.<\/p>\n<p>D\u0131\u015f cephe kaplamas\u0131 karkasa haval\u0131 sistem tabanca ile uygulan\u0131r.<\/p>\n<p>Sa\u00e7aklarda 12mm. OSB mevcut profil \u00fczerine vidalan\u0131r. \u00dczerine cephe kaplamas\u0131 uygulamas\u0131 yap\u0131l\u0131r.<\/p>\n<h4>\u00a0<span style=\"text-decoration: underline;\">Sertifikalar:<\/span><\/h4>\n<p>PEFC (Promoting Sustainable Forest Management)(Hammaddenin s\u00fcrd\u00fcr\u00fclebilir planl\u0131 ormanlarda yeti\u015ftirilen a\u011fa\u00e7lardan elde edilmesidir.)<\/p>\n<p>KOMO 2 (Hollanda\u2019da yerle\u015fik ba\u011f\u0131ms\u0131z denetim firmas\u0131 SKH taraf\u0131ndan verilen do\u011fru hammaddenin, do\u011fru \u0131s\u0131larda, do\u011fru zamanlamalarla \u0131s\u0131l i\u015fleme tabi tutuldu\u011funu ve iklim \u015fartlar\u0131na dayan\u0131m\u0131n\u0131 BRL 0605 (ah\u015fap \u0131slah\u0131 standard\u0131) ve EN (Avrupa normu) 350-01\u2019e g\u00f6re test eden ve onaylayan sertifikad\u0131r.)<\/p>\n<h4><span style=\"text-decoration: underline;\">Is\u0131l \u0130\u015fleme tabi tutulmu\u015f ah\u015fab\u0131n iklim \u015fartlar\u0131na kar\u015f\u0131 korunmas\u0131:<\/span><\/h4>\n<p>Is\u0131l i\u015fleme tabi tutulmu\u015f ah\u015fap cephe kaplamalar\u0131nda UV, nem ve mikroorganizmalara kar\u015f\u0131<\/p>\n<p>solvent bazl\u0131 koruyucular kullan\u0131lacakt\u0131r.<\/p>\n<h4><span style=\"text-decoration: underline;\">Cephede Kullan\u0131lacak \u00dcr\u00fcnler:<\/span><\/h4>\n<p>1) Solvent bazl\u0131 astar (1 kat)<\/p>\n<p>2) Solvent bazl\u0131 yar\u0131 transparan renklendirilmi\u015f ah\u015fap verni\u011fi (2 kat)<\/p>\n<h4><span style=\"text-decoration: underline;\">1) Solvent bazl\u0131 astar:<\/span><\/h4>\n<p>Renksizdir, ah\u015fap rengi verir. Ah\u015fab\u0131 g\u00fcne\u015f etkilerinden (UV\u2019ye kar\u015f\u0131) korumaz bu nedenle \u00fcst\u00fcne en k\u0131sa zamanda son kat at\u0131lmal\u0131d\u0131r.<\/p>\n<p>Teknik \u00f6zellikleri:<\/p>\n<p>Kat\u0131 Oran\u0131: 15%<\/p>\n<p>Yo\u011funluk: 0.8 kg\/l<\/p>\n<h4>Y\u00fczey durumu:<\/h4>\n<p>Boyanacak y\u00fczeyler kuru olmal\u0131, nem oran\u0131 %20\u2019nin alt\u0131nda olmal\u0131, hava s\u0131cakl\u0131\u011f\u0131 en az +5\u00b0C olmal\u0131 ve ba\u011f\u0131l nem %80 alt\u0131nda olmal\u0131d\u0131r. Y\u00fczeyler temiz, kuru ve ya\u011fdan ar\u0131nd\u0131r\u0131lm\u0131\u015f olmal\u0131d\u0131r.<\/p>\n<h4>Metot:<\/h4>\n<p>F\u0131r\u00e7alama veya dald\u0131rma.<\/p>\n<h4>\u0130nceltme:<\/h4>\n<p>\u0130nceltme yap\u0131lmaz.<\/p>\n<h4>Kaplama alan\u0131:<\/h4>\n<p>P\u00fcr\u00fczs\u00fcz tahta: 8-10 m2\/litre kat ba\u015f\u0131na.\u00a0 Ham y\u00fczeylerde: 4-5 m2\/litre kat ba\u015f\u0131na.\u00a0 Ger\u00e7ek yay\u0131lma oranlar\u0131 doku, porozite ve nem oran\u0131 gibi bir\u00e7ok fakt\u00f6re ba\u011fl\u0131 olarak de\u011fi\u015febilir.<\/p>\n<h4>Kuruma s\u00fcresi:<\/h4>\n<p>23\u00b0Cde ve 50% ba\u011f\u0131l nemde normal olarak dokunma kurumas\u0131 yar\u0131m saat sonra. Bir g\u00fcn sonra tekrar uygulama yap\u0131labilir.<\/p>\n<h4><span style=\"text-decoration: underline;\">2) Solvent bazl\u0131 yar\u0131 transparan renklendirilmi\u015f ah\u015fap verni\u011fi:<\/span><\/h4>\n<p>T\u00fcrkiye iklim \u015fartlar\u0131na g\u00f6re film y\u00fczey olu\u015fturan yar\u0131 transparan renklendirilmi\u015f ah\u015fap son kat\u0131 kullan\u0131lacakt\u0131r.\u00a0 Ah\u015fab\u0131n \u00fczerinde olu\u015facak film y\u00fczey UV, nem ve mikroorganziamardan daha uzun s\u00fcre koruma sa\u011flayacakt\u0131r.\u00a0 Kullan\u0131lacak verni\u011fin UV korumas\u0131 yapabilmesi i\u00e7in kesinlikle pigment i\u00e7ermesi gerekmektedir.\u00a0 Renksiz verniklerde UV dayan\u0131m\u0131 bulunmaz.<\/p>\n<h4>Teknik \u00d6zellikleri:<\/h4>\n<h4>Kat\u0131 oran\u0131:<\/h4>\n<p>Tona ba\u011fl\u0131 olarak ortalama y\u00fczde 40<\/p>\n<h4>Yo\u011funluk:<\/h4>\n<p>Yakla\u015f\u0131k. 0.9 kg\/l, ISO 2811<\/p>\n<h4>\u0130nceltici:<\/h4>\n<p>Beyaz \u0130spirto 1050 (White Spirit)<\/p>\n<h4>Baz boyalar:<\/h4>\n<p>E ve C<\/p>\n<p>Boyanacak y\u00fczeyler temiz, kuru ve ya\u011fdan ar\u0131nd\u0131r\u0131lm\u0131\u015f olmal\u0131d\u0131r. Ah\u015fap nem oran\u0131 %20\u2019nin alt\u0131nda olmal\u0131, hava, boya ve ah\u015fap s\u0131cakl\u0131\u011f\u0131 en az +5\u00b0C olmal\u0131 ve ba\u011f\u0131l nem %80 alt\u0131nda olmal\u0131d\u0131r.<\/p>\n<h4>Renk dizisi:<\/h4>\n<p>Renk kartelas\u0131ndan se\u00e7ilecek renklerde uygulama yap\u0131lacak, daha a\u00e7\u0131k renk i\u00e7in renksiz son kat boya ile kar\u0131\u015ft\u0131rarak istenen renk tonu elde edilecektir.<\/p>\n<h4>Metot:<\/h4>\n<p>F\u0131r\u00e7a veya sprey.<\/p>\n<h4>\u0130nceltme:<\/h4>\n<p>Gerekirse beyaz ispirto ile<\/p>\n<h4>Kaplama alan\u0131:<\/h4>\n<p>Ham y\u00fczeyler: 4 &#8211; 8 m<sup>2<\/sup>\/l. D\u00fczg\u00fcn ah\u015fap y\u00fczeyler\u00a0 8 &#8211; 12 m<sup>2<\/sup>\/l.<\/p>\n<h4>Kurumu s\u00fcresi:<\/h4>\n<p>Ertesi g\u00fcn kullan\u0131labilir. Y\u00fczey son sertli\u011fini 1 ay\u00a0 sonra al\u0131r.<\/p>\n<h4><span style=\"text-decoration: underline;\">Deck uygulamalar\u0131nda kullan\u0131lacak \u00fcr\u00fcnler:<\/span><\/h4>\n<p>Ah\u015fab\u0131 nem ve kirden korumak ve y\u00fczeyin k\u0131r\u0131lmas\u0131n\u0131 \u00f6nlemek i\u00e7in UV korumal\u0131 pigment ile renklendirilmi\u015f gelenekel ah\u015fap ya\u011f\u0131 uygulanacakt\u0131r.<\/p>\n<h4><span style=\"text-decoration: underline;\">Solvent Bazl\u0131 Ah\u015fap Ya\u011f\u0131 Teknik \u00d6zellikleri:<\/span><\/h4>\n<p>Kat\u0131 Hacmi:\u00a0 18%<\/p>\n<p>Yo\u011funluk: 0.8 kg\/l, ISO 2811<\/p>\n<p>\u0130nceltici: Beyaz \u0130spirto 1050<\/p>\n<h4>Baz boyalar\u0131: EC<\/h4>\n<h4><\/h4>\n<h4>Dayan\u0131m:<\/h4>\n<p>Hava ko\u015fullar\u0131na maruz kalan y\u00fczeyler i\u00e7in y\u0131lda 1-2 kez uygulanmal\u0131d\u0131r.<\/p>\n<h4>Son kat:<\/h4>\n<p>Kat olu\u015fturmaz ah\u015fap ya\u011f\u0131 ah\u015fap taraf\u0131ndan absorbe edilir ve tabaka olu\u015fturmaz.<\/p>\n<p>Y\u00fczey durumu: Y\u00fczeyler temiz, kuru ve ya\u011fdan ar\u0131nd\u0131r\u0131lm\u0131\u015f olmal\u0131d\u0131r. Zira \u0131slak ah\u015fap ya\u011f\u0131 absorbe etmez ve ya\u011f nemli ortamda yava\u015f kurur.<\/p>\n<p>Boyama ko\u015fullar\u0131: Boyanacak y\u00fczeyler kuru olmal\u0131, hava s\u0131cakl\u0131\u011f\u0131 en az +5<sup>O<\/sup>C olmal\u0131 ve ba\u011f\u0131l nem %80 alt\u0131nda olmal\u0131d\u0131r.<\/p>\n<p>Uygulama: Ya\u011f\u0131 uygulama \u00f6ncesinde ve kullanma esnas\u0131nda zaman zaman derinlemesine kar\u0131\u015ft\u0131r\u0131lacakt\u0131r. S\u00fcnger veya f\u0131r\u00e7a ile 1-2 kat uygulanacakt\u0131r. \u00d6rt\u00fc\u015fmeyi engellemek i\u00e7in d\u00fczg\u00fcnce s\u00fcrekli vuru\u015flarla yay\u0131lacak ve\u00a0 2. kat y\u00fczey kuruduktan hemen sonra uygulanabilicektir. Fazla gelen absorbe edilmeyen ya\u011f\u0131 silinecektir.<\/p>\n<h4>Metot:<\/h4>\n<p>S\u00fcnger veya f\u0131r\u00e7a<\/p>\n<h4>Kaplama alan\u0131:<\/h4>\n<p>Yakla\u015f\u0131k 5 m2\/l Y\u00fczeyin porozitesine ba\u011fl\u0131 olarak<\/p>\n<h4>Kuruma s\u00fcresi:<\/h4>\n<p>23<sup>O<\/sup>Cde ve 50% ba\u011f\u0131l nemde normal olarak dokunma kurumas\u0131 5 saat sonra. Porozite ve kullan\u0131lan ya\u011f miktar\u0131 kuruma zaman\u0131n\u0131 etkileyecektir. 2. kat y\u00fczey kuruduktan hemen sonra uygulanabilecektir.<\/p>\n<h4>Renk dizisi:<\/h4>\n<p>Renk kartelas\u0131ndan se\u00e7ilecek renklerde veya \u0131s\u0131l i\u015flenmi\u015f ah\u015fab\u0131n orjinal renginde \u00f6zel olarak haz\u0131rlanan tonlarda uygulama yap\u0131lacakt\u0131r.<\/p>\n","protected":false},"excerpt":{"rendered":"<p>ISIL \u0130\u015eLENM\u0130\u015e AH\u015eAP TEKN\u0130K \u015eARTNAMES\u0130 Malzeme: D\u0131\u015f Mekan Kullan\u0131m: Finlandiya \u00c7am\u0131 veya Finlandiya Ladini \u0130\u00e7 Mekan Kullan\u0131m: Finlandiya \u00c7am\u0131, Finlandiya Ladini, Hu\u015f, Aspen&#8230;<\/p>\n","protected":false},"author":2,"featured_media":0,"parent":141,"menu_order":0,"comment_status":"open","ping_status":"open","template":"template_fullwidth.php","meta":{"_acf_changed":false,"footnotes":""},"class_list":["post-156","page","type-page","status-publish","hentry"],"acf":[],"_links":{"self":[{"href":"http:\/\/www.ilkaytrade.com.tr\/tr\/wp-json\/wp\/v2\/pages\/156","targetHints":{"allow":["GET"]}}],"collection":[{"href":"http:\/\/www.ilkaytrade.com.tr\/tr\/wp-json\/wp\/v2\/pages"}],"about":[{"href":"http:\/\/www.ilkaytrade.com.tr\/tr\/wp-json\/wp\/v2\/types\/page"}],"author":[{"embeddable":true,"href":"http:\/\/www.ilkaytrade.com.tr\/tr\/wp-json\/wp\/v2\/users\/2"}],"replies":[{"embeddable":true,"href":"http:\/\/www.ilkaytrade.com.tr\/tr\/wp-json\/wp\/v2\/comments?post=156"}],"version-history":[{"count":7,"href":"http:\/\/www.ilkaytrade.com.tr\/tr\/wp-json\/wp\/v2\/pages\/156\/revisions"}],"predecessor-version":[{"id":332,"href":"http:\/\/www.ilkaytrade.com.tr\/tr\/wp-json\/wp\/v2\/pages\/156\/revisions\/332"}],"up":[{"embeddable":true,"href":"http:\/\/www.ilkaytrade.com.tr\/tr\/wp-json\/wp\/v2\/pages\/141"}],"wp:attachment":[{"href":"http:\/\/www.ilkaytrade.com.tr\/tr\/wp-json\/wp\/v2\/media?parent=156"}],"curies":[{"name":"wp","href":"https:\/\/api.w.org\/{rel}","templated":true}]}}