{"id":154,"date":"2013-02-24T12:20:48","date_gmt":"2013-02-24T12:20:48","guid":{"rendered":"http:\/\/www.ilkaytrade.com.tr\/tr\/?page_id=154"},"modified":"2017-10-30T23:01:26","modified_gmt":"2017-10-30T23:01:26","slug":"lunawood-urun-bilgisi","status":"publish","type":"page","link":"http:\/\/www.ilkaytrade.com.tr\/tr\/urunler\/lunawood\/lunawood-urun-bilgisi\/","title":{"rendered":"Lunawood \u00dcr\u00fcn Bilgisi"},"content":{"rendered":"<h2 align=\"center\">Thermowood\u00ae \u00dcr\u00fcn Bilgisi<\/h2>\n<p>Thermowood\u00ae i\u015flemi 1985 senesinde Fin Lunawood OY Fabrikas\u0131n\u0131n kurucular\u0131 olan Karkainen karde\u015flerin Helsinki \u00dcniversitesi ile ortak geli\u015ftirdikleri gen\u00e7 a\u011fa\u00e7lar\u0131n kullan\u0131labilir hale getirmek i\u00e7in ke\u015ffettikleri bir sistemdir.\u00a0 Thermowood\u00ae y\u00fcksek derecede \u0131s\u0131 (320\u00b0C), su buhar\u0131 ve hava dola\u015f\u0131m h\u0131z\u0131 ile \u0130skandinav b\u00f6lgesi a\u011fa\u00e7lar\u0131na yap\u0131lan termal modifikasyon i\u015flemidir. A\u011fa\u00e7 i\u00e7 \u0131s\u0131s\u0131n\u0131n 185\u00b0C &#8211; 212\u00b0C de, ah\u015fab\u0131n kal\u0131nl\u0131\u011f\u0131na ve ba\u015flang\u0131\u00e7 rutubetine g\u00f6re 48 -144 saat aral\u0131klar\u0131nda yap\u0131lan termal modifikasyon i\u015flemidir. Uygulanan y\u00fcksek \u0131s\u0131 neticesinde sel\u00fcloz zincirleri par\u00e7alan\u0131r, asitler \u00e7\u00f6z\u00fcn\u00fcr, mikroorganizmalar ve ha\u015fereler yok edilir, ah\u015fab\u0131 \u00e7\u00fcr\u00fcten mantarlar\u0131n beslendi\u011fi besi ortam\u0131 ortadan kald\u0131r\u0131l\u0131r. Re\u00e7inenin b\u00fcy\u00fck bir k\u0131sm\u0131 at\u0131l\u0131r kalan miktar\u0131 da kristalize edilerek zarars\u0131z hale getirilir.\u00a0 Bu i\u015flem d\u00fcnyan\u0131n tek 67 metre uzunlu\u011fundaki 7 odal\u0131 \u00f6zel kesintisiz f\u0131r\u0131n\u0131nda yap\u0131lmaktad\u0131r.\u00a0 Thermowood\u00ae i\u015fleminde nem oran\u0131 \u00f6nce s\u0131f\u0131ra indirilerek ah\u015fap modifiye edilir. Kond\u00fcsyonlama safhas\u0131nda ah\u015faba % 4 &#8211; 6 oran\u0131nda nem verilir. \u0130\u00e7 ve d\u0131\u015f nem oranlar\u0131ndaki bu denge ileride olu\u015fabilecek e\u011filme, b\u00fck\u00fclme, \u00e7ekme ve \u00e7al\u0131\u015fma gibi olumsuzluklar\u0131 minimize eder.\u00a0 Thermowood\u00ae yap\u0131lacak a\u011fa\u00e7 malzemenin kereste haline getirilmesi i\u015fleminde \u00f6zenli davran\u0131lmal\u0131d\u0131r. Thermowood\u00ae i\u015flemi uygulanacak kereste kalitesi \u00e7ok \u00f6nemlidir. Farkl\u0131 hammadelerden ede edilmi\u015f ve devaml\u0131l\u0131\u011f\u0131 olmayan \u00fcretimler projelerin gelecekleriye yak\u0131ndan ilgilidir.\u00a0 Hammaddedeki standart 1m2 ile 100m3 aras\u0131nda ayn\u0131 olmal\u0131d\u0131r\u00a0 ki sistemin g\u00fcvenilirli\u011fi y\u00fcksek olsun.\u00a0 Bu nedenledir ki i\u015flemin \u0130skandinav b\u00f6lgesindeki s\u00fcrd\u00fcr\u00fclebilir FSC sertifikal\u0131 ormanlardan elde edilmi\u015f hammadde ile yap\u0131lmas\u0131 \u00e7ok \u00f6nemlidir.\u00a0 Prensipte her a\u011fa\u00e7 t\u00fcr\u00fcne \u0131s\u0131l i\u015flem uygulamas\u0131 yap\u0131labildi\u011fi halde genel olarak ThermoWood\u00ae i\u015flemi uygulad\u0131\u011f\u0131m\u0131z a\u011fa\u00e7 t\u00fcrleri; \u00c7am, Ladin, Di\u015fbudak, Hu\u015f a\u011fa\u00e7lar\u0131d\u0131r. <b>Thermowood\u00ae Is\u0131l i\u015flem parametreleri i\u00e7in uygulanan y\u00f6ntemler, her a\u011fa\u00e7 t\u00fcr\u00fc i\u00e7in ayr\u0131 ayr\u0131 yap\u0131lmaktad\u0131r.<\/b>\u00a0 Keresteler Nordic Cutting\u00ae diye tabir edilen \u00f6z\u00fcne kesim standartlar\u0131na uygun olarak \u015fekillendirilmelidirler.\u00a0 Thermowood\u00ae \u00fcretimimizde kullan\u0131lan makine ve ekipmanlar uluslararas\u0131 ThermoWood\u00ae birli\u011fi taraf\u0131ndan onayl\u0131, en son Fin teknolojisidir. ThermoWood\u00ae \u00fcr\u00fcnlerinin \u00f6zellikle\u00a0 Fin PEFC ve KOMO sertifikalar\u0131n\u0131n olmas\u0131 \u015fartt\u0131r.\u00a0 Bu sertifikalar \u00fcr\u00fcn\u00fcn ve hammadenin standartlar\u0131n\u0131n g\u00f6stergesidir. ThermoWood\u00ae birli\u011fi taraf\u0131ndan belirlenmi\u015f iki s\u0131n\u0131f vard\u0131r.\u00a0 Bunlardan ilki LunaThermo-D (Durability) \u00f6zelikle d\u0131\u015f mekanlar i\u00e7in uygun g\u00f6r\u00fclen iklim dayan\u0131ml\u0131, LunaThermo-S (Stability) ise i\u00e7 mekana y\u00f6nelik daha a\u00e7\u0131k renkli \u00fcr\u00fcnlerdir.<\/p>\n<p><iframe src=\"https:\/\/www.youtube.com\/embed\/rkzG93t27UM\" width=\"560\" height=\"315\" frameborder=\"0\" allowfullscreen=\"allowfullscreen\"><\/iframe><\/p>\n","protected":false},"excerpt":{"rendered":"<p>Thermowood\u00ae \u00dcr\u00fcn Bilgisi Thermowood\u00ae i\u015flemi 1985 senesinde Fin Lunawood OY Fabrikas\u0131n\u0131n kurucular\u0131 olan Karkainen karde\u015flerin Helsinki \u00dcniversitesi ile ortak geli\u015ftirdikleri gen\u00e7 a\u011fa\u00e7lar\u0131n kullan\u0131labilir&#8230;<\/p>\n","protected":false},"author":2,"featured_media":0,"parent":141,"menu_order":0,"comment_status":"open","ping_status":"open","template":"template_fullwidth.php","meta":{"_acf_changed":false,"footnotes":""},"class_list":["post-154","page","type-page","status-publish","hentry"],"acf":[],"_links":{"self":[{"href":"http:\/\/www.ilkaytrade.com.tr\/tr\/wp-json\/wp\/v2\/pages\/154","targetHints":{"allow":["GET"]}}],"collection":[{"href":"http:\/\/www.ilkaytrade.com.tr\/tr\/wp-json\/wp\/v2\/pages"}],"about":[{"href":"http:\/\/www.ilkaytrade.com.tr\/tr\/wp-json\/wp\/v2\/types\/page"}],"author":[{"embeddable":true,"href":"http:\/\/www.ilkaytrade.com.tr\/tr\/wp-json\/wp\/v2\/users\/2"}],"replies":[{"embeddable":true,"href":"http:\/\/www.ilkaytrade.com.tr\/tr\/wp-json\/wp\/v2\/comments?post=154"}],"version-history":[{"count":7,"href":"http:\/\/www.ilkaytrade.com.tr\/tr\/wp-json\/wp\/v2\/pages\/154\/revisions"}],"predecessor-version":[{"id":1032,"href":"http:\/\/www.ilkaytrade.com.tr\/tr\/wp-json\/wp\/v2\/pages\/154\/revisions\/1032"}],"up":[{"embeddable":true,"href":"http:\/\/www.ilkaytrade.com.tr\/tr\/wp-json\/wp\/v2\/pages\/141"}],"wp:attachment":[{"href":"http:\/\/www.ilkaytrade.com.tr\/tr\/wp-json\/wp\/v2\/media?parent=154"}],"curies":[{"name":"wp","href":"https:\/\/api.w.org\/{rel}","templated":true}]}}