{"id":12,"date":"2013-01-27T15:45:01","date_gmt":"2013-01-27T15:45:01","guid":{"rendered":"http:\/\/www.ilkaytrade.com.tr\/tr\/?page_id=12"},"modified":"2014-09-16T19:19:48","modified_gmt":"2014-09-16T19:19:48","slug":"referanslar","status":"publish","type":"page","link":"http:\/\/www.ilkaytrade.com.tr\/tr\/referanslar\/","title":{"rendered":"Referanslar"},"content":{"rendered":"<p><strong>Kemerlife XXI (Mimar Emre Arolat Projesi)<\/strong> \u2013 Lunawood OY fabrikas\u0131ndan  25,000 m2 <\/p>\n<h2>Thermowood<\/h2>\n<p> d\u0131\u015f cephe kaplamas\u0131<\/p>\n<p><strong>Kemerlife XXI (Mimar Emre Arolat Projesi)<\/strong> &#8211; 5,000 m2 \u00c7in\u2019den siyah granit<\/p>\n<p><strong>G\u00fcn in\u015faat\/G\u00f6kt\u00fcrk Kemerburgaz- Istanbul:<\/strong> Lunawood OY fabrikas\u0131ndan Thermowood 2.500 m2 thermowood d\u0131\u015f cephe kaplamas\u0131<\/p>\n<p><strong>Kempinski Hotel\/Bodrum<\/strong> &#8211; 9,000 m2 Burma Tiki havuz kenar\u0131 (deck)<\/p>\n<p><strong>Moskova\/Rusya Fuar Merkezi (Crocus City)<\/strong>&#8211; 27,500m2 \u00c7in Granit karo<\/p>\n<p><strong>Moskova\/Rusya Fuar Merkezi (Crocus City)<\/strong> \u2013 T\u00fcrkiye&#8217;den cam mozaik ihracat\u0131<\/p>\n<p><strong>Sinpa\u015f (Mare Negro\/ Sylibria Projeleri\/ Avangarden\/ Zekeriyak\u00f6y\/ Lag\u00fcn Evleri \/ Bosphorus Projesi T\u00fcm Yal\u0131lar\u0131n d\u0131\u015f cephe kaplamas\u0131)<\/strong> : Lunawood OY fabrikas\u0131ndan Thermowood cephe kaplama, pergola, peysaj ve havuz kenar\u0131 kaplama malzemesi + Tikkurila Ah\u015fap Boyas\u0131<\/p>\n<p><strong>Eurotile Ceramica Eccellente \/\u0130rlanda :<\/strong> \u00a0firmas\u0131na ayl\u0131k porselen seramik sevkiyat\u0131<\/p>\n<p><strong>Revan Pera Restaurant \u2013 Taksim\/ \u0130stanbul<\/strong> Lunawood OY fabrikas\u0131ndan Thermowood yer ve duvar kaplamas\u0131 + Tikkurila Ah\u015fap Boyas\u0131<\/p>\n<p><strong>Silkar Golf Resort \u2013 Serik \/ Antalya<\/strong><b> &#8211; <\/b>Lunawood OY fabrikas\u0131ndan Thermowood duvar kaplamas\u0131, deck, pergola ve t\u00fcm ah\u015fap malzemelerin temini ve i\u015f\u00e7ili\u011fi<\/p>\n<p><strong>Ulus Lotus Projesi \u2013 Ulus \/ \u0130stanbul <\/strong>\u00a0Lunawood OY fabrikas\u0131ndan Thermowood 11,000m2 d\u0131\u015f cephe kaplamas\u0131<\/p>\n<p><strong>Tepe \u0130n\u015faat \u2013 Sports International<\/strong> Ankara,\u0130zmir, \u0130stanbul Havuzlar\u0131 Lunawood d\u0131\u015f mekan ah\u015fap yer kaplamas\u0131 ve dekorasyonu<\/p>\n<p><strong>Bodrum Yat Kl\u00fcb\u00fc &#8211;<\/strong> Lunawood d\u0131\u015f mekan yer kaplamas\u0131 + Tikkurila Ah\u015fap Boyas\u0131<\/p>\n<p><strong>Silivri\u2019de 11 Villa<\/strong> &#8211;\u00a0 Lunawood d\u0131\u015f Mekan cepha kaplama ve pergola + Tikkurila Ah\u015fap Boyas\u0131<\/p>\n<p><strong>K\u0131br\u0131s Ezi\u00e7 Tavuk Restaurant Zinciri<\/strong> \u2013 Lunawood yer kaplamas\u0131 + Tikkurila Ah\u015fap Boyas\u0131<\/p>\n<p><strong>Swissotel Istanbul \u2013<\/strong> Havaland\u0131rma \u00fcnitesi \u00e7evre d\u00fczenlemesi \u2013 Lunawood ah\u015fap \u00fcr\u00fcnleri<\/p>\n<p><strong>Folkart Narl\u0131dere <\/strong>\u00a0&#8211; \u0130zmir Projesi \u2013 Lunawood 3,500 m2 deck kaplama<\/p>\n<p><strong>Maya \u0130n\u015faat <\/strong>&#8211;\u00a0 Bursa AVM &#8211;\u00a0 700 m3 Lunawood D\u0131\u015f Mekan cepha kaplama ve pergola + Food Court t\u00fcm ah\u015fap duvar ve yer kaplamalar\u0131 + Tikkurila Ah\u015fap Boyas\u0131<\/p>\n<p><strong>\u0130dol \u0130n\u015faat<\/strong><b> \u2013 <\/b>Yakla\u015f\u0131k 1000m2<b> <\/b>Lunawood<b> <\/b>\u0130\u00e7 ve d\u0131\u015f mekan cephe + deck kaplama<\/p>\n<p><strong>\u015eans Yap\u0131<\/strong> &#8211;\u00a0 Tarabya Muhtar Cad.\u00a0 &#8211; 600 m2 Lunawood cephe kaplama<\/p>\n<p><strong>Saban Villalar\u0131<\/strong><b> \u2013 \u00c7engelk\u00f6y ve G\u00f6kt\u00fcrk\u00a0 &#8211; <\/b>Lunawood 600 m2 cephe + 400 m2 deck<\/p>\n<p><strong>Seba Evleri Bodrum + \u0130stanbul Tarabya \u2013 Ta\u015f Bina &#8211; <\/strong>Yakla\u015f\u0131k 1000m2<b> <\/b>Lunawood<b> <\/b>d\u0131\u015f mekan cephe + deck kaplama<\/p>\n<p><strong>Makyol \u0130n\u015faat \u2013 Ka\u015f Marina<\/strong> Ah\u015fap \u0130\u015fleri, 82 m2 ah\u015fap pergola, g\u00fcne\u015flik, vs.<\/p>\n<p><strong>Folkart \u0130n\u015faat\/ \u0130zmir \u2013 Mavi\u015fehir Folkart<\/strong><b> &#8211; <\/b>Lunawood<b> <\/b>3000 m2 cephe kaplama<\/p>\n<p><strong>\u00c7erkezk\u00f6y Doluca \u015earap Fabrikas\u0131<\/strong><b> \u2013 <\/b>Lunawood 800 m2 cephe kaplama ve Tikkurila marka UV korumal\u0131 vernik uygulamas\u0131<\/p>\n<p><strong>Maya \u0130n\u015faat \u2013 Ankara Anatolium AVM<\/strong><b> \u2013 <\/b>400 m2 parke + 200 m2 deck<\/p>\n<p><strong>\u0130nanlar \u2013 G\u00fcltepe Avlu\u00a0<\/strong> &#8211; 48 adet Lunawood Ah\u015fap s\u00fcrg\u00fcl\u00fc panjur<b>\u00a0<\/b><\/p>\n<p><strong>\u0130nanlar &#8211; B\u00fcy\u00fckada Terrace Lido<\/strong><b>\u00a0 &#8211; <\/b>175 adet Lunawood Ah\u015fap kayar katlan\u0131r panjur<b> <\/b><\/p>\n<p><strong>T\u00fcrkiye genelinde Koton Ma\u011fazalar\u0131 D\u0131\u015f cephe kaplamalar\u0131<\/strong><\/p>\n<p><strong>Ant Yap\u0131 &#8211; Ant Riva<\/strong><b> \u2013 <\/b>40,200 mt\u00fcl G\u00fcne\u015flik cephe uygulamas\u0131<\/p>\n<p><strong>Ant Yap\u0131 &#8211; Ant Orman \u2013 <\/strong>Tikkurila ah\u015fap koruma<\/p>\n<p><strong>G\u00fcn Yap\u0131 &#8211; Ekin Villalar\u0131 \u2013<\/strong> 700 m2 Lunawood D\u0131\u015f cephe kaplamalar\u0131<\/p>\n<p><strong>S\u00fcreyyapa\u015fa Fuaye Sat\u0131\u015f Ofisi\u00a0<\/strong><\/p>\n<p><strong>Maya \u0130n\u015faat &#8211; Mayavera 3. ve 5. Etap\u00a0<\/strong><\/p>\n<p><strong>Yekyol \u0130n\u015faat &#8211; Yi\u011fit Okullar\u0131\u00a0 &#8211;<\/strong> Lunawood D\u0131\u015f Cephe Kaplama<\/p>\n<p><strong>Antalya Tar\u0131m Hizmet Binas\u0131<\/strong><b> \u2013 <\/b>Lunawood Cephe kaplama<\/p>\n<p><strong>Zafer \u0130n\u015faat &#8211; Bodrum Carian Bay<\/strong><b> \u2013 <\/b>48 Villa Lunawood deck ve pergolalar\u0131 ve Tikkurial ah\u015fap korumalar\u0131<\/p>\n<p><strong>GSC Mimarl\u0131k \u2013 \u00c7e\u015fme Ekin Villar\u0131<\/strong>\u00a0 &#8211; 750 m2 Lunawood cephe kaplama<\/p>\n<p><strong>Reef Port \u2013 Bodrum <\/strong>\u2013 Denpa Yap\u0131 \u2013 1,600 m2 Lunawood Deck + 200 m2 cephe + Tikkurila ah\u015fap koruma<\/p>\n<p><strong>Ankara Duru\u0131rmak Konut Yap\u0131 Kooperatifi<\/strong><b> \u2013 <\/b>1,300 m2 Lunawood cephe + G\u00fcne\u015f Panelleri + Tikkurila ah\u015fap koruma malzemeleri<\/p>\n<p><strong>Koru Florya Projesi Sat\u0131\u015f Ofisi<\/strong><b> \u2013 <\/b>Lunawood cephe ve i\u00e7 mekan dekorasyon<\/p>\n<p><strong>Dia Holding \u2013 Baku Projesi<\/strong><b> \u2013 <\/b>Tikkurila ah\u015fap koruma malzemeleri<\/p>\n<p><strong>Gaziantep Y\u00fcz\u00fck\u00e7\u00fc Han Renovasyon projesi<\/strong><b> &#8211; <\/b>Lunawood malzeme temini<\/p>\n<p><strong>Sinpa\u015f \u2013 Antepia \u00c7ar\u015f\u0131 Ah\u015fap \u0130\u015fleri \/ \u00c7al\u0131\u015fkan \u0130n\u015faat<\/strong><b> \u2013 <\/b>300 m2 Lunawood ah\u015fap malzeme + Tikkurila Ah\u015fap koruma \u00fcr\u00fcnleri + i\u015f\u00e7ilik ve montaj<\/p>\n<p><strong>Ayhas \u0130n\u015faat <strong><strong>\u2013\u00a0<\/strong><\/strong>Ey\u00fcp Belediyesi Nikah Dairesi<\/strong><b> \u2013 <\/b>12,500 m2 Lunawood deck ve cephe kaplama malzeme temini<\/p>\n<p><strong>MBU Evi Bebek Tarihi Eser<\/strong><b> \u2013 <\/b>Lunawood cephe kaplama + Tikkurila Ah\u015fap Koruma + MARVIN 27 adet giyotin pencere ve kap\u0131lar<\/p>\n<p><strong>Panel Ah\u015fap <strong><strong>\u2013<\/strong><\/strong>\u00a0Vahdettin Kona\u011f\u0131<\/strong><b> \u2013 <\/b>TIKKURILA Ah\u015fap Boyas\u0131<\/p>\n<p><strong><strong>G\u00f6kkar \u0130n\u015faat\u00a0\u2013\u00a0<\/strong>Park Kilya Evleri, Kilyos<\/strong><\/p>\n<p><strong>G\u00f6kkar \u0130n\u015faat \u2013 Green Pine Evleri, Maslak Ayaza\u011fa<\/strong><\/p>\n<p><strong>Kane \u0130n\u015faat \u2013 Olaverde Bodrum Residance, Bodrum<\/strong><\/p>\n<p><strong>Ant Yap\u0131 \u2013 Antteras Beylerbeyi<\/strong>\u00a0\u2013 TIKKURILA Ah\u015fap Boyas\u0131<\/p>\n<p><strong>MESA Mesken\u00a0&#8211; MESA \u00c7aml\u0131ca<\/strong><b> \u2013 <\/b>LUNAWOOD Thermowood cephe ve sa\u00e7ak kaplamas\u0131<\/p>\n<p><strong>Maxx Royal Kemer Resort &amp; Spa<\/strong> Ersoy Otelcilik (ETS Turizm) \u2013 Lunawood Thermowood Cephe Sistemi + TIKKURILA Ah\u015fap Koruma \u00dcr\u00fcnleri (27,000m2)<\/p>\n<p>Not: Bayilerimiz kanal\u0131yla sat\u0131\u015f yap\u0131lan projeler bu listede yer almam\u0131\u015ft\u0131r.<\/p>\n","protected":false},"excerpt":{"rendered":"<p>Kemerlife XXI (Mimar Emre Arolat Projesi) \u2013 Lunawood OY fabrikas\u0131ndan 25,000 m2 Thermowood d\u0131\u015f cephe kaplamas\u0131 Kemerlife XXI (Mimar Emre Arolat Projesi) &#8211;&#8230;<\/p>\n","protected":false},"author":2,"featured_media":0,"parent":0,"menu_order":0,"comment_status":"open","ping_status":"open","template":"template_fullwidth.php","meta":{"_acf_changed":false,"footnotes":""},"class_list":["post-12","page","type-page","status-publish","hentry"],"acf":[],"_links":{"self":[{"href":"http:\/\/www.ilkaytrade.com.tr\/tr\/wp-json\/wp\/v2\/pages\/12","targetHints":{"allow":["GET"]}}],"collection":[{"href":"http:\/\/www.ilkaytrade.com.tr\/tr\/wp-json\/wp\/v2\/pages"}],"about":[{"href":"http:\/\/www.ilkaytrade.com.tr\/tr\/wp-json\/wp\/v2\/types\/page"}],"author":[{"embeddable":true,"href":"http:\/\/www.ilkaytrade.com.tr\/tr\/wp-json\/wp\/v2\/users\/2"}],"replies":[{"embeddable":true,"href":"http:\/\/www.ilkaytrade.com.tr\/tr\/wp-json\/wp\/v2\/comments?post=12"}],"version-history":[{"count":10,"href":"http:\/\/www.ilkaytrade.com.tr\/tr\/wp-json\/wp\/v2\/pages\/12\/revisions"}],"predecessor-version":[{"id":848,"href":"http:\/\/www.ilkaytrade.com.tr\/tr\/wp-json\/wp\/v2\/pages\/12\/revisions\/848"}],"wp:attachment":[{"href":"http:\/\/www.ilkaytrade.com.tr\/tr\/wp-json\/wp\/v2\/media?parent=12"}],"curies":[{"name":"wp","href":"https:\/\/api.w.org\/{rel}","templated":true}]}}